{"id":61957,"date":"2023-06-21T22:12:08","date_gmt":"2023-06-21T20:12:08","guid":{"rendered":"https:\/\/dualtron-store.com\/?post_type=product&#038;p=61957"},"modified":"2026-04-23T21:00:17","modified_gmt":"2026-04-23T19:00:17","slug":"controleur-dualtron-city-60v-30ah","status":"publish","type":"product","link":"https:\/\/dualtron-store.com\/index.php\/produit\/controleur-dualtron-city-60v-30ah\/","title":{"rendered":"Controleur Dualtron city 60V 30Ah"},"content":{"rendered":"","protected":false},"excerpt":{"rendered":"<p><strong>Le Contr\u00f4leur Dualtron City 60V 30Ah<\/strong> : La puissance et la fiabilit\u00e9 au service de votre trottinette \u00e9lectrique, pour des trajets fluides et une performance in\u00e9gal\u00e9e.<\/p>\n","protected":false},"featured_media":61958,"comment_status":"open","ping_status":"closed","template":"","meta":{"om_disable_all_campaigns":false,"_mi_skip_tracking":false,"_monsterinsights_sitenote_active":false,"_monsterinsights_sitenote_note":"","_monsterinsights_sitenote_category":0},"product_cat":[345,18,51],"product_tag":[],"aioseo_notices":[],"_links":{"self":[{"href":"https:\/\/dualtron-store.com\/index.php\/wp-json\/wp\/v2\/product\/61957"}],"collection":[{"href":"https:\/\/dualtron-store.com\/index.php\/wp-json\/wp\/v2\/product"}],"about":[{"href":"https:\/\/dualtron-store.com\/index.php\/wp-json\/wp\/v2\/types\/product"}],"replies":[{"embeddable":true,"href":"https:\/\/dualtron-store.com\/index.php\/wp-json\/wp\/v2\/comments?post=61957"}],"wp:featuredmedia":[{"embeddable":true,"href":"https:\/\/dualtron-store.com\/index.php\/wp-json\/wp\/v2\/media\/61958"}],"wp:attachment":[{"href":"https:\/\/dualtron-store.com\/index.php\/wp-json\/wp\/v2\/media?parent=61957"}],"wp:term":[{"taxonomy":"product_cat","embeddable":true,"href":"https:\/\/dualtron-store.com\/index.php\/wp-json\/wp\/v2\/product_cat?post=61957"},{"taxonomy":"product_tag","embeddable":true,"href":"https:\/\/dualtron-store.com\/index.php\/wp-json\/wp\/v2\/product_tag?post=61957"}],"curies":[{"name":"wp","href":"https:\/\/api.w.org\/{rel}","templated":true}]}}