{"id":61952,"date":"2023-06-21T22:05:35","date_gmt":"2023-06-21T20:05:35","guid":{"rendered":"https:\/\/dualtron-store.com\/?post_type=product&#038;p=61952"},"modified":"2024-11-14T16:40:40","modified_gmt":"2024-11-14T15:40:40","slug":"repose-pied-futecher-gun-gun-pro","status":"publish","type":"product","link":"https:\/\/dualtron-store.com\/index.php\/produit\/repose-pied-futecher-gun-gun-pro\/","title":{"rendered":"Repose Pied Futecher Gun \/ Gun Pro"},"content":{"rendered":"","protected":false},"excerpt":{"rendered":"<p>Le repose-pied Futecher Gun \/ Gun Pro am\u00e9liore le confort et la stabilit\u00e9 lors de la conduite de ces mod\u00e8les de trottinettes \u00e9lectriques.<\/p>\n","protected":false},"featured_media":61953,"comment_status":"open","ping_status":"closed","template":"","meta":{"om_disable_all_campaigns":false,"_mi_skip_tracking":false,"_monsterinsights_sitenote_active":false,"_monsterinsights_sitenote_note":"","_monsterinsights_sitenote_category":0},"product_cat":[324,18],"product_tag":[],"aioseo_notices":[],"_links":{"self":[{"href":"https:\/\/dualtron-store.com\/index.php\/wp-json\/wp\/v2\/product\/61952"}],"collection":[{"href":"https:\/\/dualtron-store.com\/index.php\/wp-json\/wp\/v2\/product"}],"about":[{"href":"https:\/\/dualtron-store.com\/index.php\/wp-json\/wp\/v2\/types\/product"}],"replies":[{"embeddable":true,"href":"https:\/\/dualtron-store.com\/index.php\/wp-json\/wp\/v2\/comments?post=61952"}],"wp:featuredmedia":[{"embeddable":true,"href":"https:\/\/dualtron-store.com\/index.php\/wp-json\/wp\/v2\/media\/61953"}],"wp:attachment":[{"href":"https:\/\/dualtron-store.com\/index.php\/wp-json\/wp\/v2\/media?parent=61952"}],"wp:term":[{"taxonomy":"product_cat","embeddable":true,"href":"https:\/\/dualtron-store.com\/index.php\/wp-json\/wp\/v2\/product_cat?post=61952"},{"taxonomy":"product_tag","embeddable":true,"href":"https:\/\/dualtron-store.com\/index.php\/wp-json\/wp\/v2\/product_tag?post=61952"}],"curies":[{"name":"wp","href":"https:\/\/api.w.org\/{rel}","templated":true}]}}