{"id":61941,"date":"2023-06-21T21:54:53","date_gmt":"2023-06-21T19:54:53","guid":{"rendered":"https:\/\/dualtron-store.com\/?post_type=product&#038;p=61941"},"modified":"2025-08-12T18:54:03","modified_gmt":"2025-08-12T16:54:03","slug":"controleur-futecher-gun-48v","status":"publish","type":"product","link":"https:\/\/dualtron-store.com\/index.php\/produit\/controleur-futecher-gun-48v\/","title":{"rendered":"Controleur Futecher Gun 48V"},"content":{"rendered":"","protected":false},"excerpt":{"rendered":"<p><strong>Le contr\u00f4leur Futecher Gun 48V<\/strong> est une pi\u00e8ce centrale pour la trottinette \u00e9lectrique Futecher Gun, assurant la gestion \u00e9lectronique du syst\u00e8me de propulsion. Sp\u00e9cifiquement con\u00e7u pour fonctionner avec une tension de 48V, ce contr\u00f4leur offre des performances fiables et une r\u00e9activit\u00e9 pr\u00e9cise, contribuant \u00e0 une exp\u00e9rience de conduite fluide et dynamique.<\/p>\n","protected":false},"featured_media":61942,"comment_status":"open","ping_status":"closed","template":"","meta":{"om_disable_all_campaigns":false,"_mi_skip_tracking":false,"_monsterinsights_sitenote_active":false,"_monsterinsights_sitenote_note":"","_monsterinsights_sitenote_category":0},"product_cat":[324,18],"product_tag":[],"aioseo_notices":[],"_links":{"self":[{"href":"https:\/\/dualtron-store.com\/index.php\/wp-json\/wp\/v2\/product\/61941"}],"collection":[{"href":"https:\/\/dualtron-store.com\/index.php\/wp-json\/wp\/v2\/product"}],"about":[{"href":"https:\/\/dualtron-store.com\/index.php\/wp-json\/wp\/v2\/types\/product"}],"replies":[{"embeddable":true,"href":"https:\/\/dualtron-store.com\/index.php\/wp-json\/wp\/v2\/comments?post=61941"}],"wp:featuredmedia":[{"embeddable":true,"href":"https:\/\/dualtron-store.com\/index.php\/wp-json\/wp\/v2\/media\/61942"}],"wp:attachment":[{"href":"https:\/\/dualtron-store.com\/index.php\/wp-json\/wp\/v2\/media?parent=61941"}],"wp:term":[{"taxonomy":"product_cat","embeddable":true,"href":"https:\/\/dualtron-store.com\/index.php\/wp-json\/wp\/v2\/product_cat?post=61941"},{"taxonomy":"product_tag","embeddable":true,"href":"https:\/\/dualtron-store.com\/index.php\/wp-json\/wp\/v2\/product_tag?post=61941"}],"curies":[{"name":"wp","href":"https:\/\/api.w.org\/{rel}","templated":true}]}}