{"id":61936,"date":"2023-06-21T21:45:56","date_gmt":"2023-06-21T19:45:56","guid":{"rendered":"https:\/\/dualtron-store.com\/?post_type=product&#038;p=61936"},"modified":"2025-06-03T19:54:51","modified_gmt":"2025-06-03T17:54:51","slug":"controleur-futecher-gun-pro-52v-30ah","status":"publish","type":"product","link":"https:\/\/dualtron-store.com\/index.php\/produit\/controleur-futecher-gun-pro-52v-30ah\/","title":{"rendered":"Controleur Futecher Gun Pro 52V 30ah"},"content":{"rendered":"","protected":false},"excerpt":{"rendered":"<p><strong>Le contr\u00f4leur Futecher Gun Pro 52V 30Ah<\/strong> est une pi\u00e8ce de haute performance con\u00e7ue sp\u00e9cifiquement pour la trottinette \u00e9lectrique Futecher Gun Pro. Cette unit\u00e9 de contr\u00f4le \u00e9lectronique g\u00e8re efficacement le syst\u00e8me de propulsion, offrant une r\u00e9activit\u00e9 pr\u00e9cise et des performances optimales.<\/p>\n","protected":false},"featured_media":61937,"comment_status":"open","ping_status":"closed","template":"","meta":{"om_disable_all_campaigns":false,"_mi_skip_tracking":false,"_monsterinsights_sitenote_active":false,"_monsterinsights_sitenote_note":"","_monsterinsights_sitenote_category":0},"product_cat":[324,18],"product_tag":[],"aioseo_notices":[],"_links":{"self":[{"href":"https:\/\/dualtron-store.com\/index.php\/wp-json\/wp\/v2\/product\/61936"}],"collection":[{"href":"https:\/\/dualtron-store.com\/index.php\/wp-json\/wp\/v2\/product"}],"about":[{"href":"https:\/\/dualtron-store.com\/index.php\/wp-json\/wp\/v2\/types\/product"}],"replies":[{"embeddable":true,"href":"https:\/\/dualtron-store.com\/index.php\/wp-json\/wp\/v2\/comments?post=61936"}],"wp:featuredmedia":[{"embeddable":true,"href":"https:\/\/dualtron-store.com\/index.php\/wp-json\/wp\/v2\/media\/61937"}],"wp:attachment":[{"href":"https:\/\/dualtron-store.com\/index.php\/wp-json\/wp\/v2\/media?parent=61936"}],"wp:term":[{"taxonomy":"product_cat","embeddable":true,"href":"https:\/\/dualtron-store.com\/index.php\/wp-json\/wp\/v2\/product_cat?post=61936"},{"taxonomy":"product_tag","embeddable":true,"href":"https:\/\/dualtron-store.com\/index.php\/wp-json\/wp\/v2\/product_tag?post=61936"}],"curies":[{"name":"wp","href":"https:\/\/api.w.org\/{rel}","templated":true}]}}