{"id":61906,"date":"2023-06-21T18:46:06","date_gmt":"2023-06-21T16:46:06","guid":{"rendered":"https:\/\/dualtron-store.com\/?post_type=product&#038;p=61906"},"modified":"2025-02-12T18:31:22","modified_gmt":"2025-02-12T17:31:22","slug":"antivol-masterlock-a-cable-avec-combinaison-fixe","status":"publish","type":"product","link":"https:\/\/dualtron-store.com\/index.php\/produit\/antivol-masterlock-a-cable-avec-combinaison-fixe\/","title":{"rendered":"Antivol Masterlock \u00e0 C\u00e2ble avec combinaison fixe"},"content":{"rendered":"","protected":false},"excerpt":{"rendered":"<p>C\u00e2ble antivol \u00e0 <strong>combinaison fixe<\/strong> d&#8217;une longueur de 1,2\u00a0m et d&#8217;un diam\u00e8tre de 8\u00a0mm ; assortiment de couleurs<\/p>\n","protected":false},"featured_media":87202,"comment_status":"open","ping_status":"closed","template":"","meta":{"om_disable_all_campaigns":false,"_mi_skip_tracking":false,"_monsterinsights_sitenote_active":false,"_monsterinsights_sitenote_note":"","_monsterinsights_sitenote_category":0},"product_cat":[17],"product_tag":[],"aioseo_notices":[],"_links":{"self":[{"href":"https:\/\/dualtron-store.com\/index.php\/wp-json\/wp\/v2\/product\/61906"}],"collection":[{"href":"https:\/\/dualtron-store.com\/index.php\/wp-json\/wp\/v2\/product"}],"about":[{"href":"https:\/\/dualtron-store.com\/index.php\/wp-json\/wp\/v2\/types\/product"}],"replies":[{"embeddable":true,"href":"https:\/\/dualtron-store.com\/index.php\/wp-json\/wp\/v2\/comments?post=61906"}],"wp:featuredmedia":[{"embeddable":true,"href":"https:\/\/dualtron-store.com\/index.php\/wp-json\/wp\/v2\/media\/87202"}],"wp:attachment":[{"href":"https:\/\/dualtron-store.com\/index.php\/wp-json\/wp\/v2\/media?parent=61906"}],"wp:term":[{"taxonomy":"product_cat","embeddable":true,"href":"https:\/\/dualtron-store.com\/index.php\/wp-json\/wp\/v2\/product_cat?post=61906"},{"taxonomy":"product_tag","embeddable":true,"href":"https:\/\/dualtron-store.com\/index.php\/wp-json\/wp\/v2\/product_tag?post=61906"}],"curies":[{"name":"wp","href":"https:\/\/api.w.org\/{rel}","templated":true}]}}