{"id":61895,"date":"2023-06-21T16:20:16","date_gmt":"2023-06-21T14:20:16","guid":{"rendered":"https:\/\/dualtron-store.com\/?post_type=product&#038;p=61895"},"modified":"2025-11-09T19:24:05","modified_gmt":"2025-11-09T18:24:05","slug":"cadenas-antivol-masterlock-a-cle-v2","status":"publish","type":"product","link":"https:\/\/dualtron-store.com\/index.php\/produit\/cadenas-antivol-masterlock-a-cle-v2\/","title":{"rendered":"Antivol Masterlock \u00e0 cl\u00e9 V2"},"content":{"rendered":"","protected":false},"excerpt":{"rendered":"<p>C\u00e2ble <strong>antivol \u00e0 cl\u00e9<\/strong> d&#8217;une longueur de 1,8 m et x 10 mm de diam\u00e8tre ; noir<\/p>\n","protected":false},"featured_media":92589,"comment_status":"open","ping_status":"closed","template":"","meta":{"om_disable_all_campaigns":false,"_mi_skip_tracking":false,"_monsterinsights_sitenote_active":false,"_monsterinsights_sitenote_note":"","_monsterinsights_sitenote_category":0},"product_cat":[17],"product_tag":[],"aioseo_notices":[],"_links":{"self":[{"href":"https:\/\/dualtron-store.com\/index.php\/wp-json\/wp\/v2\/product\/61895"}],"collection":[{"href":"https:\/\/dualtron-store.com\/index.php\/wp-json\/wp\/v2\/product"}],"about":[{"href":"https:\/\/dualtron-store.com\/index.php\/wp-json\/wp\/v2\/types\/product"}],"replies":[{"embeddable":true,"href":"https:\/\/dualtron-store.com\/index.php\/wp-json\/wp\/v2\/comments?post=61895"}],"wp:featuredmedia":[{"embeddable":true,"href":"https:\/\/dualtron-store.com\/index.php\/wp-json\/wp\/v2\/media\/92589"}],"wp:attachment":[{"href":"https:\/\/dualtron-store.com\/index.php\/wp-json\/wp\/v2\/media?parent=61895"}],"wp:term":[{"taxonomy":"product_cat","embeddable":true,"href":"https:\/\/dualtron-store.com\/index.php\/wp-json\/wp\/v2\/product_cat?post=61895"},{"taxonomy":"product_tag","embeddable":true,"href":"https:\/\/dualtron-store.com\/index.php\/wp-json\/wp\/v2\/product_tag?post=61895"}],"curies":[{"name":"wp","href":"https:\/\/api.w.org\/{rel}","templated":true}]}}