{"id":61837,"date":"2023-06-20T22:32:57","date_gmt":"2023-06-20T20:32:57","guid":{"rendered":"https:\/\/dualtron-store.com\/?post_type=product&#038;p=61837"},"modified":"2026-03-15T10:14:22","modified_gmt":"2026-03-15T09:14:22","slug":"interrupteur-lumiere-dualtron-achilleus-victor","status":"publish","type":"product","link":"https:\/\/dualtron-store.com\/index.php\/produit\/interrupteur-lumiere-dualtron-achilleus-victor\/","title":{"rendered":"Interrupteur lumiere Dualtron Achilleus \/ Victor"},"content":{"rendered":"","protected":false},"excerpt":{"rendered":"<p>L&#8217;interrupteur lumi\u00e8re Dualtron Achilleus \/ Victor est une pi\u00e8ce de rechange essentielle pour contr\u00f4ler l&#8217;\u00e9clairage de votre trottinette \u00e9lectrique.<\/p>\n","protected":false},"featured_media":61840,"comment_status":"open","ping_status":"closed","template":"","meta":{"om_disable_all_campaigns":false,"_mi_skip_tracking":false,"_monsterinsights_sitenote_active":false,"_monsterinsights_sitenote_note":"","_monsterinsights_sitenote_category":0},"product_cat":[526,18,51],"product_tag":[],"aioseo_notices":[],"_links":{"self":[{"href":"https:\/\/dualtron-store.com\/index.php\/wp-json\/wp\/v2\/product\/61837"}],"collection":[{"href":"https:\/\/dualtron-store.com\/index.php\/wp-json\/wp\/v2\/product"}],"about":[{"href":"https:\/\/dualtron-store.com\/index.php\/wp-json\/wp\/v2\/types\/product"}],"replies":[{"embeddable":true,"href":"https:\/\/dualtron-store.com\/index.php\/wp-json\/wp\/v2\/comments?post=61837"}],"wp:featuredmedia":[{"embeddable":true,"href":"https:\/\/dualtron-store.com\/index.php\/wp-json\/wp\/v2\/media\/61840"}],"wp:attachment":[{"href":"https:\/\/dualtron-store.com\/index.php\/wp-json\/wp\/v2\/media?parent=61837"}],"wp:term":[{"taxonomy":"product_cat","embeddable":true,"href":"https:\/\/dualtron-store.com\/index.php\/wp-json\/wp\/v2\/product_cat?post=61837"},{"taxonomy":"product_tag","embeddable":true,"href":"https:\/\/dualtron-store.com\/index.php\/wp-json\/wp\/v2\/product_tag?post=61837"}],"curies":[{"name":"wp","href":"https:\/\/api.w.org\/{rel}","templated":true}]}}