{"id":61547,"date":"2023-06-16T02:44:58","date_gmt":"2023-06-16T00:44:58","guid":{"rendered":"https:\/\/dualtron-store.com\/?post_type=product&#038;p=61547"},"modified":"2025-05-11T15:28:56","modified_gmt":"2025-05-11T13:28:56","slug":"moteur-dualtron-city","status":"publish","type":"product","link":"https:\/\/dualtron-store.com\/index.php\/produit\/moteur-dualtron-city\/","title":{"rendered":"Moteur Dualtron City"},"content":{"rendered":"","protected":false},"excerpt":{"rendered":"<p><strong>Le Moteur Dualtron City<\/strong> : L&#8217;\u00e2me puissante de votre trottinette \u00e9lectrique, offrant une acc\u00e9l\u00e9ration rapide et une vitesse impressionnante pour des d\u00e9placements urbains sans compromis.<\/p>\n","protected":false},"featured_media":61548,"comment_status":"open","ping_status":"closed","template":"","meta":{"om_disable_all_campaigns":false,"_mi_skip_tracking":false,"_monsterinsights_sitenote_active":false,"_monsterinsights_sitenote_note":"","_monsterinsights_sitenote_category":0},"product_cat":[345,18,51],"product_tag":[],"aioseo_notices":[],"_links":{"self":[{"href":"https:\/\/dualtron-store.com\/index.php\/wp-json\/wp\/v2\/product\/61547"}],"collection":[{"href":"https:\/\/dualtron-store.com\/index.php\/wp-json\/wp\/v2\/product"}],"about":[{"href":"https:\/\/dualtron-store.com\/index.php\/wp-json\/wp\/v2\/types\/product"}],"replies":[{"embeddable":true,"href":"https:\/\/dualtron-store.com\/index.php\/wp-json\/wp\/v2\/comments?post=61547"}],"wp:featuredmedia":[{"embeddable":true,"href":"https:\/\/dualtron-store.com\/index.php\/wp-json\/wp\/v2\/media\/61548"}],"wp:attachment":[{"href":"https:\/\/dualtron-store.com\/index.php\/wp-json\/wp\/v2\/media?parent=61547"}],"wp:term":[{"taxonomy":"product_cat","embeddable":true,"href":"https:\/\/dualtron-store.com\/index.php\/wp-json\/wp\/v2\/product_cat?post=61547"},{"taxonomy":"product_tag","embeddable":true,"href":"https:\/\/dualtron-store.com\/index.php\/wp-json\/wp\/v2\/product_tag?post=61547"}],"curies":[{"name":"wp","href":"https:\/\/api.w.org\/{rel}","templated":true}]}}