{"id":60465,"date":"2023-05-26T15:15:51","date_gmt":"2023-05-26T13:15:51","guid":{"rendered":"https:\/\/dualtron-store.com\/?post_type=product&#038;p=60465"},"modified":"2026-04-07T20:12:12","modified_gmt":"2026-04-07T18:12:12","slug":"pneu-dualtron-city","status":"publish","type":"product","link":"https:\/\/dualtron-store.com\/index.php\/produit\/pneu-dualtron-city\/","title":{"rendered":"Pneu Dualtron City"},"content":{"rendered":"<p><strong>Un Pneu CST pour Dualtron City !<\/strong><\/p>\n<p>Une crevaison ? Un pneu us\u00e9 ? Et vous cherchez \u00e0 remplacer le pneu de votre Dualtron City ? Ne cherchez plus. Ce pneu CST sp\u00e9cifiquement con\u00e7u pour la Dualtron City est le choix parfait pour vous. Il est fabriqu\u00e9 par CST, une marque de renomm\u00e9e mondiale reconnue pour ses pneus de haute performance pour trottinettes \u00e9lectriques et v\u00e9hicules \u00e0 moteur thermique\u200b.<\/p>\n<p><strong>Adh\u00e9rence et durabilit\u00e9 exceptionnelles<\/strong><\/p>\n<p>Fabriqu\u00e9 en nylon robuste, ce pneu offre une excellente adh\u00e9rence sur tous les types de surfaces et une r\u00e9sistance remarquable \u00e0 l&#8217;usure. Que vous conduisiez sur une route s\u00e8che ou mouill\u00e9e, ce pneu assure une conduite s\u00fbre et confortable\u200b.<\/p>\n<p><strong>Installation facile<\/strong><\/p>\n<p>L&#8217;installation est un jeu d&#8217;enfant. M\u00eame si cela peut prendre un peu de temps, le processus est simple : retirez le pneu us\u00e9, installez le nouveau, et resserrez les pi\u00e8ces. Vous serez pr\u00eat \u00e0 reprendre la route en un rien de temps\u200b<\/p>\n<p><strong>Compatibilit\u00e9 universelle<\/strong><\/p>\n<p>Avec des dimensions de 2.5-10 (15 pouces) et un poids de 1 kg, ce pneu est compatible avec la Dualtron City.<\/p>\n<p><strong>Conduisez en toute confiance<\/strong><\/p>\n<p>Ne laissez pas un pneu us\u00e9 compromettre votre s\u00e9curit\u00e9. Remplacez-le par notre pneu CST pour Dualtron City et red\u00e9couvrez le plaisir de conduire votre trottinette avec confiance et tranquillit\u00e9 d&#8217;esprit.<\/p>\n<p><strong>Pour une conduite meilleure et plus s\u00fbre, choisissez le pneu CST pour Dualtron City. Commandez le v\u00f4tre d\u00e8s aujourd&#8217;hui!<br \/>\n<\/strong><\/p>\n","protected":false},"excerpt":{"rendered":"<p>Un Pneu CST pour Dualtron City ! Une crevaison ? Un pneu us\u00e9 ? Et vous cherchez \u00e0 remplacer le pneu de votre Dualtron City ? Ne cherchez plus. Ce pneu CST sp\u00e9cifiquement con\u00e7u pour la Dualtron City est le choix parfait pour vous. Il est fabriqu\u00e9 par CST, une marque de renomm\u00e9e mondiale reconnue [&hellip;]<\/p>\n","protected":false},"featured_media":77039,"comment_status":"open","ping_status":"closed","template":"","meta":{"om_disable_all_campaigns":false,"_mi_skip_tracking":false,"_monsterinsights_sitenote_active":false,"_monsterinsights_sitenote_note":"","_monsterinsights_sitenote_category":0},"product_cat":[345,18,51],"product_tag":[],"aioseo_notices":[],"_links":{"self":[{"href":"https:\/\/dualtron-store.com\/index.php\/wp-json\/wp\/v2\/product\/60465"}],"collection":[{"href":"https:\/\/dualtron-store.com\/index.php\/wp-json\/wp\/v2\/product"}],"about":[{"href":"https:\/\/dualtron-store.com\/index.php\/wp-json\/wp\/v2\/types\/product"}],"replies":[{"embeddable":true,"href":"https:\/\/dualtron-store.com\/index.php\/wp-json\/wp\/v2\/comments?post=60465"}],"wp:featuredmedia":[{"embeddable":true,"href":"https:\/\/dualtron-store.com\/index.php\/wp-json\/wp\/v2\/media\/77039"}],"wp:attachment":[{"href":"https:\/\/dualtron-store.com\/index.php\/wp-json\/wp\/v2\/media?parent=60465"}],"wp:term":[{"taxonomy":"product_cat","embeddable":true,"href":"https:\/\/dualtron-store.com\/index.php\/wp-json\/wp\/v2\/product_cat?post=60465"},{"taxonomy":"product_tag","embeddable":true,"href":"https:\/\/dualtron-store.com\/index.php\/wp-json\/wp\/v2\/product_tag?post=60465"}],"curies":[{"name":"wp","href":"https:\/\/api.w.org\/{rel}","templated":true}]}}