{"id":59413,"date":"2023-04-29T02:59:10","date_gmt":"2023-04-29T00:59:10","guid":{"rendered":"https:\/\/dualtron-store.com\/?post_type=product&#038;p=59413"},"modified":"2026-04-20T22:58:19","modified_gmt":"2026-04-20T20:58:19","slug":"dualtron-popular","status":"publish","type":"product","link":"https:\/\/dualtron-store.com\/index.php\/produit\/dualtron-popular\/","title":{"rendered":"Dualtron POP ( Popular )"},"content":{"rendered":"<h2><\/h2>\n<h2><strong>La Dualtron Pop ( popular) : La trottinette \u00e9lectrique urbaine par\u00a0excellence<\/strong><\/h2>\n<p>La <strong>Dualtron Pop<\/strong>, derni\u00e8re merveille de l&#8217;ann\u00e9e 2023, tr\u00f4ne majestueusement au sommet de la gamme des trottinettes \u00e9lectriques urbaines. Elle est tout simplement exceptionnelle, \u00e9tanche avec une certification IPX5, son ch\u00e2ssis est d&#8217;une robustesse in\u00e9gal\u00e9e, sa batterie est tout bonnement immense et d&#8217;une puissance ph\u00e9nom\u00e9nale. La <strong>Dualtron Pop<\/strong> surpasse toutes les attentes en mati\u00e8re de mobilit\u00e9 quotidienne.<\/p>\n<p><iframe loading=\"lazy\" title=\"Dualtron Pop Une Bi Motors Dualtron A Prix Raisonnable ?\" width=\"1140\" height=\"641\" src=\"https:\/\/www.youtube.com\/embed\/3CQOYVTP7nE?feature=oembed\" frameborder=\"0\" allow=\"accelerometer; autoplay; clipboard-write; encrypted-media; gyroscope; picture-in-picture; web-share\" referrerpolicy=\"strict-origin-when-cross-origin\" allowfullscreen><\/iframe><\/p>\n<p><strong>Merci kramtoo pour la pr\u00e9sentation !!!\u00a0<\/strong><\/p>\n<p>&nbsp;<\/p>\n<p><iframe loading=\"lazy\" title=\"Dualtron POP - trottinette \u00e9lectrique\" width=\"1140\" height=\"641\" src=\"https:\/\/www.youtube.com\/embed\/ujMg22PUCLo?feature=oembed\" frameborder=\"0\" allow=\"accelerometer; autoplay; clipboard-write; encrypted-media; gyroscope; picture-in-picture; web-share\" referrerpolicy=\"strict-origin-when-cross-origin\" allowfullscreen><\/iframe><\/p>\n<p><iframe loading=\"lazy\" title=\"Custom accessoires Dualtron POP - Trottinette \u00e9lectrique\" width=\"1140\" height=\"641\" src=\"https:\/\/www.youtube.com\/embed\/ZDWshBx5gS0?feature=oembed\" frameborder=\"0\" allow=\"accelerometer; autoplay; clipboard-write; encrypted-media; gyroscope; picture-in-picture; web-share\" referrerpolicy=\"strict-origin-when-cross-origin\" allowfullscreen><\/iframe><\/p>\n<p>&nbsp;<\/p>\n<p>&nbsp;<\/p>\n<h2><strong>Disponible en 5 versions<\/strong><\/h2>\n<p>La <strong>Dualtron Pop\u00a0<\/strong>est propos\u00e9e avec 3 types de batterie 52V et une motorisation simple moteur ou double moteur :<\/p>\n<p>&#8211; monomoteur : 14 AH cellules 18650, 20 AH cellules 21700, 25 AH cellules \u00a0LG 21700<br \/>\n&#8211; bimoteur : 20 AH cellules 21700, 25 AH cellules \u00a0LG 21700,<\/p>\n<p>&nbsp;<\/p>\n<h2><strong>Variante pneu plein arri\u00e8re<\/strong><\/h2>\n<p>Quelque soit le choix de votre version, <strong>Dualtron Store<\/strong> vous propose une d\u00e9clinaison avec un pneu plein arri\u00e8re pour 50 euros suppl\u00e9mentaires. Termin\u00e9 donc les crevaisons arri\u00e8res avec ce pneu plein !<\/p>\n<p>&nbsp;<\/p>\n<h2><strong>Les atouts de la Dualtron Pop<\/strong><\/h2>\n<p>Cette toute nouvelle Dualtron Popular arbore un \u00c9cran TFT couleur EY2 d&#8217;une qualit\u00e9 exceptionnelle et une connectivit\u00e9 Bluetooth de pointe pour un contr\u00f4le absolu depuis votre smartphone.<\/p>\n<p>Elle \u00e9blouit avec des autonomies remarquablement \u00e9tendues gr\u00e2ce \u00e0 ses trois options de batterie. La batterie se retire avec une facilit\u00e9 sans \u00e9gale, rendant la maintenance un jeu d&#8217;enfant.<\/p>\n<p>En ce qui concerne l&#8217;\u00e9clairage, elle brille de mille feux avec ses deux phares avant de 3 watts d&#8217;une luminosit\u00e9 in\u00e9gal\u00e9e. Elle est \u00e9galement \u00e9quip\u00e9e de clignotants avant et arri\u00e8re, ainsi que d&#8217;un Klaxon \u00e9lectronique de qualit\u00e9 sup\u00e9rieure.<\/p>\n<p>Le confort offert par la Dualtron Pop est tout simplement somptueux. Elle est munie d&#8217;une double suspension avant et arri\u00e8re d&#8217;une douceur in\u00e9gal\u00e9e.<\/p>\n<p>Ses performances ne sont rien de moins qu&#8217;extraordinaires, avec une puissance ph\u00e9nom\u00e9nale de 1450 WATTS pour la version mono-moteur et une incroyable puissance de 2900 WATTS pour la version bi-moteur, vous permettant d&#8217;atteindre une vitesse vertigineuse de 60 km\/h.<\/p>\n<p>De plus, ses pneus extra-larges de 9 pouces vous garantissent un confort optimal, le summum de la conduite en tout terrain.<\/p>\n<p>&nbsp;<\/p>\n<h2><strong>Photos de la Dualtron Pop<\/strong><\/h2>\n<p>&nbsp;<\/p>\n<p><a href=\"https:\/\/dualtron-store.com\/wp-content\/uploads\/2023\/04\/Dualtron-popular-1.png\"><img loading=\"lazy\" class=\"alignnone wp-image-59418\" src=\"https:\/\/dualtron-store.com\/wp-content\/uploads\/2023\/04\/Dualtron-popular-1-300x277.png\" alt=\"\" width=\"321\" height=\"296\" \/><\/a><\/p>\n<p>&nbsp;<\/p>\n<p>&nbsp;<\/p>\n<p><a href=\"https:\/\/dualtron-store.com\/wp-content\/uploads\/2023\/04\/Dualtron-popular-2.png\"><img loading=\"lazy\" class=\"alignnone wp-image-59419\" src=\"https:\/\/dualtron-store.com\/wp-content\/uploads\/2023\/04\/Dualtron-popular-2-274x300.png\" alt=\"\" width=\"320\" height=\"350\" \/><\/a><\/p>\n<p>&nbsp;<\/p>\n<p><a href=\"https:\/\/dualtron-store.com\/wp-content\/uploads\/2023\/04\/Dualtron-popular-3.png\"><img loading=\"lazy\" class=\"alignnone wp-image-59420\" src=\"https:\/\/dualtron-store.com\/wp-content\/uploads\/2023\/04\/Dualtron-popular-3-300x290.png\" alt=\"\" width=\"320\" height=\"309\" \/><\/a><\/p>\n<p>&nbsp;<\/p>\n<p><a href=\"https:\/\/dualtron-store.com\/wp-content\/uploads\/2023\/04\/Dualtron-popular-4.png\"><img loading=\"lazy\" class=\"alignnone wp-image-59421\" src=\"https:\/\/dualtron-store.com\/wp-content\/uploads\/2023\/04\/Dualtron-popular-4-300x288.png\" alt=\"\" width=\"320\" height=\"307\" \/><\/a><\/p>\n<p>&nbsp;<\/p>\n<h2><strong>Fiche technique<\/strong><\/h2>\n<p><strong>Batterie\u00a0:<\/strong>\u00a014 ah ( pour parcourir plus de 25 km), 20 ah (pour parcourir 40 km ) ou 25 ah ( pour parcourir plus de 50 km)<\/p>\n<p><strong>Puissance \u00a0:<\/strong> 1450 W pour la mono moteur et 2900 W pour la bi moteur<\/p>\n<p><strong>Freinage\u00a0:<\/strong> \u00a0Freins \u00e0 tambour avant et arri\u00e8re<\/p>\n<p><strong>Vitesse max\u00a0:<\/strong>\u00a025 km\/h &#8211; 60 km\/h sur voie priv\u00e9e pour version bimoteur et 45 km\/h sur voie priv\u00e9e pour version monomoteur<\/p>\n<p><strong>Pneus :<\/strong> 9 pouces \u2013 70\/50 &#8211; 6.1<\/p>\n<p><strong>Suspensions\u00a0:<\/strong>\u00a0avant et arri\u00e8re &#8211; Dual suspension<\/p>\n<p><strong>Dispositif d\u2019\u00e9clairage :<\/strong> Feux led avant et arri\u00e8re<\/p>\n<p><strong>Dimensions trottinette pli\u00e9e :<\/strong> 1227 mm \/ 205 mm \/ 523 mm<\/p>\n<p><strong>Dimensions trottinette d\u00e9pli\u00e9e :<\/strong> 1200 mm \/ 634 mm \/ 1216 mm<\/p>\n<p>&nbsp;<\/p>\n<h2><strong>Pourquoi acheter la Dualtron Pop chez DUALTRON Store ?<\/strong><\/h2>\n<p><strong>DUALTRON Store, boutique\u00a0officielle de la marque,<\/strong>\u00a0dispose \u00e0 son catalogue de l&#8217;ensemble des trottinettes \u00e9lectriques du fabricant Minimotors. Les gammes disponibles sont celles-ci : Dualtron, Teverun, Speedway, Rovoron. \u00a0Dualtron Store vous offre un service haut de gamme.<\/p>\n<p>Nous nous attachons \u00e0 pr\u00e9parer chaque trottinette avant remise au client. Avant livraison, la <strong>Dualtron Pop\u00a0<\/strong>sera v\u00e9rifi\u00e9e et r\u00e9gl\u00e9e en atelier suivant vos attentes (bridage ou pas, r\u00e9glage du niveau de puissance, mise en place du pneu plein arri\u00e8re, montage d&#8217;accessoires, \u00a0&#8230;).<\/p>\n<p>Nous sommes \u00e0 disposition au <strong>07 61 87 64 04<\/strong>\u00a0pour aider dans votre choix et\/ou r\u00e9pondre \u00e0 vos questions.<\/p>\n","protected":false},"excerpt":{"rendered":"<p><img loading=\"lazy\" class=\"alignnone wp-image-614\" src=\"https:\/\/dualtron-store.com\/wp-content\/uploads\/2018\/06\/dulatron.png\" alt=\"\" width=\"246\" height=\"52\" \/><\/p>\n<p><strong>La\u00a0Dualtron Pop est une nouveaut\u00e9 2023 qui se positionne dans le segment des trottinettes\u00a0\u00e9lectriques urbaines. Disposant d&#8217;un\u00a0niveau d&#8217;\u00e9tanch\u00e9it\u00e9 IPX5, d&#8217;un\u00a0ch\u00e2ssis robuste et d&#8217;une puissance largement\u00a0suffisante au\u00a0quotidien, La dualtron Pop s&#8217;annonce comme un best\u00a0seller dans sa gamme.<\/strong><\/p>\n<p><span style=\"color: #800080\"><strong>Dualtron Store vous propose une version pneu plein arri\u00e8re pour 50 euros suppl\u00e9mentaires ( s\u00e9lectionnez la version pneu plein arri\u00e8re dans le configurateur).<\/strong><\/span><\/p>\n<p><strong><span style=\"color: #333399\">Possibilit\u00e9 de paiement en 2X, 3X, 4X par Carte Bancaire sans frais ou en 10X \u00e0 48 X.<\/span><\/strong><\/p>\n<p><strong><span style=\"color: #000000\">N&#8217;h\u00e9sitez pas \u00e0 nous contactez au 07 61 87 64 04.<\/span><\/strong><\/p>\n<div class=\"description woocommerce-product-details__short-description\">\n<p><span style=\"color: #0000ff\"><strong>En stock . B\u00e9n\u00e9ficiez de 5% de remise suppl\u00e9mentaire avec le code : 2026<\/strong><\/span><\/p>\n<\/div>\n","protected":false},"featured_media":59416,"comment_status":"open","ping_status":"closed","template":"","meta":{"om_disable_all_campaigns":false,"_mi_skip_tracking":false,"_monsterinsights_sitenote_active":false,"_monsterinsights_sitenote_note":"","_monsterinsights_sitenote_category":0},"product_cat":[20,38],"product_tag":[],"aioseo_notices":[],"_links":{"self":[{"href":"https:\/\/dualtron-store.com\/index.php\/wp-json\/wp\/v2\/product\/59413"}],"collection":[{"href":"https:\/\/dualtron-store.com\/index.php\/wp-json\/wp\/v2\/product"}],"about":[{"href":"https:\/\/dualtron-store.com\/index.php\/wp-json\/wp\/v2\/types\/product"}],"replies":[{"embeddable":true,"href":"https:\/\/dualtron-store.com\/index.php\/wp-json\/wp\/v2\/comments?post=59413"}],"wp:featuredmedia":[{"embeddable":true,"href":"https:\/\/dualtron-store.com\/index.php\/wp-json\/wp\/v2\/media\/59416"}],"wp:attachment":[{"href":"https:\/\/dualtron-store.com\/index.php\/wp-json\/wp\/v2\/media?parent=59413"}],"wp:term":[{"taxonomy":"product_cat","embeddable":true,"href":"https:\/\/dualtron-store.com\/index.php\/wp-json\/wp\/v2\/product_cat?post=59413"},{"taxonomy":"product_tag","embeddable":true,"href":"https:\/\/dualtron-store.com\/index.php\/wp-json\/wp\/v2\/product_tag?post=59413"}],"curies":[{"name":"wp","href":"https:\/\/api.w.org\/{rel}","templated":true}]}}