{"id":58908,"date":"2023-04-13T15:11:21","date_gmt":"2023-04-13T13:11:21","guid":{"rendered":"https:\/\/dualtron-store.com\/?post_type=product&#038;p=58908"},"modified":"2024-04-16T20:38:44","modified_gmt":"2024-04-16T18:38:44","slug":"garde-boue-v2-carbonrevo-dualtron","status":"publish","type":"product","link":"https:\/\/dualtron-store.com\/index.php\/produit\/garde-boue-v2-carbonrevo-dualtron\/","title":{"rendered":"Garde-Boue V2 CarbonRevo Dualtron"},"content":{"rendered":"<h2>Caract\u00e9ristiques Du Garde-Boue CarbonRevo :<\/h2>\n<ul>\n<li>Fabriqu\u00e9 en fibre de carbone int\u00e9grale<\/li>\n<li>Disponible en finition brillante<\/li>\n<li>P\u00e8se moins de <strong>70g<\/strong><\/li>\n<li>Compatible avec :\n<ul>\n<li>Thunder 1 \/ 2<\/li>\n<li>DT3<\/li>\n<li>Achilleus<\/li>\n<\/ul>\n<\/li>\n<\/ul>\n<h2><a href=\"https:\/\/dualtron-store.com\/wp-content\/uploads\/2023\/04\/Carbon-Fibre-Front-Mudguard-for-Thunder-DT3-Victor.webp\"><img loading=\"lazy\" class=\"alignnone size-medium wp-image-58912\" src=\"https:\/\/dualtron-store.com\/wp-content\/uploads\/2023\/04\/Carbon-Fibre-Front-Mudguard-for-Thunder-DT3-Victor-300x225.webp\" alt=\"\" width=\"300\" height=\"225\" \/><\/a><\/h2>\n<h2>Garde-boue en fibre de carbone pour Dualtron 3, Thunder 1&amp;2, Achilleus<\/h2>\n<p>Rendez votre trottinette unique avec Carbonrevo et Dualtron-Store ! Optez pour des pi\u00e8ces de haute qualit\u00e9 au design moderne, puis nous les emballerons avec soin.<\/p>\n<p>Les produits sont exp\u00e9di\u00e9s sous<strong> 24\/48h avec Chronopost.<\/strong><br \/>\nSi vous avez des questions n&#8217;h\u00e9sitez pas \u00e0 nous contacter par t\u00e9l\u00e9phone : <strong>06 95 90 31 91<\/strong><\/p>\n<p>&nbsp;<\/p>\n","protected":false},"excerpt":{"rendered":"<p>Caract\u00e9ristiques Du Garde-Boue CarbonRevo : Fabriqu\u00e9 en fibre de carbone int\u00e9grale Disponible en finition brillante P\u00e8se moins de 70g Compatible avec : Thunder 1 \/ 2 DT3 Achilleus Garde-boue en fibre de carbone pour Dualtron 3, Thunder 1&amp;2, Achilleus Rendez votre trottinette unique avec Carbonrevo et Dualtron-Store ! Optez pour des pi\u00e8ces de haute qualit\u00e9 [&hellip;]<\/p>\n","protected":false},"featured_media":0,"comment_status":"open","ping_status":"closed","template":"","meta":{"om_disable_all_campaigns":false,"_mi_skip_tracking":false,"_monsterinsights_sitenote_active":false,"_monsterinsights_sitenote_note":"","_monsterinsights_sitenote_category":0},"product_cat":[348,274,18,51],"product_tag":[],"aioseo_notices":[],"_links":{"self":[{"href":"https:\/\/dualtron-store.com\/index.php\/wp-json\/wp\/v2\/product\/58908"}],"collection":[{"href":"https:\/\/dualtron-store.com\/index.php\/wp-json\/wp\/v2\/product"}],"about":[{"href":"https:\/\/dualtron-store.com\/index.php\/wp-json\/wp\/v2\/types\/product"}],"replies":[{"embeddable":true,"href":"https:\/\/dualtron-store.com\/index.php\/wp-json\/wp\/v2\/comments?post=58908"}],"wp:attachment":[{"href":"https:\/\/dualtron-store.com\/index.php\/wp-json\/wp\/v2\/media?parent=58908"}],"wp:term":[{"taxonomy":"product_cat","embeddable":true,"href":"https:\/\/dualtron-store.com\/index.php\/wp-json\/wp\/v2\/product_cat?post=58908"},{"taxonomy":"product_tag","embeddable":true,"href":"https:\/\/dualtron-store.com\/index.php\/wp-json\/wp\/v2\/product_tag?post=58908"}],"curies":[{"name":"wp","href":"https:\/\/api.w.org\/{rel}","templated":true}]}}