{"id":58174,"date":"2023-03-25T15:54:48","date_gmt":"2023-03-25T14:54:48","guid":{"rendered":"https:\/\/dualtron-store.com\/?post_type=product&#038;p=58174"},"modified":"2025-01-30T15:57:56","modified_gmt":"2025-01-30T14:57:56","slug":"roue-avant-dualtron-mini","status":"publish","type":"product","link":"https:\/\/dualtron-store.com\/index.php\/produit\/roue-avant-dualtron-mini\/","title":{"rendered":"Roue avant Dualtron mini"},"content":{"rendered":"<p>v<\/p>\n","protected":false},"excerpt":{"rendered":"<p><strong>Roue avant en aluminium avec pneu d&#8217;origine pour Dualtron Mini<\/strong><\/p>\n<p>Cette roue avant comprend :<br \/>\n&#8211; La jante en aluminum avec les roulements,<br \/>\n&#8211; la chambre air<br \/>\n&#8211; le pneu d&#8217;origine Minimotors.<\/p>\n<p>Le tout \u00e9tant mont\u00e9, cela permet en cas de difficult\u00e9 de r\u00e9paration de crevaison d&#8217;avoir la roue compl\u00e8te pour faciliter le changement par vous m\u00eame et d&#8217;\u00e9conomiser de la main d&#8217;oeuvre en cas de r\u00e9paration de crevaison en boutique.<\/p>\n","protected":false},"featured_media":86690,"comment_status":"open","ping_status":"closed","template":"","meta":{"om_disable_all_campaigns":false,"_mi_skip_tracking":false,"_monsterinsights_sitenote_active":false,"_monsterinsights_sitenote_note":"","_monsterinsights_sitenote_category":0},"product_cat":[287,18,51],"product_tag":[],"aioseo_notices":[],"_links":{"self":[{"href":"https:\/\/dualtron-store.com\/index.php\/wp-json\/wp\/v2\/product\/58174"}],"collection":[{"href":"https:\/\/dualtron-store.com\/index.php\/wp-json\/wp\/v2\/product"}],"about":[{"href":"https:\/\/dualtron-store.com\/index.php\/wp-json\/wp\/v2\/types\/product"}],"replies":[{"embeddable":true,"href":"https:\/\/dualtron-store.com\/index.php\/wp-json\/wp\/v2\/comments?post=58174"}],"wp:featuredmedia":[{"embeddable":true,"href":"https:\/\/dualtron-store.com\/index.php\/wp-json\/wp\/v2\/media\/86690"}],"wp:attachment":[{"href":"https:\/\/dualtron-store.com\/index.php\/wp-json\/wp\/v2\/media?parent=58174"}],"wp:term":[{"taxonomy":"product_cat","embeddable":true,"href":"https:\/\/dualtron-store.com\/index.php\/wp-json\/wp\/v2\/product_cat?post=58174"},{"taxonomy":"product_tag","embeddable":true,"href":"https:\/\/dualtron-store.com\/index.php\/wp-json\/wp\/v2\/product_tag?post=58174"}],"curies":[{"name":"wp","href":"https:\/\/api.w.org\/{rel}","templated":true}]}}