{"id":57979,"date":"2023-03-20T13:54:36","date_gmt":"2023-03-20T12:54:36","guid":{"rendered":"https:\/\/dualtron-store.com\/?post_type=product&#038;p=57979"},"modified":"2026-04-22T17:16:04","modified_gmt":"2026-04-22T15:16:04","slug":"dualtron-spider-max-24-ah-et-30-ah","status":"publish","type":"product","link":"https:\/\/dualtron-store.com\/index.php\/produit\/dualtron-spider-max-24-ah-et-30-ah\/","title":{"rendered":"Dualtron Spider MAX"},"content":{"rendered":"<h2><strong>La Dualtron Spider\u00a0Max\u00a0: plus de puissance et\u00a0mieux \u00e9quip\u00e9e<\/strong><\/h2>\n<p><b>La\u00a0<\/b><strong>Dualtron Spider Max\u00a0<\/strong>est une \u00e9volution de la Spider 2 . Elle dispose de s\u00e9rie de l&#8217;\u00e9cran EY4, de freins hydrauliques, de moteurs et contr\u00f4leur plus puissants.<\/p>\n<p>La <strong>Spider Max<\/strong> est disponible 30 amp\u00e8res.<\/p>\n<p>&nbsp;<\/p>\n<h2><strong>Fiche technique<\/strong><\/h2>\n<p><strong>Batterie :<\/strong> 30 ah (pour parcourir plus de 50 km )<\/p>\n<p><strong>Puissance \u00a0:<\/strong> 4000 W<\/p>\n<p><strong>Freinage\u00a0:<\/strong> \u00a0Freins disques hydrauliques de 140 mm avant et arri\u00e8re NUTT + freins \u00e9lectriques KERS<\/p>\n<p><strong>Vitesse max\u00a0:<\/strong> 25 km\/h &#8211; 70 km\/h sur voie priv\u00e9e<\/p>\n<p><strong>Pneus :<\/strong> 10 x 2,5 pouces \u2013 pneus \u00e0 chambre \u00e0 air<\/p>\n<p><strong>Suspensions\u00a0:<\/strong>\u00a0amortisseurs \u00e0 cartouche de suspension avant et arri\u00e8re<\/p>\n<p><strong>Dispositif d\u2019\u00e9clairage :<\/strong> Feu led avant et arri\u00e8re, colonne lumineuse, phare avant de 30W<\/p>\n<p>&nbsp;<\/p>\n<h2><strong>Pourquoi acheter la Dualtron Spider MAX chez DUALTRON Store ?<\/strong><\/h2>\n<p><strong>DUALTRON Store, boutique\u00a0officielle de la marque,<\/strong>\u00a0dispose \u00e0 son catalogue de l&#8217;ensemble des trottinettes \u00e9lectriques du fabricant Minimotors ( Dualtron, Futecher et Speedway) et\u00a0vous offre un service PREMIUM .<\/p>\n<p>Nous nous attachons \u00e0 pr\u00e9parer chaque trottinette avant utilisation. Avant livraison, la <strong>Dualtron Spider MAX\u00a0<\/strong>sera v\u00e9rifi\u00e9e et r\u00e9gl\u00e9e en atelier suivant vos attentes (bridage ou pas, guidon pliable ou carb<\/p>\n<p>one, r\u00e9glage du niveau de puissance, montage d&#8217;accessoires, mise en place de pi\u00e8ces de customisation, &#8230;).<\/p>\n<p>Nous sommes \u00e0 disposition au <strong>07 61 87 64 04 ou au 06 95 90 31 91<\/strong> pour aider dans votre choix et\/ou r\u00e9pondre \u00e0 vos questions.<\/p>\n<p><iframe loading=\"lazy\" title=\"Pr\u00e9sentation Dualtron Spider Max par DUALTRON STORE\" width=\"1140\" height=\"641\" src=\"https:\/\/www.youtube.com\/embed\/Ev_5n9iYF1o?feature=oembed\" frameborder=\"0\" allow=\"accelerometer; autoplay; clipboard-write; encrypted-media; gyroscope; picture-in-picture; web-share\" referrerpolicy=\"strict-origin-when-cross-origin\" allowfullscreen><\/iframe><\/p>\n","protected":false},"excerpt":{"rendered":"<p><img loading=\"lazy\" class=\"alignnone wp-image-614\" src=\"https:\/\/dualtron-store.com\/wp-content\/uploads\/2018\/06\/dulatron.png\" alt=\"\" width=\"246\" height=\"52\" \/><\/p>\n<p><b>La\u00a0Dualtron Spider MAX est un excellent compromis entre puissance , gabarit, poids et \u00e9quipements. C&#8217;est une \u00e9volution de Dualtron Spider 2 et\u00a0dispose notamment du nouvel \u00e9cran EY4 et de\u00a0freins hydrauliques.<\/b><\/p>\n<p><span style=\"color: #ff0000;\"><strong>Attention : Offre tarifaire tr\u00e8s int\u00e9ressante \u00e0 dur\u00e9e limit\u00e9e !!!\u00a0<\/strong><\/span><\/p>\n<p><strong><span style=\"color: #333399;\">Possibilit\u00e9 de paiement en 2X, 3X, 4X par Carte Bancaire sans frais ou 10 X \u00e0 60 X avec Younited.<\/span><\/strong><\/p>\n<p><strong><span style=\"color: #000000;\">N&#8217;h\u00e9sitez pas \u00e0 nous contactez au 07 61 87 64 04.<\/span><\/strong><\/p>\n","protected":false},"featured_media":86390,"comment_status":"open","ping_status":"closed","template":"","meta":{"om_disable_all_campaigns":false,"_mi_skip_tracking":false,"_monsterinsights_sitenote_active":false,"_monsterinsights_sitenote_note":"","_monsterinsights_sitenote_category":0},"product_cat":[20,38],"product_tag":[],"aioseo_notices":[],"_links":{"self":[{"href":"https:\/\/dualtron-store.com\/index.php\/wp-json\/wp\/v2\/product\/57979"}],"collection":[{"href":"https:\/\/dualtron-store.com\/index.php\/wp-json\/wp\/v2\/product"}],"about":[{"href":"https:\/\/dualtron-store.com\/index.php\/wp-json\/wp\/v2\/types\/product"}],"replies":[{"embeddable":true,"href":"https:\/\/dualtron-store.com\/index.php\/wp-json\/wp\/v2\/comments?post=57979"}],"wp:featuredmedia":[{"embeddable":true,"href":"https:\/\/dualtron-store.com\/index.php\/wp-json\/wp\/v2\/media\/86390"}],"wp:attachment":[{"href":"https:\/\/dualtron-store.com\/index.php\/wp-json\/wp\/v2\/media?parent=57979"}],"wp:term":[{"taxonomy":"product_cat","embeddable":true,"href":"https:\/\/dualtron-store.com\/index.php\/wp-json\/wp\/v2\/product_cat?post=57979"},{"taxonomy":"product_tag","embeddable":true,"href":"https:\/\/dualtron-store.com\/index.php\/wp-json\/wp\/v2\/product_tag?post=57979"}],"curies":[{"name":"wp","href":"https:\/\/api.w.org\/{rel}","templated":true}]}}