{"id":57809,"date":"2023-03-14T17:06:06","date_gmt":"2023-03-14T16:06:06","guid":{"rendered":"https:\/\/dualtron-store.com\/?post_type=product&#038;p=57809"},"modified":"2026-04-24T22:17:46","modified_gmt":"2026-04-24T20:17:46","slug":"kit-ey4-pour-dualtron","status":"publish","type":"product","link":"https:\/\/dualtron-store.com\/index.php\/produit\/kit-ey4-pour-dualtron\/","title":{"rendered":"Kit EY4 pour Dualtron avec supports de fixation"},"content":{"rendered":"<p>Inclus dans le kit :<\/p>\n<ul>\n<li>G\u00e2chette d&#8217;acc\u00e9l\u00e9ration : Ce kit comprend une g\u00e2chette d&#8217;acc\u00e9l\u00e9ration de haute qualit\u00e9 qui vous permet de contr\u00f4ler facilement la vitesse de votre trottinette Dualtron.<\/li>\n<li>Supports : Le kit comprend le support qui vous permet de fixer l&#8217;\u00e9cran sur votre trottinette ainsi que le support pour la g\u00e2chette d&#8217;acc\u00e9l\u00e9ration.<\/li>\n<li>\u00c9cran : L&#8217;\u00e9cran fourni avec le kit vous permet de suivre les informations importantes telles que la vitesse, la distance parcourue et l&#8217;\u00e9tat de la batterie de votre trottinette. L&#8217;\u00e9cran inclut \u00e9galement une fonction de d\u00e9marrage de la trottinette avec mot de passe ou avec l&#8217;application minimotors install\u00e9e sur votre smartphone.<\/li>\n<li>C\u00e2bles : Les c\u00e2bles n\u00e9cessaires pour l&#8217;installation sont inclus dans le kit.<\/li>\n<\/ul>\n<p>On retrouve d\u00e9j\u00e0 cet \u00e9cran sur la <a href=\"https:\/\/dualtron-store.com\/index.php\/produit\/dualtron-x-limited\/\">Dualtron X Limited<\/a>, pour voir l&#8217;\u00e9cran en vid\u00e9o je vous invite \u00e0 regarder cette vid\u00e9o de notre Youtuber kramtoo :<\/p>\n<p><iframe loading=\"lazy\" title=\"DUALTRON X LIMITED 84 VOLTS 13500 WATTS 110 KLH TEST TROTTINETTE \u00c9LECTRIQUE SUR PUISSANTE !\" width=\"1140\" height=\"641\" src=\"https:\/\/www.youtube.com\/embed\/Xeb90e9ai_0?feature=oembed\" frameborder=\"0\" allow=\"accelerometer; autoplay; clipboard-write; encrypted-media; gyroscope; picture-in-picture; web-share\" referrerpolicy=\"strict-origin-when-cross-origin\" allowfullscreen><\/iframe><\/p>\n<p><iframe loading=\"lazy\" title=\"Montage EY4 Dualtron - trottinette \u00e9lectrique\" width=\"1140\" height=\"641\" src=\"https:\/\/www.youtube.com\/embed\/78M6M_vjp8M?feature=oembed\" frameborder=\"0\" allow=\"accelerometer; autoplay; clipboard-write; encrypted-media; gyroscope; picture-in-picture; web-share\" referrerpolicy=\"strict-origin-when-cross-origin\" allowfullscreen><\/iframe><\/p>\n<p>&nbsp;<\/p>\n","protected":false},"excerpt":{"rendered":"<p>Le Kit \u00e9cran EY4 pour Dualtron ravira les propri\u00e9taires de trottinettes \u00e9lectriques Dualtron.<\/p>\n<p>Ce kit comprend une g\u00e2chette d&#8217;acc\u00e9l\u00e9ration, 2 supports ( pour l&#8217;\u00e9cran et la g\u00e2chette), un \u00e9cran et les c\u00e2bles n\u00e9cessaires pour l&#8217;installation. L&#8217;\u00e9cran EY4 est compatible sur les trottinettes Dualtron vendues sur <a href=\"https:\/\/dualtron-store.com\">dualtron-store.com<\/a> comme la Dualtron Victor \/ Victor Luxury \/ Thunder \/ Thunder 2 \/ Ultra \/ Ultra 2 \/ City \/ Achilleus \/ Dualtron mini.<\/p>\n<p>L&#8217;\u00e9cran est facile \u00e0 installer et ne n\u00e9cessite pas de comp\u00e9tences techniques particuli\u00e8res.<\/p>\n<p><strong>Version compatible pour toutes dualtron (\u00a0Dualtron mini compatible) .<\/strong><\/p>\n<p>Besoin d&#8217;un renseignement sur le kit \u00e9cran EY4 ? <strong>Contacter nous au 07 61 87 64 04.<\/strong><\/p>\n","protected":false},"featured_media":76985,"comment_status":"open","ping_status":"closed","template":"","meta":{"om_disable_all_campaigns":false,"_mi_skip_tracking":false,"_monsterinsights_sitenote_active":false,"_monsterinsights_sitenote_note":"","_monsterinsights_sitenote_category":0},"product_cat":[345,348,346,275,526,617,272,274,740,741,279,280,325,613,616,281,273,704,18,51],"product_tag":[],"aioseo_notices":[],"_links":{"self":[{"href":"https:\/\/dualtron-store.com\/index.php\/wp-json\/wp\/v2\/product\/57809"}],"collection":[{"href":"https:\/\/dualtron-store.com\/index.php\/wp-json\/wp\/v2\/product"}],"about":[{"href":"https:\/\/dualtron-store.com\/index.php\/wp-json\/wp\/v2\/types\/product"}],"replies":[{"embeddable":true,"href":"https:\/\/dualtron-store.com\/index.php\/wp-json\/wp\/v2\/comments?post=57809"}],"wp:featuredmedia":[{"embeddable":true,"href":"https:\/\/dualtron-store.com\/index.php\/wp-json\/wp\/v2\/media\/76985"}],"wp:attachment":[{"href":"https:\/\/dualtron-store.com\/index.php\/wp-json\/wp\/v2\/media?parent=57809"}],"wp:term":[{"taxonomy":"product_cat","embeddable":true,"href":"https:\/\/dualtron-store.com\/index.php\/wp-json\/wp\/v2\/product_cat?post=57809"},{"taxonomy":"product_tag","embeddable":true,"href":"https:\/\/dualtron-store.com\/index.php\/wp-json\/wp\/v2\/product_tag?post=57809"}],"curies":[{"name":"wp","href":"https:\/\/api.w.org\/{rel}","templated":true}]}}