{"id":57385,"date":"2023-02-28T22:52:31","date_gmt":"2023-02-28T21:52:31","guid":{"rendered":"https:\/\/dualtron-store.com\/?post_type=product&#038;p=57385"},"modified":"2023-02-28T22:54:52","modified_gmt":"2023-02-28T21:54:52","slug":"dualtron-thunder-3-solde-paiement","status":"publish","type":"product","link":"https:\/\/dualtron-store.com\/index.php\/produit\/dualtron-thunder-3-solde-paiement\/","title":{"rendered":"Dualtron thunder 3 &#8211; solde paiement"},"content":{"rendered":"<h2><strong>Les trottinettes\u00a0\u00e9lectriques Dualtron<\/strong><\/h2>\n<p>La gamme de trottinettes \u00e9lectriques\u00a0<b>DUALTRON\u00a0<\/b>se positionne au plus haut niveau de qualit\u00e9 de fabrication du fabricant Minimotors. Cette gamme Dualtron connue des passionn\u00e9s vaut sa renomm\u00e9e notamment \u00e0 ses mod\u00e8les <strong>THUNDER<\/strong>\u00a0que beaucoup de riders connaissent .<\/p>\n<p>En perp\u00e9tuelles \u00e9volutions, les <strong>DUALTRON<\/strong> sont les trottinettes les plus reconnus sur le march\u00e9 mondial vis \u00e0 vis de leur qualit\u00e9 et de leur fiabilit\u00e9.<\/p>\n<p>&nbsp;<\/p>\n<h2><strong>Dualtron\u00a0Thunder 3 : la meilleure trottinette 11 pouces de 2023 ?<\/strong><\/h2>\n<p>Cette nouvelle <strong>Dualtron Thunder 3<\/strong>\u00a0reprend l&#8217;excellent ch\u00e2ssis de la Dualtron Thunder 2 en apportant \u00e9norm\u00e9ment d&#8217;\u00e9volutions. Au regard du succ\u00e8s des pr\u00e9c\u00e9dents mod\u00e8les Thunder, il est fort \u00e0 parier que cette <strong>Dualtron Thunder 3<\/strong>\u00a0sera \u00e9lue, par les passionn\u00e9s, meilleure trottinette \u00e9lectrique de l&#8217;ann\u00e9e 2023.<\/p>\n<p>En effet, cette nouvelle version dispose d&#8217;\u00e9volutions tr\u00e8s attendues comme un niveau d&#8217;\u00e9tanch\u00e9it\u00e9 IPX5, un \u00e9clairage plus puissant, du nouvel \u00e9cran couleur EY4, &#8230;<\/p>\n<p>Afin de comparer en d\u00e9tail les fonctionnalit\u00e9s entre cette nouvelle Dualtron Thunder 3 et le pr\u00e9c\u00e9dent mod\u00e8le, vous pouvez consulter la fiche produit de la <a href=\"https:\/\/dualtron-store.com\/index.php\/produit\/dualtron-thunder-2\/\">Dualtron Thunder 2<\/a>.<\/p>\n<p>&nbsp;<\/p>\n<h2><strong>Les caract\u00e9ristiques et \u00e9quipements de la Dualtron Thunder 3\u00a0<\/strong><\/h2>\n<p>La <strong>Dualtron Thunder 3<\/strong> pr\u00e9sente beaucoup d&#8217;\u00e9volution et changements vis \u00e0 vis de la pr\u00e9c\u00e9dente version .<\/p>\n<p>L&#8217;\u00e9volution surement la plus attendue est son niveau d&#8217;\u00e9tanch\u00e9it\u00e9. En effet, cette <strong>Dualtron Thunder 3<\/strong> dispose d&#8217;un indice de protection IPX5 d&#8217;un point de vue global et IPX7 pour l&#8217;afficheur.<\/p>\n<p><a href=\"https:\/\/dualtron-store.com\/wp-content\/uploads\/2023\/02\/dualtron-thunder-3-IPX5--e1677509968852.png\"><img loading=\"lazy\" class=\"alignnone size-medium wp-image-57314\" src=\"https:\/\/dualtron-store.com\/wp-content\/uploads\/2023\/02\/dualtron-thunder-3-IPX5--300x298.png\" alt=\"\" width=\"300\" height=\"298\" \/><\/a><\/p>\n<p><a href=\"https:\/\/dualtron-store.com\/wp-content\/uploads\/2023\/02\/dualtron-thunder-3-EY4-IPX7-e1677510026672.png\"><img loading=\"lazy\" class=\"alignnone size-medium wp-image-57315\" src=\"https:\/\/dualtron-store.com\/wp-content\/uploads\/2023\/02\/dualtron-thunder-3-EY4-IPX7-300x261.png\" alt=\"\" width=\"300\" height=\"261\" \/><\/a><\/p>\n<p>&nbsp;<\/p>\n<p>Elle dispose du nouvel \u00e9cran couleur EY4. Cette \u00e9cran permet une excellente visibilit\u00e9 de la vitesse et un acc\u00e8s ais\u00e9 au param\u00e8tres.<\/p>\n<p>D&#8217;un point de vue performance, elle dispose de 2 contr\u00f4leurs de 50 amp\u00e8res pouvant d\u00e9livrer en boost 65 amp\u00e8res. Coupl\u00e9e \u00e0 une grosse batterie de 72 V 40 amp\u00e8res et 2 moteurs 65H, elle peut d\u00e9livrer pr\u00e8s de 11 000 watts.<\/p>\n<p>Minimotors a fait \u00e9voluer \u00e9galement le syst\u00e8me de pliage. Il est d\u00e9sormais plus simple de plier et d\u00e9plier sa trottinette. Son syst\u00e8me est \u00e9galement plus robuste que sur la pr\u00e9c\u00e9dente version.<\/p>\n<p><a href=\"https:\/\/dualtron-store.com\/wp-content\/uploads\/2023\/02\/dualtron-thunder-3-systeme-de-pliage-e1677509940814.png\"><img loading=\"lazy\" class=\"alignnone size-medium wp-image-57312\" src=\"https:\/\/dualtron-store.com\/wp-content\/uploads\/2023\/02\/dualtron-thunder-3-systeme-de-pliage-262x300.png\" alt=\"\" width=\"262\" height=\"300\" \/><\/a><\/p>\n<p>Cot\u00e9 \u00e9clairage, la <strong>Dualtron Thunder 3<\/strong> dispose de 2 phares LED de 30 Watts tr\u00e8s performants et activables facilement via le commodo au niveau du guidon.<\/p>\n<p><a href=\"https:\/\/dualtron-store.com\/wp-content\/uploads\/2023\/02\/dualtron-thunder-3-phares-e1677509953180.png\"><img loading=\"lazy\" class=\"alignnone size-medium wp-image-57313\" src=\"https:\/\/dualtron-store.com\/wp-content\/uploads\/2023\/02\/dualtron-thunder-3-phares-297x300.png\" alt=\"\" width=\"297\" height=\"300\" \/><\/a><\/p>\n<p>Elle est \u00e9quip\u00e9e de s\u00e9rie d&#8217;un amortisseur de direction hydraulique.<\/p>\n<p>Au niveau du freinage, sont install\u00e9s des \u00e9triers NUTT 4 pistons tr\u00e8s puissants.<\/p>\n<p><a href=\"https:\/\/dualtron-store.com\/wp-content\/uploads\/2023\/02\/Dualtron-thunder-3-Freins-NUTT-4-pistons-e1677509863123.png\"><img loading=\"lazy\" class=\"alignnone size-medium wp-image-57311\" src=\"https:\/\/dualtron-store.com\/wp-content\/uploads\/2023\/02\/Dualtron-thunder-3-Freins-NUTT-4-pistons-283x300.png\" alt=\"\" width=\"283\" height=\"300\" \/><\/a><\/p>\n<p>&nbsp;<\/p>\n<h2><strong>Pourquoi acheter la Dualtron Thunder 3 chez DUALTRON Store ?<\/strong><\/h2>\n<p><strong>DUALTRON Store\u00a0\u00ae\u00a0, boutique\u00a0officielle du\u00a0fabricant Minimotors,<\/strong>\u00a0dispose \u00e0 son catalogue de l&#8217;ensemble des trottinettes \u00e9lectriques Minimotors ( Dualtron, Teverun, Futecher, Speedway, Blade, Rovoron, ) et\u00a0vous offre un service PREMIUM .<\/p>\n<p>Nous nous attachons \u00e0 pr\u00e9parer chaque trottinette avant remise au client. Avant exp\u00e9dition, votre<strong> Dualtron Thunder 3\u00a0<\/strong>passera en atelier afin que nous v\u00e9rifions son bon fonctionnement et que nous vous la pr\u00e9parons selon vos attentes \u00a0(bridage ou pas, r\u00e9glage du niveau de puissance, montage d&#8217;accessoires, mise en place de pi\u00e8ces de customisation, &#8230;).<\/p>\n<p>Nous disposons de 2 boutiques physiques prestigieuses pr\u00e9sentant toute la gamme DUALTRON dont celle situ\u00e9e \u00e0 Paris proche de l&#8217;arc de triomphe dans la fameuse avenue de la grande arm\u00e9e ( prolongement des Champs Elys\u00e9es ).<\/p>\n<p><strong>Nous sommes \u00e0 votre disposition au 07 61 87 64 04 ou au 06 95 90 31 91 pour vous aider dans votre choix et\/ou r\u00e9pondre \u00e0 vos questions.<\/strong><\/p>\n","protected":false},"excerpt":{"rendered":"<p><a href=\"https:\/\/dualtron-store.com\/wp-content\/uploads\/2023\/02\/Teverun-e1677098746961.png\"><img loading=\"lazy\" class=\"alignnone wp-image-614\" src=\"https:\/\/dualtron-store.com\/wp-content\/uploads\/2018\/06\/dulatron.png\" alt=\"\" width=\"246\" height=\"52\" \/><\/a><\/p>\n<p><b>La Dualtron Thunder 3 devient\u00a0sans aucun doute le mod\u00e8le phare des trottinettes puissantes. Elle dispose des\u00a0derni\u00e8res \u00e9volutions tant\u00a0attendues par les riders : \u00e9tanch\u00e9it\u00e9 globale IPX5 et IPX7 pour l&#8217;\u00e9cran couleur EY4, un \u00e9clairage puissant, une puissance \u00e9lev\u00e9e (environ 11000 Watts), un nouveau syst\u00e8me de pliage plus simple et plus robuste, une\u00a0b\u00e9quille am\u00e9lior\u00e9e, et bien d&#8217;autres \u00e9volutions.<\/b><\/p>\n<p><strong><span style=\"color: #333399;\">Possibilit\u00e9 de paiement en\u00a0<span style=\"caret-color: #333399;\">plusieurs fois<\/span>.<\/span><\/strong><\/p>\n<p><strong><span style=\"color: #000000;\">N&#8217;h\u00e9sitez pas \u00e0 nous contactez au 07 61 87 64 04 pour tout renseignement.<\/span><\/strong><\/p>\n<p><span style=\"color: #993366;\"><strong>En pr\u00e9commande, disponible mi 2023.<\/strong><\/span><\/p>\n<p><span style=\"color: #ff0000;\"><strong>Le prix de 3740,50 euros correspond au r\u00e9glement du solde de paiement de la thunder 3 apr\u00e8s r\u00e9glement de 1000 euros d&#8217;acompte. Le prix total de la thunder 3 est de 4740,50 euros incluant la r\u00e9duction de 5% au regard de la pr\u00e9-commande.<\/strong><\/span><\/p>\n","protected":false},"featured_media":57303,"comment_status":"open","ping_status":"closed","template":"","meta":{"om_disable_all_campaigns":false,"_mi_skip_tracking":false,"_monsterinsights_sitenote_active":false,"_monsterinsights_sitenote_note":"","_monsterinsights_sitenote_category":0},"product_cat":[20,38],"product_tag":[],"aioseo_notices":[],"_links":{"self":[{"href":"https:\/\/dualtron-store.com\/index.php\/wp-json\/wp\/v2\/product\/57385"}],"collection":[{"href":"https:\/\/dualtron-store.com\/index.php\/wp-json\/wp\/v2\/product"}],"about":[{"href":"https:\/\/dualtron-store.com\/index.php\/wp-json\/wp\/v2\/types\/product"}],"replies":[{"embeddable":true,"href":"https:\/\/dualtron-store.com\/index.php\/wp-json\/wp\/v2\/comments?post=57385"}],"wp:featuredmedia":[{"embeddable":true,"href":"https:\/\/dualtron-store.com\/index.php\/wp-json\/wp\/v2\/media\/57303"}],"wp:attachment":[{"href":"https:\/\/dualtron-store.com\/index.php\/wp-json\/wp\/v2\/media?parent=57385"}],"wp:term":[{"taxonomy":"product_cat","embeddable":true,"href":"https:\/\/dualtron-store.com\/index.php\/wp-json\/wp\/v2\/product_cat?post=57385"},{"taxonomy":"product_tag","embeddable":true,"href":"https:\/\/dualtron-store.com\/index.php\/wp-json\/wp\/v2\/product_tag?post=57385"}],"curies":[{"name":"wp","href":"https:\/\/api.w.org\/{rel}","templated":true}]}}