{"id":57165,"date":"2023-02-22T19:08:13","date_gmt":"2023-02-22T18:08:13","guid":{"rendered":"https:\/\/dualtron-store.com\/?post_type=product&#038;p=57165"},"modified":"2024-12-05T17:31:35","modified_gmt":"2024-12-05T16:31:35","slug":"teverun-fighter-ten","status":"publish","type":"product","link":"https:\/\/dualtron-store.com\/index.php\/produit\/teverun-fighter-ten\/","title":{"rendered":"Teverun fighter ten \/ ten+"},"content":{"rendered":"<h2><strong>Teverun vs Dualtron<\/strong><\/h2>\n<p>La gamme de trottinettes \u00e9lectriques\u00a0<b>Teverun <\/b>se positionne au m\u00eame niveau que les Dualtron\u00a0du fabricant Minimotors. Les Teverun sont fabriqu\u00e9es avec les m\u00eames exigences qualitatives que la gamme Dualtron du fabricant Minimotors. Comment choisir entre une Teverun et une Dualtron ? Vous aimez rouler fort, avec une excellente adh\u00e9rence et des suspensions qui tiennent le pav\u00e9, sans aucun doute vous choisissez une Dualtron . Vous pr\u00e9f\u00e9rez la polyvalence , une acc\u00e9l\u00e9ration forte mais progressive, vous choisirez une <strong>Teverun<\/strong>. Ou sinon, plus simplement de part leur esth\u00e9tique, certains pr\u00e9f\u00e8rent la gamme mythique Dualtron et d&#8217;autres les nouvelles <strong>Teverun<\/strong>.<\/p>\n<h2><strong>Unboxing et Test par Kramtoo de la teverun ten<\/strong><\/h2>\n<p><iframe loading=\"lazy\" title=\"TEVERUN FIGHTER TEN  NEW 10 POUCES !\" width=\"1140\" height=\"641\" src=\"https:\/\/www.youtube.com\/embed\/bbOZHGYDTg4?feature=oembed\" frameborder=\"0\" allow=\"accelerometer; autoplay; clipboard-write; encrypted-media; gyroscope; picture-in-picture; web-share\" referrerpolicy=\"strict-origin-when-cross-origin\" allowfullscreen><\/iframe><\/p>\n<p><iframe loading=\"lazy\" title=\"TEVERUN FIGHTER TEN - OFF ROAD SESSION - by AYMARD VERNAY - part 1\" width=\"1140\" height=\"641\" src=\"https:\/\/www.youtube.com\/embed\/R8cTFm9D9Xs?feature=oembed\" frameborder=\"0\" allow=\"accelerometer; autoplay; clipboard-write; encrypted-media; gyroscope; picture-in-picture; web-share\" referrerpolicy=\"strict-origin-when-cross-origin\" allowfullscreen><\/iframe><\/p>\n<p><iframe loading=\"lazy\" title=\"Test Teverun Fighter Ten - trottinette \u00e9lectrique\" width=\"1140\" height=\"641\" src=\"https:\/\/www.youtube.com\/embed\/nYGpoPlqDpY?feature=oembed\" frameborder=\"0\" allow=\"accelerometer; autoplay; clipboard-write; encrypted-media; gyroscope; picture-in-picture; web-share\" referrerpolicy=\"strict-origin-when-cross-origin\" allowfullscreen><\/iframe><\/p>\n<h2><\/h2>\n<h2><strong>Pr\u00e9sentation \/ unboxing de la teverun fighter ten par Dualtron Rider<\/strong><\/h2>\n<p><iframe loading=\"lazy\" title=\"UNBOXING TEVERUN Fighter Ten \/ Ten + - trottinette \u00e9lectrique\" width=\"1140\" height=\"641\" src=\"https:\/\/www.youtube.com\/embed\/vooMiNPsjwg?start=26&#038;feature=oembed\" frameborder=\"0\" allow=\"accelerometer; autoplay; clipboard-write; encrypted-media; gyroscope; picture-in-picture; web-share\" referrerpolicy=\"strict-origin-when-cross-origin\" allowfullscreen><\/iframe><\/p>\n<p>&nbsp;<\/p>\n<h2><strong>Teverun fighter ten : la meilleure trott 10 pouces en 2023 ?<\/strong><\/h2>\n<p>La nouvelle <strong>Teverun fighter 10<\/strong> reprend les caract\u00e9ristiques de la fameuse Teverun fighter 11 avec un gabarit plus r\u00e9duit et un poids plus l\u00e9ger. On adorera ses suspensions permettant de rouler sur tous types de chemins et son acc\u00e9l\u00e9ration tr\u00e8s puissante mais progressive. La <strong>Teverun fighter ten <\/strong>est \u00e9quip\u00e9e de freins hydraulique, de pneus larges en 10 pouces et surtout du magnifique \u00e9cran TFT. Cet \u00e9cran design permet de visualiser les principales informations quelques soit le niveau de luminosit\u00e9. Il permet \u00e9galement d&#8217;acc\u00e9der \u00e0 des param\u00e8tres avanc\u00e9s permettant de configurer sa Teverun fighter ten selon ses envies.<\/p>\n<p>Beaucoup h\u00e9siteront entre la Teverun fighter 10 et la <a href=\"https:\/\/dualtron-store.com\/index.php\/produit\/dualtron-victor-luxury-batterie-28-ah-et-35-ah\/\">Dualtron Victor Luxury +<\/a> , n&#8217;h\u00e9sitez pas \u00e0 nous contacter ou passer en boutique pour choisir le mod\u00e8le qui vous convient les mieux .<\/p>\n<p>&nbsp;<\/p>\n<h2><strong>Les caract\u00e9ristiques et \u00e9quipements de la Teverun fighter ten\u00a0<\/strong><\/h2>\n<p>D&#8217;un point de vue puissance, la Teverun fighter Ten dispose d&#8217;une puissance de 4000 Watts. Elle peut atteindre une vitesse de pointe de 75 km\/h. Elle est dot\u00e9e de 2 contr\u00f4leurs Sine Wave ( sinuso\u00efdaux ) de 30 amp\u00e8res permettant d&#8217;obtenir un couple impressionnant et une progressivit\u00e9 tr\u00e8s confortable. Au m\u00eame titre que les Dualtron, Les Teverun ne pr\u00e9sente aucune latence \u00e0 l&#8217;acc\u00e9l\u00e9ration.<\/p>\n<p>Cot\u00e9 afficheur, elle est \u00e9quip\u00e9e d&#8217;un bel \u00e9cran TFT permettant de visualiser toutes les informations n\u00e9cessaires au pilotage et permet d&#8217;acc\u00e9der \u00e0 \u00e9norm\u00e9ment de param\u00e8tres permettant de configurer la Teverun fighter ten \u00e0 votre guise.<\/p>\n<p>Elle dispose de suspensions tr\u00e8s effaces \u00e0 ressorts pour la version Ten et ajustables hydrauliques pour la version ten +.<\/p>\n<p>Son poids est d&#8217;environ 32 kg pour la version ten et de 34 kg pour lima version ten +.<\/p>\n<p>&nbsp;<\/p>\n<h2><strong>Les 2 versions Teverun fighter ten \/ ten + : Batterie 26 amp\u00e8res \/ 35 amp\u00e8res<\/strong><\/h2>\n<p>Cette Teverun fighter Ten est disponible en 2 capacit\u00e9s de batterie :<br \/>\n&#8211; La <strong>Teverun Fighter Ten<\/strong> dispose d&#8217;une batterie de 60V 26 amp\u00e8res\/heure en 18650 et de suspension \u00e0 ressort,<br \/>\n&#8211; La <strong>Teverun Fighter Ten +\u00a0 <\/strong>dispose d&#8217;une batterie de 60V 35 amp\u00e8res\/heure en 21700 et de suspensions hydrauliques r\u00e9glables. De plus, cette Ten + est livr\u00e9e avec un chargeur rapide de 5A alors que la ten dispose d&#8217;un chargeur classique en 2 amp\u00e8res.<\/p>\n<p>&nbsp;<\/p>\n<p>&nbsp;<\/p>\n<p><a href=\"https:\/\/dualtron-store.com\/wp-content\/uploads\/2023\/02\/teverun-10-e1677097916621.png\"><img loading=\"lazy\" class=\"alignnone wp-image-57175\" src=\"https:\/\/dualtron-store.com\/wp-content\/uploads\/2023\/02\/teverun-10-300x147.png\" alt=\"\" width=\"431\" height=\"211\" \/><\/a><\/p>\n<h2><strong>Pourquoi acheter la Teverun fighter Ten chez DUALTRON Store ?<\/strong><\/h2>\n<p><strong>DUALTRON Store\u00a0\u00ae\u00a0, boutique\u00a0officielle du\u00a0fabricant Minimotors,<\/strong>\u00a0dispose \u00e0 son catalogue de l&#8217;ensemble des trottinettes \u00e9lectriques Minimotors ( Dualtron, Teverun, Futecher, Speedway, Blade, Rovoron, ) et\u00a0vous offre un service PREMIUM .<\/p>\n<p>Nous nous attachons \u00e0 pr\u00e9parer chaque trottinette avant remise au client. Avant exp\u00e9dition, la <strong>Teverun fighter Ten\u00a0<\/strong>sera v\u00e9rifi\u00e9e et r\u00e9gl\u00e9e en atelier suivant vos attentes (bridage ou pas, r\u00e9glage du niveau de puissance, montage d&#8217;accessoires, mise en place de pi\u00e8ces de customisation, &#8230;).<\/p>\n<p>Nous disposons de 2 boutiques physiques prestigieuses pr\u00e9sentant toute la gamme dont celle situ\u00e9e \u00e0 Paris proche de l&#8217;arc de triomphe dans la fameuse avenue de la grande arm\u00e9e ( prolongement de l&#8217;avenue des Champs Elys\u00e9es ).<\/p>\n<p><strong>Nous sommes \u00e0 votre disposition au 07 61 87 64 04 ou au 06 95 90 31 91 pour vous aider dans votre choix et\/ou r\u00e9pondre \u00e0 vos questions.<\/strong><\/p>\n","protected":false},"excerpt":{"rendered":"<p><a href=\"https:\/\/dualtron-store.com\/wp-content\/uploads\/2023\/02\/Teverun-e1677098746961.png\"><img loading=\"lazy\" class=\"alignnone wp-image-57176\" src=\"https:\/\/dualtron-store.com\/wp-content\/uploads\/2023\/02\/Teverun-300x261.png\" alt=\"\" width=\"125\" height=\"109\" \/><\/a><\/p>\n<p><b>La TEVERUN fighter ten en batterie 26 ah et ten + en batterie 35 ah va devenir sans aucun doute le best\u00a0seller de la gamme TEVERUN. Cette version 10 pouces pr\u00e9sente un excellent compromis en termes de performances \/ poids \/ autonomie et polyvalence.\u00a0Cette fighter ten b\u00e9n\u00e9ficie \u00e9galement du\u00a0magnifique \u00e9cran TFT. On note que la\u00a0version ten + 35 ah dispose de s\u00e9rie d&#8217;un chargeur rapide 5 amp\u00e8res.<\/b><\/p>\n<p><strong><span style=\"color: #333399;\">Possibilit\u00e9 de paiement en 3X, 4X et 10X par Carte Bancaire sans frais et sans justificatif.<\/span><\/strong><\/p>\n<p><strong><span style=\"color: #000000;\">N&#8217;h\u00e9sitez pas \u00e0 nous contactez au 06 95 90 31 91 pour tout renseignement.<\/span><\/strong><\/p>\n<p><strong><span style=\"color: #993366;\">En Stock !\u00a0<\/span><\/strong><\/p>\n","protected":false},"featured_media":57619,"comment_status":"open","ping_status":"closed","template":"","meta":{"om_disable_all_campaigns":false,"_mi_skip_tracking":false,"_monsterinsights_sitenote_active":false,"_monsterinsights_sitenote_note":"","_monsterinsights_sitenote_category":0},"product_cat":[446,20],"product_tag":[],"aioseo_notices":[],"_links":{"self":[{"href":"https:\/\/dualtron-store.com\/index.php\/wp-json\/wp\/v2\/product\/57165"}],"collection":[{"href":"https:\/\/dualtron-store.com\/index.php\/wp-json\/wp\/v2\/product"}],"about":[{"href":"https:\/\/dualtron-store.com\/index.php\/wp-json\/wp\/v2\/types\/product"}],"replies":[{"embeddable":true,"href":"https:\/\/dualtron-store.com\/index.php\/wp-json\/wp\/v2\/comments?post=57165"}],"wp:featuredmedia":[{"embeddable":true,"href":"https:\/\/dualtron-store.com\/index.php\/wp-json\/wp\/v2\/media\/57619"}],"wp:attachment":[{"href":"https:\/\/dualtron-store.com\/index.php\/wp-json\/wp\/v2\/media?parent=57165"}],"wp:term":[{"taxonomy":"product_cat","embeddable":true,"href":"https:\/\/dualtron-store.com\/index.php\/wp-json\/wp\/v2\/product_cat?post=57165"},{"taxonomy":"product_tag","embeddable":true,"href":"https:\/\/dualtron-store.com\/index.php\/wp-json\/wp\/v2\/product_tag?post=57165"}],"curies":[{"name":"wp","href":"https:\/\/api.w.org\/{rel}","templated":true}]}}