{"id":57096,"date":"2023-02-21T13:40:01","date_gmt":"2023-02-21T12:40:01","guid":{"rendered":"https:\/\/dualtron-store.com\/?post_type=product&#038;p=57096"},"modified":"2026-04-16T11:46:18","modified_gmt":"2026-04-16T09:46:18","slug":"haut-de-potence-dualtron","status":"publish","type":"product","link":"https:\/\/dualtron-store.com\/index.php\/produit\/haut-de-potence-dualtron\/","title":{"rendered":"Haut de potence Dualtron"},"content":{"rendered":"","protected":false},"excerpt":{"rendered":"<p>Haut de potence Dualtron. Possibilit\u00e9 d&#8217;\u00eatre s\u00e9lectionn\u00e9e <strong>avec ou sans<\/strong> les 4 vis du haut de la potence.<\/p>\n<p>Pi\u00e8ce non compatible avec les guidons en carbone de Dualtron Spider 2.<\/p>\n","protected":false},"featured_media":77040,"comment_status":"open","ping_status":"closed","template":"","meta":{"om_disable_all_campaigns":false,"_mi_skip_tracking":false,"_monsterinsights_sitenote_active":false,"_monsterinsights_sitenote_note":"","_monsterinsights_sitenote_category":0},"product_cat":[348,346,275,288,277,287,276,272,274,279,280,325,18,51],"product_tag":[],"aioseo_notices":[],"_links":{"self":[{"href":"https:\/\/dualtron-store.com\/index.php\/wp-json\/wp\/v2\/product\/57096"}],"collection":[{"href":"https:\/\/dualtron-store.com\/index.php\/wp-json\/wp\/v2\/product"}],"about":[{"href":"https:\/\/dualtron-store.com\/index.php\/wp-json\/wp\/v2\/types\/product"}],"replies":[{"embeddable":true,"href":"https:\/\/dualtron-store.com\/index.php\/wp-json\/wp\/v2\/comments?post=57096"}],"wp:featuredmedia":[{"embeddable":true,"href":"https:\/\/dualtron-store.com\/index.php\/wp-json\/wp\/v2\/media\/77040"}],"wp:attachment":[{"href":"https:\/\/dualtron-store.com\/index.php\/wp-json\/wp\/v2\/media?parent=57096"}],"wp:term":[{"taxonomy":"product_cat","embeddable":true,"href":"https:\/\/dualtron-store.com\/index.php\/wp-json\/wp\/v2\/product_cat?post=57096"},{"taxonomy":"product_tag","embeddable":true,"href":"https:\/\/dualtron-store.com\/index.php\/wp-json\/wp\/v2\/product_tag?post=57096"}],"curies":[{"name":"wp","href":"https:\/\/api.w.org\/{rel}","templated":true}]}}