{"id":56383,"date":"2023-01-31T21:24:10","date_gmt":"2023-01-31T20:24:10","guid":{"rendered":"https:\/\/dualtron-store.com\/index.php\/produit\/sacoche-wildman\/"},"modified":"2026-03-18T00:51:49","modified_gmt":"2026-03-17T23:51:49","slug":"sacoche-wildman","status":"publish","type":"product","link":"https:\/\/dualtron-store.com\/index.php\/produit\/sacoche-wildman\/","title":{"rendered":"Sacoche Wildman 2 litres"},"content":{"rendered":"","protected":false},"excerpt":{"rendered":"<div class=\"group final-completion w-full text-token-text-primary border-b border-black\/10 gizmo:border-0 dark:border-gray-900\/50 gizmo:dark:border-0 bg-gray-50 gizmo:bg-transparent dark:bg-[#444654] gizmo:dark:bg-transparent\" data-testid=\"conversation-turn-19\">\n<div class=\"p-4 justify-center text-base md:gap-6 md:py-6 m-auto\">\n<div class=\"flex flex-1 gap-4 text-base mx-auto md:gap-6 gizmo:gap-3 gizmo:md:px-5 gizmo:lg:px-1 gizmo:xl:px-5 md:max-w-2xl lg:max-w-[38rem] gizmo:md:max-w-3xl gizmo:lg:max-w-[40rem] gizmo:xl:max-w-[48rem] xl:max-w-3xl }\">\n<div class=\"relative flex w-[calc(100%-50px)] flex-col gizmo:w-full lg:w-[calc(100%-115px)] agent-turn\">\n<div class=\"flex-col gap-1 md:gap-3\">\n<div class=\"flex flex-grow flex-col gap-3 max-w-full\">\n<div class=\"min-h-[20px] flex flex-col items-start gap-3 whitespace-pre-wrap break-words overflow-x-auto\">\n<div class=\"markdown prose w-full break-words dark:prose-invert light\">\n<p>La sacoche<strong> Wild Man 2L<\/strong> est l&#8217;accessoire parfait pour les utilisateurs de trottinettes \u00e9lectriques \u00e0 la recherche d&#8217;un espace de rangement pratique et compact. Avec une capacit\u00e9 de 2 litres, elle offre un espace de stockage id\u00e9al pour vos petits objets essentiels tels que votre t\u00e9l\u00e9phone, portefeuille, cl\u00e9s, ou tout autre article dont vous avez besoin pendant vos d\u00e9placements. Son design astucieux et sa fixation s\u00e9curis\u00e9e sur le guidon vous permettent d&#8217;acc\u00e9der facilement \u00e0 vos affaires tout en conservant un look \u00e9l\u00e9gant. La sacoche <strong>Wild Man 2L<\/strong> est un ajout fonctionnel et styl\u00e9 \u00e0 votre trottinette \u00e9lectrique pour vous accompagner lors de vos trajets en toute praticit\u00e9.<\/p>\n<\/div>\n<\/div>\n<\/div>\n<\/div>\n<\/div>\n<\/div>\n<\/div>\n<\/div>\n","protected":false},"featured_media":67857,"comment_status":"open","ping_status":"closed","template":"","meta":{"om_disable_all_campaigns":false,"_mi_skip_tracking":false,"_monsterinsights_sitenote_active":false,"_monsterinsights_sitenote_note":"","_monsterinsights_sitenote_category":0},"product_cat":[18,51,52,17],"product_tag":[],"aioseo_notices":[],"_links":{"self":[{"href":"https:\/\/dualtron-store.com\/index.php\/wp-json\/wp\/v2\/product\/56383"}],"collection":[{"href":"https:\/\/dualtron-store.com\/index.php\/wp-json\/wp\/v2\/product"}],"about":[{"href":"https:\/\/dualtron-store.com\/index.php\/wp-json\/wp\/v2\/types\/product"}],"replies":[{"embeddable":true,"href":"https:\/\/dualtron-store.com\/index.php\/wp-json\/wp\/v2\/comments?post=56383"}],"wp:featuredmedia":[{"embeddable":true,"href":"https:\/\/dualtron-store.com\/index.php\/wp-json\/wp\/v2\/media\/67857"}],"wp:attachment":[{"href":"https:\/\/dualtron-store.com\/index.php\/wp-json\/wp\/v2\/media?parent=56383"}],"wp:term":[{"taxonomy":"product_cat","embeddable":true,"href":"https:\/\/dualtron-store.com\/index.php\/wp-json\/wp\/v2\/product_cat?post=56383"},{"taxonomy":"product_tag","embeddable":true,"href":"https:\/\/dualtron-store.com\/index.php\/wp-json\/wp\/v2\/product_tag?post=56383"}],"curies":[{"name":"wp","href":"https:\/\/api.w.org\/{rel}","templated":true}]}}