{"id":56174,"date":"2023-01-26T14:00:12","date_gmt":"2023-01-26T13:00:12","guid":{"rendered":"https:\/\/dualtron-store.com\/?post_type=product&#038;p=56174"},"modified":"2024-07-06T17:21:55","modified_gmt":"2024-07-06T15:21:55","slug":"casque-jet-mt-thunder-3-sv","status":"publish","type":"product","link":"https:\/\/dualtron-store.com\/index.php\/produit\/casque-jet-mt-thunder-3-sv\/","title":{"rendered":"Casque Jet MT Thunder 3 SV"},"content":{"rendered":"","protected":false},"excerpt":{"rendered":"<p>Coque au design a\u00e9rodynamique, ventil\u00e9e, fibre insonoris\u00e9e, haute absorption d&#8217;impact. 2 tailles de coques. Double \u00e9crans incluant \u00e9cran solaire, r\u00e9sistance UV&#8230;<\/p>\n","protected":false},"featured_media":0,"comment_status":"open","ping_status":"closed","template":"","meta":{"om_disable_all_campaigns":false,"_mi_skip_tracking":false,"_monsterinsights_sitenote_active":false,"_monsterinsights_sitenote_note":"","_monsterinsights_sitenote_category":0},"product_cat":[17],"product_tag":[],"aioseo_notices":[],"_links":{"self":[{"href":"https:\/\/dualtron-store.com\/index.php\/wp-json\/wp\/v2\/product\/56174"}],"collection":[{"href":"https:\/\/dualtron-store.com\/index.php\/wp-json\/wp\/v2\/product"}],"about":[{"href":"https:\/\/dualtron-store.com\/index.php\/wp-json\/wp\/v2\/types\/product"}],"replies":[{"embeddable":true,"href":"https:\/\/dualtron-store.com\/index.php\/wp-json\/wp\/v2\/comments?post=56174"}],"wp:attachment":[{"href":"https:\/\/dualtron-store.com\/index.php\/wp-json\/wp\/v2\/media?parent=56174"}],"wp:term":[{"taxonomy":"product_cat","embeddable":true,"href":"https:\/\/dualtron-store.com\/index.php\/wp-json\/wp\/v2\/product_cat?post=56174"},{"taxonomy":"product_tag","embeddable":true,"href":"https:\/\/dualtron-store.com\/index.php\/wp-json\/wp\/v2\/product_tag?post=56174"}],"curies":[{"name":"wp","href":"https:\/\/api.w.org\/{rel}","templated":true}]}}