{"id":55368,"date":"2023-01-04T13:43:38","date_gmt":"2023-01-04T12:43:38","guid":{"rendered":"https:\/\/dualtron-store.com\/?post_type=product&#038;p=55368"},"modified":"2026-03-12T19:58:15","modified_gmt":"2026-03-12T18:58:15","slug":"cable-de-frein-de-dualtron-mini-et-speedway-leger","status":"publish","type":"product","link":"https:\/\/dualtron-store.com\/index.php\/produit\/cable-de-frein-de-dualtron-mini-et-speedway-leger\/","title":{"rendered":"C\u00e2ble de frein de Dualtron Mini &#038; Speedway Leger"},"content":{"rendered":"<p>C\u00e2ble de frein de Dualtron Mini et Speedway Leger, disponible pour l&#8217;avant et pour l&#8217;arri\u00e8re.<\/p>\n","protected":false},"excerpt":{"rendered":"<p>C\u00e2ble de frein de Dualtron Mini et Speedway Leger, disponible pour l&#8217;avant et pour l&#8217;arri\u00e8re.<\/p>\n","protected":false},"featured_media":86677,"comment_status":"open","ping_status":"closed","template":"","meta":{"om_disable_all_campaigns":false,"_mi_skip_tracking":false,"_monsterinsights_sitenote_active":false,"_monsterinsights_sitenote_note":"","_monsterinsights_sitenote_category":0},"product_cat":[287,18,51],"product_tag":[],"aioseo_notices":[],"_links":{"self":[{"href":"https:\/\/dualtron-store.com\/index.php\/wp-json\/wp\/v2\/product\/55368"}],"collection":[{"href":"https:\/\/dualtron-store.com\/index.php\/wp-json\/wp\/v2\/product"}],"about":[{"href":"https:\/\/dualtron-store.com\/index.php\/wp-json\/wp\/v2\/types\/product"}],"replies":[{"embeddable":true,"href":"https:\/\/dualtron-store.com\/index.php\/wp-json\/wp\/v2\/comments?post=55368"}],"wp:featuredmedia":[{"embeddable":true,"href":"https:\/\/dualtron-store.com\/index.php\/wp-json\/wp\/v2\/media\/86677"}],"wp:attachment":[{"href":"https:\/\/dualtron-store.com\/index.php\/wp-json\/wp\/v2\/media?parent=55368"}],"wp:term":[{"taxonomy":"product_cat","embeddable":true,"href":"https:\/\/dualtron-store.com\/index.php\/wp-json\/wp\/v2\/product_cat?post=55368"},{"taxonomy":"product_tag","embeddable":true,"href":"https:\/\/dualtron-store.com\/index.php\/wp-json\/wp\/v2\/product_tag?post=55368"}],"curies":[{"name":"wp","href":"https:\/\/api.w.org\/{rel}","templated":true}]}}