{"id":54841,"date":"2022-12-17T12:15:12","date_gmt":"2022-12-17T11:15:12","guid":{"rendered":"https:\/\/dualtron-store.com\/?post_type=product&#038;p=54841"},"modified":"2022-12-17T13:52:37","modified_gmt":"2022-12-17T12:52:37","slug":"dualtron-achilleus-rouge-avec-accessoires-acompte","status":"publish","type":"product","link":"https:\/\/dualtron-store.com\/index.php\/produit\/dualtron-achilleus-rouge-avec-accessoires-acompte\/","title":{"rendered":"Dualtron Achilleus rouge avec accessoires &#8211; acompte"},"content":{"rendered":"<h2><strong>La\u00a0Dualtron Achilleus<\/strong><\/h2>\n<p>Pr\u00e9sente dans la gamme Dualtron depuis maintenant plusieurs ann\u00e9es, la Dualtron Thunder est devenu mythique dans le secteur des trottinettes \u00e9lectriques puissantes de part ces nombreux fans. Il est temps de lui trouver une rempla\u00e7ante : <strong>la dualtron Achilleus<\/strong> arrive sur le march\u00e9 des trottinettes 11 pouces dans la continuit\u00e9 de la Dualtron Thunder.<\/p>\n<h2><strong>Batterie 60V 35 ah et contr\u00f4leurs de 35 amp\u00e8res.<\/strong><\/h2>\n<p>La <strong>Dualtron Achilleus<\/strong> a la m\u00eame batterie que la Dualtron Thunder 2021 : 60V et 35 amp\u00e8res heures compos\u00e9es de cellules LG 21700. Les contr\u00f4leurs de 35 amp\u00e8res coupl\u00e9 \u00e0 sa batterie 60 V permet \u00e0 la dualtron Achilleus d&#8217;atteindre d&#8217;excellentes performances.<\/p>\n<h2><strong>Un chassis plus fin et plus l\u00e9ger que la thunder<\/strong><\/h2>\n<p>Le chassis de la <strong>Dualtron Achilleus<\/strong> est plus fin et plus l\u00e9ger que celui de la Dualtron Thunder . Sa longueur est de 275mm (Dualtron Thunder : 319mm) et le poids de la machine est de 40 kg ( Dualtron Thunder : 43 kg).<\/p>\n<h2><strong>Une esth\u00e9tique proche de la Dualtron thunder 2<\/strong><\/h2>\n<p>Le <strong>Dualtron Achilleus<\/strong> dispose du m\u00eame marche pied que la derni\u00e8re Dualtron Thunder 2. Elle dispose \u00e9galement du deck et de la colonne lumineuse pr\u00e9sente sur les mod\u00e8les haut de gamme Dualtron .<\/p>\n<h2><strong>La fiche technique<\/strong><\/h2>\n<p><strong>Batterie\u00a0:<\/strong>\u00a0LG 60V &#8211; 35 ah &#8211; cellules 21700<\/p>\n<p><strong>Puissance \u00a0:<\/strong>\u00a04648 W maximum<\/p>\n<p><strong>Freinage\u00a0:<\/strong> \u00a0Freins disques avant et arri\u00e8re hydraulique + freinage \u00e9lectrique \u00e0 r\u00e9cup\u00e9ration d&#8217;\u00e9nergie,<\/p>\n<p><strong>Vitesse max\u00a0:<\/strong> 25 km\/h ou 80 km\/h sur voie priv\u00e9e<\/p>\n<p><strong>Roues\u00a0:<\/strong> 11 pouces \u2013 pneus tubeless<\/p>\n<p><strong>Suspensions\u00a0:<\/strong>\u00a0cartouche de suspension &#8216;interchangeable&#8217; \u00e0 l\u2019avant et \u00e0 l\u2019arri\u00e8re<\/p>\n<p><strong>Dispositif d\u2019\u00e9clairage :<\/strong>\u00a0Colonne lumineuse, feus avant et arri\u00e8res, warning.<\/p>\n<p>&nbsp;<\/p>\n<h2><strong>Pourquoi acheter la Dualtron Achilleus chez DUALTRON Store ?<\/strong><\/h2>\n<p><strong>DUALTRON Store, boutique\u00a0officielle de la marque,<\/strong>\u00a0dispose \u00e0 son catalogue l&#8217;ensemble des trottinettes \u00e9lectriques du Fabricant Minimotors ( Dualtron, Futecher et Speedway) et\u00a0vous offre un service <strong>PREMIUM<\/strong> .<\/p>\n<p>Avant remise au client ou exp\u00e9dition, La <strong>Dualtron Achilleus<\/strong>\u00a0passera par l&#8217;atelier et\u00a0sera contr\u00f4l\u00e9e et r\u00e9gl\u00e9e suivant vos attentes (bridage ou pas, r\u00e9glage du niveau de puissance, montage d&#8217;accessoires, installation d&#8217;accessoires de customisation, &#8230;).<\/p>\n<p>Vous pouvez nous joindre au 07 61 87 64 04 ou au 06 95 90 31 91 afin de vous apporter plus de renseignement sur cette <strong>Dualtron Achilleus<\/strong><\/p>\n<p>&nbsp;<\/p>\n","protected":false},"excerpt":{"rendered":"<p><img loading=\"lazy\" class=\"alignnone wp-image-614\" src=\"https:\/\/dualtron-store.com\/wp-content\/uploads\/2018\/06\/dulatron.png\" alt=\"\" width=\"246\" height=\"52\" \/><\/p>\n<p><strong>La dualtron Achilleus<\/strong> est une nouveaut\u00e9 MiniMotors dans la continuit\u00e9 de la mythique <strong>dualtron thunder<\/strong> 60 V.<\/p>\n<p><strong>\u00a0<\/strong><\/p>\n<p><span style=\"color: #993366;\"><b>Dualtron Achilleus rouge (2789 euros) avec :<br \/>\n&#8211; adaptateur +\u00a0b\u00e9quille carbonrevo : 48 euros<br \/>\n&#8211; alarme : 69,90 euros<br \/>\n&#8211; gaine noire carbonrevo : 12 euros<br \/>\n&#8211; collier double erexx V2 : 79 euros<br \/>\n&#8211; amortisseur de direction Erexx damper : 495 euros<br \/>\n&#8211; switch warning \/ eco turbo : 29 euros<\/b><\/span><\/p>\n<p><span style=\"color: #993366;\"><strong>total : 3492,90 euros , remise Noel de 5% =&gt; 3318,25 euros.\u00a0<\/strong><\/span><\/p>\n<p><strong><span style=\"color: #993366;\">Ce premier lien correspond \u00e0 l&#8217;acompte de 3000 euros. 318,25 euros \u00e0 r\u00e9gler via le second lien .<\/span><\/strong><\/p>\n","protected":false},"featured_media":37507,"comment_status":"open","ping_status":"closed","template":"","meta":{"om_disable_all_campaigns":false,"_mi_skip_tracking":false,"_monsterinsights_sitenote_active":false,"_monsterinsights_sitenote_note":"","_monsterinsights_sitenote_category":0},"product_cat":[20,38],"product_tag":[],"aioseo_notices":[],"_links":{"self":[{"href":"https:\/\/dualtron-store.com\/index.php\/wp-json\/wp\/v2\/product\/54841"}],"collection":[{"href":"https:\/\/dualtron-store.com\/index.php\/wp-json\/wp\/v2\/product"}],"about":[{"href":"https:\/\/dualtron-store.com\/index.php\/wp-json\/wp\/v2\/types\/product"}],"replies":[{"embeddable":true,"href":"https:\/\/dualtron-store.com\/index.php\/wp-json\/wp\/v2\/comments?post=54841"}],"wp:featuredmedia":[{"embeddable":true,"href":"https:\/\/dualtron-store.com\/index.php\/wp-json\/wp\/v2\/media\/37507"}],"wp:attachment":[{"href":"https:\/\/dualtron-store.com\/index.php\/wp-json\/wp\/v2\/media?parent=54841"}],"wp:term":[{"taxonomy":"product_cat","embeddable":true,"href":"https:\/\/dualtron-store.com\/index.php\/wp-json\/wp\/v2\/product_cat?post=54841"},{"taxonomy":"product_tag","embeddable":true,"href":"https:\/\/dualtron-store.com\/index.php\/wp-json\/wp\/v2\/product_tag?post=54841"}],"curies":[{"name":"wp","href":"https:\/\/api.w.org\/{rel}","templated":true}]}}