{"id":54199,"date":"2022-11-29T10:51:43","date_gmt":"2022-11-29T09:51:43","guid":{"rendered":"https:\/\/dualtron-store.com\/?post_type=product&#038;p=54199"},"modified":"2023-03-13T19:07:59","modified_gmt":"2023-03-13T18:07:59","slug":"passage-de-la-hero-s9-a-la-dualtron-mini-13ah-2","status":"publish","type":"product","link":"https:\/\/dualtron-store.com\/index.php\/produit\/passage-de-la-hero-s9-a-la-dualtron-mini-13ah-2\/","title":{"rendered":"Passage de la hero S9 a la dualtron mini ltd 13 ah"},"content":{"rendered":"","protected":false},"excerpt":{"rendered":"<p><strong>Passage de la hero S9 a la dualtron mini double freins 13ah .<\/strong><\/p>\n<p><strong>799 euros d\u00e9j\u00e0 r\u00e9gl\u00e9 , compl\u00e9ment \u00e0\u00a0r\u00e9gler de 190 euros.<\/strong><\/p>\n","protected":false},"featured_media":40531,"comment_status":"open","ping_status":"closed","template":"","meta":{"om_disable_all_campaigns":false,"_mi_skip_tracking":false,"_monsterinsights_sitenote_active":false,"_monsterinsights_sitenote_note":"","_monsterinsights_sitenote_category":0},"product_cat":[20,38],"product_tag":[],"aioseo_notices":[],"_links":{"self":[{"href":"https:\/\/dualtron-store.com\/index.php\/wp-json\/wp\/v2\/product\/54199"}],"collection":[{"href":"https:\/\/dualtron-store.com\/index.php\/wp-json\/wp\/v2\/product"}],"about":[{"href":"https:\/\/dualtron-store.com\/index.php\/wp-json\/wp\/v2\/types\/product"}],"replies":[{"embeddable":true,"href":"https:\/\/dualtron-store.com\/index.php\/wp-json\/wp\/v2\/comments?post=54199"}],"wp:featuredmedia":[{"embeddable":true,"href":"https:\/\/dualtron-store.com\/index.php\/wp-json\/wp\/v2\/media\/40531"}],"wp:attachment":[{"href":"https:\/\/dualtron-store.com\/index.php\/wp-json\/wp\/v2\/media?parent=54199"}],"wp:term":[{"taxonomy":"product_cat","embeddable":true,"href":"https:\/\/dualtron-store.com\/index.php\/wp-json\/wp\/v2\/product_cat?post=54199"},{"taxonomy":"product_tag","embeddable":true,"href":"https:\/\/dualtron-store.com\/index.php\/wp-json\/wp\/v2\/product_tag?post=54199"}],"curies":[{"name":"wp","href":"https:\/\/api.w.org\/{rel}","templated":true}]}}