{"id":54062,"date":"2022-11-25T14:20:18","date_gmt":"2022-11-25T13:20:18","guid":{"rendered":"https:\/\/dualtron-store.com\/index.php\/produit\/pate-dissipation-thermique\/"},"modified":"2026-02-11T15:14:04","modified_gmt":"2026-02-11T14:14:04","slug":"pate-dissipation-thermique","status":"publish","type":"product","link":"https:\/\/dualtron-store.com\/index.php\/produit\/pate-dissipation-thermique\/","title":{"rendered":"Pate Dissipation Thermique"},"content":{"rendered":"","protected":false},"excerpt":{"rendered":"<p>Profitez d&#8217;une conduite fluide et s\u00e9curis\u00e9e tout en b\u00e9n\u00e9ficiant de la fiabilit\u00e9 accrue offerte par cette innovation de dissipation thermique, faisant de cette trottinette \u00e9lectrique un choix id\u00e9al pour les amateurs de d\u00e9placements \u00e9lectriques urbains.<\/p>\n","protected":false},"featured_media":83633,"comment_status":"open","ping_status":"closed","template":"","meta":{"om_disable_all_campaigns":false,"_mi_skip_tracking":false,"_monsterinsights_sitenote_active":false,"_monsterinsights_sitenote_note":"","_monsterinsights_sitenote_category":0},"product_cat":[18,17],"product_tag":[],"aioseo_notices":[],"_links":{"self":[{"href":"https:\/\/dualtron-store.com\/index.php\/wp-json\/wp\/v2\/product\/54062"}],"collection":[{"href":"https:\/\/dualtron-store.com\/index.php\/wp-json\/wp\/v2\/product"}],"about":[{"href":"https:\/\/dualtron-store.com\/index.php\/wp-json\/wp\/v2\/types\/product"}],"replies":[{"embeddable":true,"href":"https:\/\/dualtron-store.com\/index.php\/wp-json\/wp\/v2\/comments?post=54062"}],"wp:featuredmedia":[{"embeddable":true,"href":"https:\/\/dualtron-store.com\/index.php\/wp-json\/wp\/v2\/media\/83633"}],"wp:attachment":[{"href":"https:\/\/dualtron-store.com\/index.php\/wp-json\/wp\/v2\/media?parent=54062"}],"wp:term":[{"taxonomy":"product_cat","embeddable":true,"href":"https:\/\/dualtron-store.com\/index.php\/wp-json\/wp\/v2\/product_cat?post=54062"},{"taxonomy":"product_tag","embeddable":true,"href":"https:\/\/dualtron-store.com\/index.php\/wp-json\/wp\/v2\/product_tag?post=54062"}],"curies":[{"name":"wp","href":"https:\/\/api.w.org\/{rel}","templated":true}]}}