{"id":52126,"date":"2022-10-07T13:14:42","date_gmt":"2022-10-07T11:14:42","guid":{"rendered":"https:\/\/dualtron-store.com\/?post_type=product&#038;p=52126"},"modified":"2022-11-05T14:25:05","modified_gmt":"2022-11-05T13:25:05","slug":"passage-de-la-futecher-gun-a-la-dualtron-mini-13-ah-double-freins","status":"publish","type":"product","link":"https:\/\/dualtron-store.com\/index.php\/produit\/passage-de-la-futecher-gun-a-la-dualtron-mini-13-ah-double-freins\/","title":{"rendered":"Passage de la futecher gun a la dualtron mini 13 ah SPECIAL"},"content":{"rendered":"","protected":false},"excerpt":{"rendered":"<p><strong>Passage de la futecher gun a la dualtron mini double freins 13 Ah version SPECIAL.<\/strong><\/p>\n<p><strong>939 euros d\u00e9j\u00e0 r\u00e9gl\u00e9 , compl\u00e9ment \u00e0\u00a0r\u00e9gler de 150 euros ( ce qui correspond \u00e0 un montant de 1089 euros pour la\u00a0Dualtron Mini 13 ah Special)<\/strong><\/p>\n<p><strong>Compl\u00e9ment \u00e0 r\u00e9gler : \u00a0150 euros.<\/strong><\/p>\n<p><strong>Sacoche 3 litres offerte<\/strong><\/p>\n","protected":false},"featured_media":40531,"comment_status":"open","ping_status":"closed","template":"","meta":{"om_disable_all_campaigns":false,"_mi_skip_tracking":false,"_monsterinsights_sitenote_active":false,"_monsterinsights_sitenote_note":"","_monsterinsights_sitenote_category":0},"product_cat":[20,38],"product_tag":[],"aioseo_notices":[],"_links":{"self":[{"href":"https:\/\/dualtron-store.com\/index.php\/wp-json\/wp\/v2\/product\/52126"}],"collection":[{"href":"https:\/\/dualtron-store.com\/index.php\/wp-json\/wp\/v2\/product"}],"about":[{"href":"https:\/\/dualtron-store.com\/index.php\/wp-json\/wp\/v2\/types\/product"}],"replies":[{"embeddable":true,"href":"https:\/\/dualtron-store.com\/index.php\/wp-json\/wp\/v2\/comments?post=52126"}],"wp:featuredmedia":[{"embeddable":true,"href":"https:\/\/dualtron-store.com\/index.php\/wp-json\/wp\/v2\/media\/40531"}],"wp:attachment":[{"href":"https:\/\/dualtron-store.com\/index.php\/wp-json\/wp\/v2\/media?parent=52126"}],"wp:term":[{"taxonomy":"product_cat","embeddable":true,"href":"https:\/\/dualtron-store.com\/index.php\/wp-json\/wp\/v2\/product_cat?post=52126"},{"taxonomy":"product_tag","embeddable":true,"href":"https:\/\/dualtron-store.com\/index.php\/wp-json\/wp\/v2\/product_tag?post=52126"}],"curies":[{"name":"wp","href":"https:\/\/api.w.org\/{rel}","templated":true}]}}