{"id":47486,"date":"2022-06-22T15:47:18","date_gmt":"2022-06-22T13:47:18","guid":{"rendered":"https:\/\/dualtron-store.com\/?post_type=product&#038;p=47486"},"modified":"2026-04-17T17:59:51","modified_gmt":"2026-04-17T15:59:51","slug":"pneu-cst-10x3","status":"publish","type":"product","link":"https:\/\/dualtron-store.com\/index.php\/produit\/pneu-cst-10x3\/","title":{"rendered":"Pneu CST 10&#215;3"},"content":{"rendered":"<h2><strong>Pr\u00e9sentation<\/strong><\/h2>\n<p>Ce pneus CST\u00a0<strong>de taille 10 x3 pouces<\/strong> \u00e9tait tr\u00e8s attendu par beaucoup d&#8217;utilisateurs . Il est enfin disponible et permet d&#8217;\u00e9quiper nos trottinettes \u00e9lectriques 10 pouces comme la Dualtron Victor (sans modifications) et \u00e9galement la Dualtron new et la dualtron eagle en modifiant le garde boue arri\u00e8re.<\/p>\n<p>&nbsp;<\/p>\n<h2><strong>Caract\u00e9ristiques techniques<\/strong><\/h2>\n<p><strong>Dimensions<\/strong> : 10&#8243; x 3<\/p>\n","protected":false},"excerpt":{"rendered":"<p><strong>Pneu 10 x 3.00<\/strong>\u00a0CST\u00a0pour trottinettes \u00e9lectriques 10 pouces ( Dualtron Victor, Dualtron eagle, Dualtron new , etc&#8230; ) .<br \/>\nAvec une forme plus arrondie et une qualit\u00e9 de gomme sup\u00e9rieure aux pneus d&#8217;origine, ce <strong>pneu 10&#215;3.00<\/strong> vous offrira une meilleure adh\u00e9rence et vous permettra de prendre les virages serr\u00e9s en toute s\u00e9curit\u00e9.<\/p>\n<p>Ce pneu ne se monte pas sur la jante tubeless. Montage uniquement avec chambre \u00e0 air<\/p>\n<p><span style=\"color: #800080;\"><strong>En Stock.<\/strong><\/span><\/p>\n","protected":false},"featured_media":77034,"comment_status":"open","ping_status":"closed","template":"","meta":{"om_disable_all_campaigns":false,"_mi_skip_tracking":false,"_monsterinsights_sitenote_active":false,"_monsterinsights_sitenote_note":"","_monsterinsights_sitenote_category":0},"product_cat":[346,277,276,325,613,616,580,633,18,51],"product_tag":[],"aioseo_notices":[],"_links":{"self":[{"href":"https:\/\/dualtron-store.com\/index.php\/wp-json\/wp\/v2\/product\/47486"}],"collection":[{"href":"https:\/\/dualtron-store.com\/index.php\/wp-json\/wp\/v2\/product"}],"about":[{"href":"https:\/\/dualtron-store.com\/index.php\/wp-json\/wp\/v2\/types\/product"}],"replies":[{"embeddable":true,"href":"https:\/\/dualtron-store.com\/index.php\/wp-json\/wp\/v2\/comments?post=47486"}],"wp:featuredmedia":[{"embeddable":true,"href":"https:\/\/dualtron-store.com\/index.php\/wp-json\/wp\/v2\/media\/77034"}],"wp:attachment":[{"href":"https:\/\/dualtron-store.com\/index.php\/wp-json\/wp\/v2\/media?parent=47486"}],"wp:term":[{"taxonomy":"product_cat","embeddable":true,"href":"https:\/\/dualtron-store.com\/index.php\/wp-json\/wp\/v2\/product_cat?post=47486"},{"taxonomy":"product_tag","embeddable":true,"href":"https:\/\/dualtron-store.com\/index.php\/wp-json\/wp\/v2\/product_tag?post=47486"}],"curies":[{"name":"wp","href":"https:\/\/api.w.org\/{rel}","templated":true}]}}