{"id":4696,"date":"2019-09-25T14:11:54","date_gmt":"2019-09-25T12:11:54","guid":{"rendered":"https:\/\/dualtron-store.com\/?post_type=product&#038;p=4696"},"modified":"2026-04-03T22:45:59","modified_gmt":"2026-04-03T20:45:59","slug":"siege-dualtron-x","status":"publish","type":"product","link":"https:\/\/dualtron-store.com\/index.php\/produit\/siege-dualtron-x\/","title":{"rendered":"KIT si\u00e8ge Dualtron X"},"content":{"rendered":"","protected":false},"excerpt":{"rendered":"<p>Pack si\u00e8ge\u00a0officiel d&#8217;origine MiniMotors\u00a0pour Dualtron\u00a0X\u00a0. Il est fourni avec un support arri\u00e8re \/ porte bagage . Fourni avec les fixations et vis. Produit authentique et d&#8217;origine MiniMotors. N&#8217;h\u00e9sitez pas \u00e0 nous contacter par t\u00e9l\u00e9phone ou sms pour tout renseignement compl\u00e9mentaire. En Stock &#8211; livraison gratuite en 24 &#8211; 48 H<\/p>\n","protected":false},"featured_media":4700,"comment_status":"open","ping_status":"closed","template":"","meta":{"om_disable_all_campaigns":false,"_mi_skip_tracking":false,"_monsterinsights_sitenote_active":false,"_monsterinsights_sitenote_note":"","_monsterinsights_sitenote_category":0},"product_cat":[281,273,18,51,52],"product_tag":[],"aioseo_notices":[],"_links":{"self":[{"href":"https:\/\/dualtron-store.com\/index.php\/wp-json\/wp\/v2\/product\/4696"}],"collection":[{"href":"https:\/\/dualtron-store.com\/index.php\/wp-json\/wp\/v2\/product"}],"about":[{"href":"https:\/\/dualtron-store.com\/index.php\/wp-json\/wp\/v2\/types\/product"}],"replies":[{"embeddable":true,"href":"https:\/\/dualtron-store.com\/index.php\/wp-json\/wp\/v2\/comments?post=4696"}],"wp:featuredmedia":[{"embeddable":true,"href":"https:\/\/dualtron-store.com\/index.php\/wp-json\/wp\/v2\/media\/4700"}],"wp:attachment":[{"href":"https:\/\/dualtron-store.com\/index.php\/wp-json\/wp\/v2\/media?parent=4696"}],"wp:term":[{"taxonomy":"product_cat","embeddable":true,"href":"https:\/\/dualtron-store.com\/index.php\/wp-json\/wp\/v2\/product_cat?post=4696"},{"taxonomy":"product_tag","embeddable":true,"href":"https:\/\/dualtron-store.com\/index.php\/wp-json\/wp\/v2\/product_tag?post=4696"}],"curies":[{"name":"wp","href":"https:\/\/api.w.org\/{rel}","templated":true}]}}