{"id":4667,"date":"2019-09-24T20:54:12","date_gmt":"2019-09-24T18:54:12","guid":{"rendered":"https:\/\/dualtron-store.com\/?post_type=product&#038;p=4667"},"modified":"2026-04-17T13:54:31","modified_gmt":"2026-04-17T11:54:31","slug":"plaquettes-de-frein-dualtron-dt3","status":"publish","type":"product","link":"https:\/\/dualtron-store.com\/index.php\/produit\/plaquettes-de-frein-dualtron-dt3\/","title":{"rendered":"Plaquettes de frein Dualtron 3 xtech semi m\u00e9tallique"},"content":{"rendered":"","protected":false},"excerpt":{"rendered":"<p><strong>Jeu de 2 plaquettes de frein\u00a0<\/strong>pour \u00e9triers XTECH \u00a0<b>semi\u00a0m\u00e9tallique haute performance :<br \/>\n<\/b>&#8211; pour Dualtron 3 et trottinettes \u00e9quip\u00e9es d&#8217;\u00e9triers XTECH,<br \/>\n&#8211; long\u00e9vit\u00e9 accrue,<br \/>\n&#8211; meilleur freinage tout temps.<\/p>\n<p>&nbsp;<\/p>\n","protected":false},"featured_media":2070,"comment_status":"open","ping_status":"closed","template":"","meta":{"om_disable_all_campaigns":false,"_mi_skip_tracking":false,"_monsterinsights_sitenote_active":false,"_monsterinsights_sitenote_note":"","_monsterinsights_sitenote_category":0},"product_cat":[18,51],"product_tag":[],"aioseo_notices":[],"_links":{"self":[{"href":"https:\/\/dualtron-store.com\/index.php\/wp-json\/wp\/v2\/product\/4667"}],"collection":[{"href":"https:\/\/dualtron-store.com\/index.php\/wp-json\/wp\/v2\/product"}],"about":[{"href":"https:\/\/dualtron-store.com\/index.php\/wp-json\/wp\/v2\/types\/product"}],"replies":[{"embeddable":true,"href":"https:\/\/dualtron-store.com\/index.php\/wp-json\/wp\/v2\/comments?post=4667"}],"wp:featuredmedia":[{"embeddable":true,"href":"https:\/\/dualtron-store.com\/index.php\/wp-json\/wp\/v2\/media\/2070"}],"wp:attachment":[{"href":"https:\/\/dualtron-store.com\/index.php\/wp-json\/wp\/v2\/media?parent=4667"}],"wp:term":[{"taxonomy":"product_cat","embeddable":true,"href":"https:\/\/dualtron-store.com\/index.php\/wp-json\/wp\/v2\/product_cat?post=4667"},{"taxonomy":"product_tag","embeddable":true,"href":"https:\/\/dualtron-store.com\/index.php\/wp-json\/wp\/v2\/product_tag?post=4667"}],"curies":[{"name":"wp","href":"https:\/\/api.w.org\/{rel}","templated":true}]}}