{"id":43480,"date":"2022-04-05T22:32:44","date_gmt":"2022-04-05T20:32:44","guid":{"rendered":"https:\/\/dualtron-store.com\/?post_type=product&#038;p=43480"},"modified":"2024-06-12T12:15:38","modified_gmt":"2024-06-12T10:15:38","slug":"rovoron-kullter-234ah-256ah-315ah","status":"publish","type":"product","link":"https:\/\/dualtron-store.com\/index.php\/produit\/rovoron-kullter-234ah-256ah-315ah\/","title":{"rendered":"Rovoron Kullter 23,4 ah &#8211; luxury 30 ah"},"content":{"rendered":"<h2><strong>La Rovoron Kullter : Une trottinette \u00e9lectrique puissante et polyvalente<\/strong><\/h2>\n<p>Dot\u00e9e de l&#8217;\u00e9lectronique et de moteurs Minimotors , La Rovoron Kullter se veut tr\u00e8s r\u00e9active et puissante. Disposant d&#8217;un chassis robuste et d&#8217;amortisseurs avants et arri\u00e8res tr\u00e8s efficaces, La Rovoron Kullter est tr\u00e8s performante sur route et tr\u00e8s \u00e0 l&#8217;aise dans les chemins et sentiers.<\/p>\n<h2><strong>La Rovoron Kullter en video <\/strong><\/h2>\n<h3><em><strong>Pr\u00e9sentation de la Rovoron par Aymard Vernay notre ambassadeur de marque<\/strong><\/em><\/h3>\n<p><iframe loading=\"lazy\" title=\"ROVORON KULLTER LUXURY - LE TEST ULTIME PAR AYMARD VERNAY\" width=\"1140\" height=\"641\" src=\"https:\/\/www.youtube.com\/embed\/QeA7znDNBtI?feature=oembed\" frameborder=\"0\" allow=\"accelerometer; autoplay; clipboard-write; encrypted-media; gyroscope; picture-in-picture; web-share\" referrerpolicy=\"strict-origin-when-cross-origin\" allowfullscreen><\/iframe><\/p>\n<h3><\/h3>\n<h3><em><strong>unboxing de Dualtron Rider<\/strong><\/em><\/h3>\n<p><iframe loading=\"lazy\" title=\"UNBOXING Rovoron Kullter \/ Luxury - DUALTRON Store \u00ae FRANCE - code promo : dualtronrider\" width=\"1140\" height=\"641\" src=\"https:\/\/www.youtube.com\/embed\/rJTb_4ipBVU?feature=oembed\" frameborder=\"0\" allow=\"accelerometer; autoplay; clipboard-write; encrypted-media; gyroscope; picture-in-picture; web-share\" referrerpolicy=\"strict-origin-when-cross-origin\" allowfullscreen><\/iframe><\/p>\n<h3><\/h3>\n<h3><em><strong>Pr\u00e9sentation et tests r\u00e9alis\u00e9s par kramtoo\u00a0<\/strong><\/em><\/h3>\n<p><iframe loading=\"lazy\" title=\"ROVORON KULLTER LUXURY TEST TROTTINETTE ELECTRIQUE !\" width=\"1140\" height=\"641\" src=\"https:\/\/www.youtube.com\/embed\/QB7kgXFpzX4?feature=oembed\" frameborder=\"0\" allow=\"accelerometer; autoplay; clipboard-write; encrypted-media; gyroscope; picture-in-picture; web-share\" referrerpolicy=\"strict-origin-when-cross-origin\" allowfullscreen><\/iframe><\/p>\n<h2><\/h2>\n<h2><strong>La Rovoron Kullter en photos<\/strong><\/h2>\n<p><a href=\"https:\/\/dualtron-store.com\/wp-content\/uploads\/2022\/04\/Capture-decran-2022-04-05-a-23.39.05.png\"><img loading=\"lazy\" class=\"alignnone wp-image-43495\" src=\"https:\/\/dualtron-store.com\/wp-content\/uploads\/2022\/04\/Capture-decran-2022-04-05-a-23.39.05.png\" alt=\"\" width=\"487\" height=\"400\" srcset=\"https:\/\/dualtron-store.com\/wp-content\/uploads\/2022\/04\/Capture-decran-2022-04-05-a-23.39.05-400x328.png 400w, https:\/\/dualtron-store.com\/wp-content\/uploads\/2022\/04\/Capture-decran-2022-04-05-a-23.39.05-367x301.png 367w\" sizes=\"(max-width: 487px) 100vw, 487px\" \/><\/a><\/p>\n<h2><strong><a href=\"https:\/\/dualtron-store.com\/wp-content\/uploads\/2022\/04\/Capture-decran-2022-04-05-a-23.36.31.png\"><img loading=\"lazy\" class=\"alignnone wp-image-43503\" src=\"https:\/\/dualtron-store.com\/wp-content\/uploads\/2022\/04\/Capture-decran-2022-04-05-a-23.36.31.png\" alt=\"\" width=\"491\" height=\"497\" srcset=\"https:\/\/dualtron-store.com\/wp-content\/uploads\/2022\/04\/Capture-decran-2022-04-05-a-23.36.31-400x404.png 400w, https:\/\/dualtron-store.com\/wp-content\/uploads\/2022\/04\/Capture-decran-2022-04-05-a-23.36.31-367x371.png 367w\" sizes=\"(max-width: 491px) 100vw, 491px\" \/><\/a><\/strong><\/h2>\n<h2><strong><a href=\"https:\/\/dualtron-store.com\/wp-content\/uploads\/2022\/04\/Capture-decran-2022-04-05-a-23.36.59.png\"><img loading=\"lazy\" class=\"alignnone wp-image-43502\" src=\"https:\/\/dualtron-store.com\/wp-content\/uploads\/2022\/04\/Capture-decran-2022-04-05-a-23.36.59.png\" alt=\"\" width=\"496\" height=\"283\" srcset=\"https:\/\/dualtron-store.com\/wp-content\/uploads\/2022\/04\/Capture-decran-2022-04-05-a-23.36.59-400x228.png 400w, https:\/\/dualtron-store.com\/wp-content\/uploads\/2022\/04\/Capture-decran-2022-04-05-a-23.36.59-367x209.png 367w\" sizes=\"(max-width: 496px) 100vw, 496px\" \/><\/a><\/strong><\/h2>\n<p><a href=\"https:\/\/dualtron-store.com\/wp-content\/uploads\/2022\/04\/Capture-decran-2022-04-05-a-23.37.35.png\"><img loading=\"lazy\" class=\"alignnone wp-image-43501\" src=\"https:\/\/dualtron-store.com\/wp-content\/uploads\/2022\/04\/Capture-decran-2022-04-05-a-23.37.35.png\" alt=\"\" width=\"492\" height=\"309\" srcset=\"https:\/\/dualtron-store.com\/wp-content\/uploads\/2022\/04\/Capture-decran-2022-04-05-a-23.37.35-400x251.png 400w, https:\/\/dualtron-store.com\/wp-content\/uploads\/2022\/04\/Capture-decran-2022-04-05-a-23.37.35-367x230.png 367w\" sizes=\"(max-width: 492px) 100vw, 492px\" \/><\/a><\/p>\n<h2><\/h2>\n<h2><strong>Les caract\u00e9ristiques de la Rovoron Kullter<\/strong><\/h2>\n<p>La <strong>Rovoron Kullter<\/strong>\u00a0dispose d&#8217;une motorisation et d&#8217;une batterie en 60 V. Coupl\u00e9e \u00e0 un contr\u00f4leur de 30 amp\u00e8res, la trottinette \u00e9lectrique Rovoron Kullter permet de d\u00e9velopper une puissance maximale de 4000 W.<\/p>\n<p>Cette trottinette \u00e9lectrique est chauss\u00e9e de pneus tubeless 10 pouces et dispose de freins disques avants et arri\u00e8res.<\/p>\n<p>La Rovoron Kullter est tr\u00e8s bien \u00e9quip\u00e9e de s\u00e9rie : Clignotants, avertisseur sonore, fonction mono moteur \/ dual moteur, phare avant, amortisseurs \u00e0 air.<\/p>\n<p><a href=\"https:\/\/dualtron-store.com\/wp-content\/uploads\/2022\/04\/Capture-decran-2022-04-05-a-23.37.49.png\"><img loading=\"lazy\" class=\"alignnone wp-image-43500\" src=\"https:\/\/dualtron-store.com\/wp-content\/uploads\/2022\/04\/Capture-decran-2022-04-05-a-23.37.49.png\" alt=\"\" width=\"379\" height=\"230\" \/><\/a>\u00a0 \u00a0\u00a0 \u00a0\u00a0 \u00a0\u00a0 \u00a0<a href=\"https:\/\/dualtron-store.com\/wp-content\/uploads\/2022\/04\/Capture-decran-2022-04-05-a-23.38.07.png\"><img loading=\"lazy\" class=\"alignnone wp-image-43498\" src=\"https:\/\/dualtron-store.com\/wp-content\/uploads\/2022\/04\/Capture-decran-2022-04-05-a-23.38.07.png\" alt=\"\" width=\"342\" height=\"219\" \/><\/a><\/p>\n<p><a href=\"https:\/\/dualtron-store.com\/wp-content\/uploads\/2022\/04\/Capture-decran-2022-04-05-a-23.38.35.png\"><img loading=\"lazy\" class=\"alignnone size-full wp-image-43496\" src=\"https:\/\/dualtron-store.com\/wp-content\/uploads\/2022\/04\/Capture-decran-2022-04-05-a-23.38.35.png\" alt=\"\" width=\"1910\" height=\"594\" srcset=\"https:\/\/dualtron-store.com\/wp-content\/uploads\/2022\/04\/Capture-decran-2022-04-05-a-23.38.35.png 1910w, https:\/\/dualtron-store.com\/wp-content\/uploads\/2022\/04\/Capture-decran-2022-04-05-a-23.38.35-1024x318.png 1024w, https:\/\/dualtron-store.com\/wp-content\/uploads\/2022\/04\/Capture-decran-2022-04-05-a-23.38.35-768x239.png 768w, https:\/\/dualtron-store.com\/wp-content\/uploads\/2022\/04\/Capture-decran-2022-04-05-a-23.38.35-1536x478.png 1536w, https:\/\/dualtron-store.com\/wp-content\/uploads\/2022\/04\/Capture-decran-2022-04-05-a-23.38.35-640x199.png 640w, https:\/\/dualtron-store.com\/wp-content\/uploads\/2022\/04\/Capture-decran-2022-04-05-a-23.38.35-400x124.png 400w, https:\/\/dualtron-store.com\/wp-content\/uploads\/2022\/04\/Capture-decran-2022-04-05-a-23.38.35-367x114.png 367w, https:\/\/dualtron-store.com\/wp-content\/uploads\/2022\/04\/Capture-decran-2022-04-05-a-23.38.35-600x187.png 600w\" sizes=\"(max-width: 1910px) 100vw, 1910px\" \/><\/a><\/p>\n<h2><strong>2 versions : batterie 23,4 ah ou Luxury 30 ah<\/strong><\/h2>\n<p>La <strong>Rovoron Kullter<\/strong> est disponible en 2 types de batterie :<br \/>\n&#8211; batterie 23,4 ah,<br \/>\n&#8211; batterie 30 ah pour la version luxury.<\/p>\n<h2><strong>La fiche technique de la\u00a0<\/strong><strong>Rovoron Kullter<\/strong><\/h2>\n<p><strong>Batterie\u00a0:<\/strong>\u00a023,4 ah \/ 30 ah<\/p>\n<p><strong>Puissance \u00a0:<\/strong> 4000 W<\/p>\n<p><strong>Freinage\u00a0:<\/strong> \u00a0Freins disques \u00a0avant et arri\u00e8re + freins \u00e9lectriques KERS<\/p>\n<p><strong>Vitesse max\u00a0:<\/strong> 25 km\/h sur voie publique ou 75 km\/ sur terrain priv\u00e9<\/p>\n<p><strong>Pneus :<\/strong> 10 pouces tubeless<\/p>\n<p><strong>Suspensions\u00a0:<\/strong>\u00a0amortisseurs \u00e0 air avant et arri\u00e8re<\/p>\n<p><strong>Dispositif d\u2019\u00e9clairage :<\/strong>\u00a0Phare et Feu led avant et arri\u00e8re<\/p>\n<p>&nbsp;<\/p>\n<h2><strong>Pourquoi acheter la Rovoron Kullter chez DUALTRON Store ?<\/strong><\/h2>\n<p><strong>DUALTRON Store, boutique\u00a0officielle de la marque\u00a0Minimotors,<\/strong>\u00a0dispose \u00e0 son catalogue de l&#8217;ensemble des trottinettes \u00e9lectriques du Fabricant Minimotors ( Dualtron, Futecher, Speedway et Rovoron) et\u00a0vous offre un service PREMIUM .<\/p>\n<p>Nous nous attachons \u00e0 pr\u00e9parer chaque trottinette avant remise au client. Avant exp\u00e9dition, la <strong>Rovoron Kullter\u00a0<\/strong>sera v\u00e9rifi\u00e9e et r\u00e9gl\u00e9e en atelier suivant vos attentes (bridage ou pas, r\u00e9glage du niveau de puissance, montage d&#8217;accessoires, mise en place de pi\u00e8ces de customisation, &#8230;).<\/p>\n<p><strong>Nous sommes \u00e0 disposition au 07 61 87 64 04 ou au 06 95 90 31 91 pour aider dans votre choix et\/ou r\u00e9pondre \u00e0 vos questions.<\/strong><\/p>\n","protected":false},"excerpt":{"rendered":"<p><a href=\"https:\/\/dualtron-store.com\/wp-content\/uploads\/2022\/04\/rovoron-1.png\"><img loading=\"lazy\" class=\"alignnone wp-image-43485\" src=\"https:\/\/dualtron-store.com\/wp-content\/uploads\/2022\/04\/rovoron-1.png\" alt=\"\" width=\"207\" height=\"51\" \/><\/a><\/p>\n<p><b>La Rovoron\u00a0Kullter fait son\u00a0apparition dans la gamme des trottinettes \u00e9lectriques Minimotors. Serait-ce la trottinette \u00e9lectrique puissante et polyvalente par excellence ?<\/b><\/p>\n<p><strong><span style=\"color: #333399;\">Possibilit\u00e9 de paiement en 2X, 3X ou 4X par Carte Bancaire sans frais ou en 10X.<\/span><\/strong><\/p>\n<p><strong><span style=\"color: #000000;\">N&#8217;h\u00e9sitez pas \u00e0 nous contactez au 07 61 87 64 04 pour tout renseignement.<\/span><\/strong><\/p>\n","protected":false},"featured_media":43492,"comment_status":"open","ping_status":"closed","template":"","meta":{"om_disable_all_campaigns":false,"_mi_skip_tracking":false,"_monsterinsights_sitenote_active":false,"_monsterinsights_sitenote_note":"","_monsterinsights_sitenote_category":0},"product_cat":[356,20],"product_tag":[],"aioseo_notices":[],"_links":{"self":[{"href":"https:\/\/dualtron-store.com\/index.php\/wp-json\/wp\/v2\/product\/43480"}],"collection":[{"href":"https:\/\/dualtron-store.com\/index.php\/wp-json\/wp\/v2\/product"}],"about":[{"href":"https:\/\/dualtron-store.com\/index.php\/wp-json\/wp\/v2\/types\/product"}],"replies":[{"embeddable":true,"href":"https:\/\/dualtron-store.com\/index.php\/wp-json\/wp\/v2\/comments?post=43480"}],"wp:featuredmedia":[{"embeddable":true,"href":"https:\/\/dualtron-store.com\/index.php\/wp-json\/wp\/v2\/media\/43492"}],"wp:attachment":[{"href":"https:\/\/dualtron-store.com\/index.php\/wp-json\/wp\/v2\/media?parent=43480"}],"wp:term":[{"taxonomy":"product_cat","embeddable":true,"href":"https:\/\/dualtron-store.com\/index.php\/wp-json\/wp\/v2\/product_cat?post=43480"},{"taxonomy":"product_tag","embeddable":true,"href":"https:\/\/dualtron-store.com\/index.php\/wp-json\/wp\/v2\/product_tag?post=43480"}],"curies":[{"name":"wp","href":"https:\/\/api.w.org\/{rel}","templated":true}]}}