{"id":43241,"date":"2022-04-01T16:05:42","date_gmt":"2022-04-01T14:05:42","guid":{"rendered":"https:\/\/dualtron-store.com\/?post_type=product&#038;p=43241"},"modified":"2026-04-15T22:24:58","modified_gmt":"2026-04-15T20:24:58","slug":"bras-de-fourche-dualtron-storm-thunder-2-victor","status":"publish","type":"product","link":"https:\/\/dualtron-store.com\/index.php\/produit\/bras-de-fourche-dualtron-storm-thunder-2-victor\/","title":{"rendered":"Bras de fourche Dualtron Storm\/Thunder 2\/Victor"},"content":{"rendered":"","protected":false},"excerpt":{"rendered":"<p>Le bras de fourche Dualtron Storm\/Thunder 2\/Victor est une pi\u00e8ce de rechange essentielle pour assurer la solidit\u00e9 et la stabilit\u00e9 de la fourche avant de votre trottinette \u00e9lectrique.<\/p>\n","protected":false},"featured_media":84517,"comment_status":"open","ping_status":"closed","template":"","meta":{"om_disable_all_campaigns":false,"_mi_skip_tracking":false,"_monsterinsights_sitenote_active":false,"_monsterinsights_sitenote_note":"","_monsterinsights_sitenote_category":0},"product_cat":[348,346,272,18],"product_tag":[],"aioseo_notices":[],"_links":{"self":[{"href":"https:\/\/dualtron-store.com\/index.php\/wp-json\/wp\/v2\/product\/43241"}],"collection":[{"href":"https:\/\/dualtron-store.com\/index.php\/wp-json\/wp\/v2\/product"}],"about":[{"href":"https:\/\/dualtron-store.com\/index.php\/wp-json\/wp\/v2\/types\/product"}],"replies":[{"embeddable":true,"href":"https:\/\/dualtron-store.com\/index.php\/wp-json\/wp\/v2\/comments?post=43241"}],"wp:featuredmedia":[{"embeddable":true,"href":"https:\/\/dualtron-store.com\/index.php\/wp-json\/wp\/v2\/media\/84517"}],"wp:attachment":[{"href":"https:\/\/dualtron-store.com\/index.php\/wp-json\/wp\/v2\/media?parent=43241"}],"wp:term":[{"taxonomy":"product_cat","embeddable":true,"href":"https:\/\/dualtron-store.com\/index.php\/wp-json\/wp\/v2\/product_cat?post=43241"},{"taxonomy":"product_tag","embeddable":true,"href":"https:\/\/dualtron-store.com\/index.php\/wp-json\/wp\/v2\/product_tag?post=43241"}],"curies":[{"name":"wp","href":"https:\/\/api.w.org\/{rel}","templated":true}]}}