{"id":42377,"date":"2022-03-13T20:50:48","date_gmt":"2022-03-13T19:50:48","guid":{"rendered":"https:\/\/dualtron-store.com\/index.php\/produit\/collier-renforce-erexx-v2\/"},"modified":"2025-02-28T22:46:42","modified_gmt":"2025-02-28T21:46:42","slug":"collier-renforce-erexx-v2","status":"publish","type":"product","link":"https:\/\/dualtron-store.com\/index.php\/produit\/collier-renforce-erexx-v2\/","title":{"rendered":"Collier double renforc\u00e9 EREXX V2 pour Dualtron"},"content":{"rendered":"","protected":false},"excerpt":{"rendered":"<p>Collier double renforc\u00e9\u00a0<strong>EREXX V2 pour Dualtron.<br \/>\n<\/strong>Diminue fortement ( voire \u00e9limine) la souplesse\/jeu pr\u00e9sent sur le collier d&#8217;origine des\u00a0Dualtron\u00a0disposant du nouveau folding.<strong><br \/>\nCompatible Dualtron Victor, Thunder 2, Achilleus, City, Storm, Spider 2 et Thunder 2021<\/strong><\/p>\n<p>Fabriqu\u00e9 en Cor\u00e9e du sud en tr\u00e8s peu d\u2019exemplaire, ce produit de la prestigieuse marque <strong>EREXX<\/strong> est d\u2019une qualit\u00e9 de fabrication exceptionnelle.<\/p>\n<p><strong>Dualtron Store est le distributeur officiel des produits EREXX.<\/strong><\/p>\n","protected":false},"featured_media":42382,"comment_status":"open","ping_status":"closed","template":"","meta":{"om_disable_all_campaigns":false,"_mi_skip_tracking":false,"_monsterinsights_sitenote_active":false,"_monsterinsights_sitenote_note":"","_monsterinsights_sitenote_category":0},"product_cat":[345,348,346,272,274,18,51],"product_tag":[],"aioseo_notices":[],"_links":{"self":[{"href":"https:\/\/dualtron-store.com\/index.php\/wp-json\/wp\/v2\/product\/42377"}],"collection":[{"href":"https:\/\/dualtron-store.com\/index.php\/wp-json\/wp\/v2\/product"}],"about":[{"href":"https:\/\/dualtron-store.com\/index.php\/wp-json\/wp\/v2\/types\/product"}],"replies":[{"embeddable":true,"href":"https:\/\/dualtron-store.com\/index.php\/wp-json\/wp\/v2\/comments?post=42377"}],"wp:featuredmedia":[{"embeddable":true,"href":"https:\/\/dualtron-store.com\/index.php\/wp-json\/wp\/v2\/media\/42382"}],"wp:attachment":[{"href":"https:\/\/dualtron-store.com\/index.php\/wp-json\/wp\/v2\/media?parent=42377"}],"wp:term":[{"taxonomy":"product_cat","embeddable":true,"href":"https:\/\/dualtron-store.com\/index.php\/wp-json\/wp\/v2\/product_cat?post=42377"},{"taxonomy":"product_tag","embeddable":true,"href":"https:\/\/dualtron-store.com\/index.php\/wp-json\/wp\/v2\/product_tag?post=42377"}],"curies":[{"name":"wp","href":"https:\/\/api.w.org\/{rel}","templated":true}]}}