{"id":42096,"date":"2022-03-08T13:34:37","date_gmt":"2022-03-08T12:34:37","guid":{"rendered":"https:\/\/dualtron-store.com\/index.php\/produit\/kit-de-reparation-tubeless\/"},"modified":"2026-01-28T14:41:05","modified_gmt":"2026-01-28T13:41:05","slug":"kit-de-reparation-tubeless","status":"publish","type":"product","link":"https:\/\/dualtron-store.com\/index.php\/produit\/kit-de-reparation-tubeless\/","title":{"rendered":"Kit de r\u00e9paration tubeless"},"content":{"rendered":"","protected":false},"excerpt":{"rendered":"<div id=\"short_description_content\" class=\"rte align_justify\">Kit contenant: &#8211; 5 m\u00e8ches vulcanis\u00e9es &#8211; 1 outil poign\u00e9e en T pour enfiler les m\u00e8ches &#8211; 1 outil de perforation &#8211; 1 colle &#8211; 1 cutter<\/div>\n<div class=\"content_prices clearfix\"><\/div>\n","protected":false},"featured_media":86429,"comment_status":"open","ping_status":"closed","template":"","meta":{"om_disable_all_campaigns":false,"_mi_skip_tracking":false,"_monsterinsights_sitenote_active":false,"_monsterinsights_sitenote_note":"","_monsterinsights_sitenote_category":0},"product_cat":[17],"product_tag":[],"aioseo_notices":[],"_links":{"self":[{"href":"https:\/\/dualtron-store.com\/index.php\/wp-json\/wp\/v2\/product\/42096"}],"collection":[{"href":"https:\/\/dualtron-store.com\/index.php\/wp-json\/wp\/v2\/product"}],"about":[{"href":"https:\/\/dualtron-store.com\/index.php\/wp-json\/wp\/v2\/types\/product"}],"replies":[{"embeddable":true,"href":"https:\/\/dualtron-store.com\/index.php\/wp-json\/wp\/v2\/comments?post=42096"}],"wp:featuredmedia":[{"embeddable":true,"href":"https:\/\/dualtron-store.com\/index.php\/wp-json\/wp\/v2\/media\/86429"}],"wp:attachment":[{"href":"https:\/\/dualtron-store.com\/index.php\/wp-json\/wp\/v2\/media?parent=42096"}],"wp:term":[{"taxonomy":"product_cat","embeddable":true,"href":"https:\/\/dualtron-store.com\/index.php\/wp-json\/wp\/v2\/product_cat?post=42096"},{"taxonomy":"product_tag","embeddable":true,"href":"https:\/\/dualtron-store.com\/index.php\/wp-json\/wp\/v2\/product_tag?post=42096"}],"curies":[{"name":"wp","href":"https:\/\/api.w.org\/{rel}","templated":true}]}}