{"id":42033,"date":"2022-03-07T10:22:43","date_gmt":"2022-03-07T09:22:43","guid":{"rendered":"https:\/\/dualtron-store.com\/?post_type=product&#038;p=42033"},"modified":"2026-04-22T16:38:22","modified_gmt":"2026-04-22T14:38:22","slug":"axe-de-pliage-dualtron-mini","status":"publish","type":"product","link":"https:\/\/dualtron-store.com\/index.php\/produit\/axe-de-pliage-dualtron-mini\/","title":{"rendered":"Axe de pliage Dualtron Mini\/SPW4"},"content":{"rendered":"<p><iframe loading=\"lazy\" title=\"Tuto remplacement axe de pliage Dualtron  Mini - trottinette \u00e9lectrique\" width=\"1140\" height=\"641\" src=\"https:\/\/www.youtube.com\/embed\/eHAQEq5PYeI?feature=oembed\" frameborder=\"0\" allow=\"accelerometer; autoplay; clipboard-write; encrypted-media; gyroscope; picture-in-picture; web-share\" referrerpolicy=\"strict-origin-when-cross-origin\" allowfullscreen><\/iframe><\/p>\n","protected":false},"excerpt":{"rendered":"<p>L&#8217;axe de pliage Dualtron Mini\/SPW4 est une pi\u00e8ce de rechange essentielle con\u00e7ue sp\u00e9cifiquement pour les trottinettes \u00e9lectriques Dualtron Mini et Speedway 4. Cet axe de pliage garantit un m\u00e9canisme de pliage fiable et s\u00e9curis\u00e9, contribuant \u00e0 la facilit\u00e9 d&#8217;utilisation et \u00e0 la portabilit\u00e9 de la trottinette.<\/p>\n","protected":false},"featured_media":68550,"comment_status":"open","ping_status":"closed","template":"","meta":{"om_disable_all_campaigns":false,"_mi_skip_tracking":false,"_monsterinsights_sitenote_active":false,"_monsterinsights_sitenote_note":"","_monsterinsights_sitenote_category":0},"product_cat":[287,284,285,286,18,51],"product_tag":[],"aioseo_notices":[],"_links":{"self":[{"href":"https:\/\/dualtron-store.com\/index.php\/wp-json\/wp\/v2\/product\/42033"}],"collection":[{"href":"https:\/\/dualtron-store.com\/index.php\/wp-json\/wp\/v2\/product"}],"about":[{"href":"https:\/\/dualtron-store.com\/index.php\/wp-json\/wp\/v2\/types\/product"}],"replies":[{"embeddable":true,"href":"https:\/\/dualtron-store.com\/index.php\/wp-json\/wp\/v2\/comments?post=42033"}],"wp:featuredmedia":[{"embeddable":true,"href":"https:\/\/dualtron-store.com\/index.php\/wp-json\/wp\/v2\/media\/68550"}],"wp:attachment":[{"href":"https:\/\/dualtron-store.com\/index.php\/wp-json\/wp\/v2\/media?parent=42033"}],"wp:term":[{"taxonomy":"product_cat","embeddable":true,"href":"https:\/\/dualtron-store.com\/index.php\/wp-json\/wp\/v2\/product_cat?post=42033"},{"taxonomy":"product_tag","embeddable":true,"href":"https:\/\/dualtron-store.com\/index.php\/wp-json\/wp\/v2\/product_tag?post=42033"}],"curies":[{"name":"wp","href":"https:\/\/api.w.org\/{rel}","templated":true}]}}