{"id":41216,"date":"2022-02-10T12:29:21","date_gmt":"2022-02-10T11:29:21","guid":{"rendered":"https:\/\/dualtron-store.com\/?post_type=product&#038;p=41216"},"modified":"2023-11-14T15:12:39","modified_gmt":"2023-11-14T14:12:39","slug":"produit-nettoyant-pour-trottinette","status":"publish","type":"product","link":"https:\/\/dualtron-store.com\/index.php\/produit\/produit-nettoyant-pour-trottinette\/","title":{"rendered":"Produit nettoyant pour trottinette"},"content":{"rendered":"","protected":false},"excerpt":{"rendered":"<p>Le produit nettoyant pour trottinette est la solution id\u00e9ale pour maintenir la propret\u00e9 et l&#8217;apparence soign\u00e9e de votre engin \u00e9lectrique. Formul\u00e9 sp\u00e9cialement pour \u00e9liminer la salet\u00e9, la poussi\u00e8re et les r\u00e9sidus de la route, ce nettoyant offre une solution efficace et sans danger pour diverses surfaces de la trottinette.<\/p>\n","protected":false},"featured_media":41217,"comment_status":"open","ping_status":"closed","template":"","meta":{"om_disable_all_campaigns":false,"_mi_skip_tracking":false,"_monsterinsights_sitenote_active":false,"_monsterinsights_sitenote_note":"","_monsterinsights_sitenote_category":0},"product_cat":[324,18,51,52],"product_tag":[],"aioseo_notices":[],"_links":{"self":[{"href":"https:\/\/dualtron-store.com\/index.php\/wp-json\/wp\/v2\/product\/41216"}],"collection":[{"href":"https:\/\/dualtron-store.com\/index.php\/wp-json\/wp\/v2\/product"}],"about":[{"href":"https:\/\/dualtron-store.com\/index.php\/wp-json\/wp\/v2\/types\/product"}],"replies":[{"embeddable":true,"href":"https:\/\/dualtron-store.com\/index.php\/wp-json\/wp\/v2\/comments?post=41216"}],"wp:featuredmedia":[{"embeddable":true,"href":"https:\/\/dualtron-store.com\/index.php\/wp-json\/wp\/v2\/media\/41217"}],"wp:attachment":[{"href":"https:\/\/dualtron-store.com\/index.php\/wp-json\/wp\/v2\/media?parent=41216"}],"wp:term":[{"taxonomy":"product_cat","embeddable":true,"href":"https:\/\/dualtron-store.com\/index.php\/wp-json\/wp\/v2\/product_cat?post=41216"},{"taxonomy":"product_tag","embeddable":true,"href":"https:\/\/dualtron-store.com\/index.php\/wp-json\/wp\/v2\/product_tag?post=41216"}],"curies":[{"name":"wp","href":"https:\/\/api.w.org\/{rel}","templated":true}]}}