{"id":41122,"date":"2022-02-07T16:25:25","date_gmt":"2022-02-07T15:25:25","guid":{"rendered":"https:\/\/dualtron-store.com\/index.php\/produit\/controleur-dualtron-60v-30a\/"},"modified":"2026-04-16T18:31:12","modified_gmt":"2026-04-16T16:31:12","slug":"controleur-dualtron-60v-30a","status":"publish","type":"product","link":"https:\/\/dualtron-store.com\/index.php\/produit\/controleur-dualtron-60v-30a\/","title":{"rendered":"Controleur dualtron 60V 30A"},"content":{"rendered":"","protected":false},"excerpt":{"rendered":"<p>Le contr\u00f4leur Dualtron 60V 30A est un composant puissant qui am\u00e9liore les performances des trottinettes \u00e9lectriques Dualtron. Il offre une conduite rapide et r\u00e9active avec sa tension de 60 volts et sa capacit\u00e9 de 30 amp\u00e8res. Un incontournable pour les amateurs de trottinettes \u00e9lectriques performantes.<\/p>\n","protected":false},"featured_media":84561,"comment_status":"open","ping_status":"closed","template":"","meta":{"om_disable_all_campaigns":false,"_mi_skip_tracking":false,"_monsterinsights_sitenote_active":false,"_monsterinsights_sitenote_note":"","_monsterinsights_sitenote_category":0},"product_cat":[346],"product_tag":[],"aioseo_notices":[],"_links":{"self":[{"href":"https:\/\/dualtron-store.com\/index.php\/wp-json\/wp\/v2\/product\/41122"}],"collection":[{"href":"https:\/\/dualtron-store.com\/index.php\/wp-json\/wp\/v2\/product"}],"about":[{"href":"https:\/\/dualtron-store.com\/index.php\/wp-json\/wp\/v2\/types\/product"}],"replies":[{"embeddable":true,"href":"https:\/\/dualtron-store.com\/index.php\/wp-json\/wp\/v2\/comments?post=41122"}],"wp:featuredmedia":[{"embeddable":true,"href":"https:\/\/dualtron-store.com\/index.php\/wp-json\/wp\/v2\/media\/84561"}],"wp:attachment":[{"href":"https:\/\/dualtron-store.com\/index.php\/wp-json\/wp\/v2\/media?parent=41122"}],"wp:term":[{"taxonomy":"product_cat","embeddable":true,"href":"https:\/\/dualtron-store.com\/index.php\/wp-json\/wp\/v2\/product_cat?post=41122"},{"taxonomy":"product_tag","embeddable":true,"href":"https:\/\/dualtron-store.com\/index.php\/wp-json\/wp\/v2\/product_tag?post=41122"}],"curies":[{"name":"wp","href":"https:\/\/api.w.org\/{rel}","templated":true}]}}