{"id":40473,"date":"2022-01-20T09:56:16","date_gmt":"2022-01-20T08:56:16","guid":{"rendered":"https:\/\/dualtron-store.com\/?post_type=product&#038;p=40473"},"modified":"2026-04-23T15:03:43","modified_gmt":"2026-04-23T13:03:43","slug":"dualtron-city-20-ah-et-25-ah","status":"publish","type":"product","link":"https:\/\/dualtron-store.com\/index.php\/produit\/dualtron-city-20-ah-et-25-ah\/","title":{"rendered":"Dualtron City &#8211; 22,5 ah et 25 ah"},"content":{"rendered":"<h2><strong>Dualtron City : la premi\u00e8re Dualtron avec pneus 15 pouces\u00a0<\/strong><\/h2>\n<p><b>Equip\u00e9e de pneus en 15 pouces et d&#8217;un grand\u00a0ch\u00e2ssis, cette <\/b><strong>Dualtron\u00a0City<\/strong> se positionne dans une nouvelle cat\u00e9gorie de trottinettes \u00e9lectriques. Ces caract\u00e9ristiques vous permettront de rouler en toute s\u00e9curit\u00e9 sans vous soucier du rev\u00eatement de la route.<\/p>\n<h2><\/h2>\n<h2><strong>Les caract\u00e9ristiques techniques de la Dualtron City<\/strong><\/h2>\n<p>La <strong>Dualtron City<\/strong>\u00a0dispose de 2 moteurs <b>brushless aliment\u00e9s en 60V permettant de developper une puissance totale de 4000W.<\/b><\/p>\n<p>Cot\u00e9 freinage, elle est \u00e9quip\u00e9e de freins \u00e0 disques en 160 mm hydrauliques et de freins \u00e9lectriques KERS ( technologie \u00e0 r\u00e9cup\u00e9ration d&#8217;\u00e9nergie).<\/p>\n<p>Cot\u00e9 confort, la <strong>Dualtron City<\/strong> dispose de suspensions avant et arri\u00e8re via des cartouches de suspension.<\/p>\n<p>Concernant l&#8217;autonomie, 2 types de batterie sont propos\u00e9es : 22,5 Ah ou 25 Ah. Cela vous permettant d&#8217;atteindre respectivement 40km et environ 50 km.<\/p>\n<p>La batterie de la <strong>Dualtron City<\/strong> est amovible et peut \u00eatre retir\u00e9e ais\u00e9ment.<\/p>\n<p><strong>L&#8217;ecran EY4 ainsi que l&#8217;application Dualtron sont pr\u00e9sents sur cette nouvelle version !\u00a0<\/strong><\/p>\n<p><iframe loading=\"lazy\" title=\"Dualtron City 2026 pour la ville et la campagne !!!!!\" width=\"1140\" height=\"641\" src=\"https:\/\/www.youtube.com\/embed\/ThAeAA-ryD8?feature=oembed\" frameborder=\"0\" allow=\"accelerometer; autoplay; clipboard-write; encrypted-media; gyroscope; picture-in-picture; web-share\" referrerpolicy=\"strict-origin-when-cross-origin\" allowfullscreen><\/iframe><\/p>\n<h2><strong>La Dualtron City : Une\u00a0stabilit\u00e9 et un confort hors pair<\/strong><\/h2>\n<p><strong>Cette Dualtron City<\/strong> se d\u00e9marque des autres trottinettes par la taille de ses roues. Le confort et la stabilit\u00e9 de la trottinette est impressionnant du fait de ses suspensions efficaces et de ses grandes roues. Le plaisir de pilotage et la s\u00e9curit\u00e9 sont au rendez-vous ! La Dualtron City sera parfaite pour vos balades en ville, aller au bureau, faire ses courses&#8230;<\/p>\n<p>&nbsp;<\/p>\n<h2><strong>Aymard Vernay vous\u00a0pr\u00e9sente la Dualtron City<\/strong><\/h2>\n<p><iframe loading=\"lazy\" title=\"Trottinette \u00e9lectrique Dualtron City\" width=\"1140\" height=\"641\" src=\"https:\/\/www.youtube.com\/embed\/tuRwdUckd2w?feature=oembed\" frameborder=\"0\" allow=\"accelerometer; autoplay; clipboard-write; encrypted-media; gyroscope; picture-in-picture; web-share\" referrerpolicy=\"strict-origin-when-cross-origin\" allowfullscreen><\/iframe><\/p>\n<h2>Pour un test approfondi de la Dualtron City :<\/h2>\n<p><iframe loading=\"lazy\" title=\"DUALTRON CITY UNBOXING AND TEST !\" width=\"1140\" height=\"641\" src=\"https:\/\/www.youtube.com\/embed\/gWNcST7IgFo?feature=oembed\" frameborder=\"0\" allow=\"accelerometer; autoplay; clipboard-write; encrypted-media; gyroscope; picture-in-picture; web-share\" referrerpolicy=\"strict-origin-when-cross-origin\" allowfullscreen><\/iframe><\/p>\n<h2><strong>La fiche technique de la Dualtron City<\/strong><\/h2>\n<p><strong>Batterie\u00a0:<\/strong> 22,5 ah ( distance de plus de 40 km) ou 25 ah (distance d\u00e9passant les 50 km )<\/p>\n<p><strong>Puissance \u00a0:<\/strong> 4000 W en cr\u00eate<\/p>\n<p><strong>Freinage\u00a0:<\/strong> \u00a0Freins disques 160 hydrauliques avant et arri\u00e8re + freins \u00e9lectriques KERS<\/p>\n<p><strong>Vitesse max\u00a0:<\/strong> 25 km\/h sur voie publique ou 70 km\/h sur terrain priv\u00e9<\/p>\n<p><strong>Pneus\/roues :<\/strong> 15 pouces<\/p>\n<p><strong>Suspensions\u00a0:<\/strong>\u00a0Cartouches de suspension avant et arri\u00e8re.<\/p>\n<p><strong>Dispositif d\u2019\u00e9clairage :<\/strong> Feux led, colonne lumineuse, bras lumineux, cot\u00e9s lat\u00e9raux du plateau lumineux, garde boue lumineux.<\/p>\n<p><strong>Chargement :<\/strong> Chargeur 1,75 amp\u00e8re + <strong>chargeur rapide 6 amp\u00e8res actuellement offert !\u00a0<\/strong><\/p>\n<p>&nbsp;<\/p>\n<h2><strong>Pourquoi acheter la Dualtron City chez DUALTRON Store ?<\/strong><\/h2>\n<p><strong>DUALTRON Store, boutique\u00a0officielle de la marque,<\/strong>\u00a0dispose \u00e0 son catalogue de l&#8217;ensemble des trottinettes \u00e9lectriques du Fabricant Minimotors ( Dualtron, Futecher et Speedway) et\u00a0vous offre un service <strong>PREMIUM<\/strong> .<\/p>\n<p>Nous nous attachons \u00e0 pr\u00e9parer chaque trottinette avant remise au client. Avant exp\u00e9dition, la <strong>Dualtron City\u00a0<\/strong>sera v\u00e9rifi\u00e9e et r\u00e9gl\u00e9e en atelier suivant vos attentes (bridage ou pas, r\u00e9glage du niveau de puissance, montage d&#8217;accessoires, mise en place de pi\u00e8ces de customisation, &#8230;).<\/p>\n<p>Nous sommes \u00e0 disposition au 07 61 87 64 04 ou au 06 95 90 31 91 pour aider dans votre choix et\/ou r\u00e9pondre \u00e0 vos questions.<\/p>\n","protected":false},"excerpt":{"rendered":"<p><img loading=\"lazy\" class=\"alignnone wp-image-614\" src=\"https:\/\/dualtron-store.com\/wp-content\/uploads\/2018\/06\/dulatron.png\" alt=\"\" width=\"246\" height=\"52\" \/><\/p>\n<p><b>La\u00a0<\/b><strong>Dualtron\u00a0City est la premi\u00e8re trottinette \u00e9lectrique en pneus de 15 pouces de la gamme Dualtron. Disposant de pneus de grande taille et d&#8217;un grand\u00a0<\/strong><b>ch\u00e2ssis, la Dualtron City vous offrira un tr\u00e8s bon confort et une excellente stabilit\u00e9 quelque soit les imperfections de la route. Cette nouvelle City dispose de l&#8217;\u00e9cran EY4 ainsi que de l&#8217;application Dualtron .<\/b><\/p>\n<p><strong><span style=\"color: #333399;\">Possibilit\u00e9 de paiement en 2X,3X ou 4X par Carte Bancaire sans frais et en 10X.<\/span><\/strong><\/p>\n<p><strong><span style=\"color: #000000;\">N&#8217;h\u00e9sitez pas \u00e0 nous contactez au 07 61 87 64 04 ( laisser <span style=\"caret-color: #000000;\">un sms si nous ne pouvons pas r\u00e9pondre )\u00a0<\/span><\/span><\/strong><\/p>\n<p><span style=\"color: #993366;\"><strong>Offre actuelle Dualtron Store: tarif tr\u00e8s bas + chargeur rapide offert !\u00a0<\/strong><\/span><\/p>\n","protected":false},"featured_media":91410,"comment_status":"open","ping_status":"closed","template":"","meta":{"om_disable_all_campaigns":false,"_mi_skip_tracking":false,"_monsterinsights_sitenote_active":false,"_monsterinsights_sitenote_note":"","_monsterinsights_sitenote_category":0},"product_cat":[20,38],"product_tag":[],"aioseo_notices":[],"_links":{"self":[{"href":"https:\/\/dualtron-store.com\/index.php\/wp-json\/wp\/v2\/product\/40473"}],"collection":[{"href":"https:\/\/dualtron-store.com\/index.php\/wp-json\/wp\/v2\/product"}],"about":[{"href":"https:\/\/dualtron-store.com\/index.php\/wp-json\/wp\/v2\/types\/product"}],"replies":[{"embeddable":true,"href":"https:\/\/dualtron-store.com\/index.php\/wp-json\/wp\/v2\/comments?post=40473"}],"wp:featuredmedia":[{"embeddable":true,"href":"https:\/\/dualtron-store.com\/index.php\/wp-json\/wp\/v2\/media\/91410"}],"wp:attachment":[{"href":"https:\/\/dualtron-store.com\/index.php\/wp-json\/wp\/v2\/media?parent=40473"}],"wp:term":[{"taxonomy":"product_cat","embeddable":true,"href":"https:\/\/dualtron-store.com\/index.php\/wp-json\/wp\/v2\/product_cat?post=40473"},{"taxonomy":"product_tag","embeddable":true,"href":"https:\/\/dualtron-store.com\/index.php\/wp-json\/wp\/v2\/product_tag?post=40473"}],"curies":[{"name":"wp","href":"https:\/\/api.w.org\/{rel}","templated":true}]}}