{"id":39680,"date":"2021-12-23T10:19:28","date_gmt":"2021-12-23T09:19:28","guid":{"rendered":"https:\/\/dualtron-store.com\/?post_type=product&#038;p=39680"},"modified":"2025-02-28T17:43:19","modified_gmt":"2025-02-28T16:43:19","slug":"dualtron-blade-x","status":"publish","type":"product","link":"https:\/\/dualtron-store.com\/index.php\/produit\/dualtron-blade-x\/","title":{"rendered":"Minimotors Dualtron Blade X"},"content":{"rendered":"<p><strong>La Dualtron Blade X est une nouveaut\u00e9 dans la gamme Minimotors.<\/strong><\/p>\n<p>D\u00e9couvrez ses caract\u00e9ristiques dans la video de Kramtoo<\/p>\n<p><iframe loading=\"lazy\" title=\"Unboxing And Test Blade X Minimotors !\" width=\"1140\" height=\"641\" src=\"https:\/\/www.youtube.com\/embed\/GAIAP0PHd30?feature=oembed\" frameborder=\"0\" allow=\"accelerometer; autoplay; clipboard-write; encrypted-media; gyroscope; picture-in-picture; web-share\" referrerpolicy=\"strict-origin-when-cross-origin\" allowfullscreen><\/iframe><\/p>\n<p>&nbsp;<\/p>\n<p><strong>Une Trottinette \u00c9lectrique de Haute Puissance : D\u00e9couvrez la Blade X<\/strong><\/p>\n<div class=\"group w-full text-token-text-primary border-b border-black\/10 gizmo:border-0 dark:border-gray-900\/50 gizmo:dark:border-0 bg-gray-50 gizmo:bg-transparent dark:bg-[#444654] gizmo:dark:bg-transparent\" data-testid=\"conversation-turn-13\">\n<div class=\"p-4 justify-center text-base md:gap-6 md:py-6 m-auto\">\n<div class=\"flex flex-1 gap-4 text-base mx-auto md:gap-6 gizmo:gap-3 md:max-w-2xl lg:max-w-[38rem] xl:max-w-3xl }\">\n<div class=\"relative flex w-[calc(100%-50px)] flex-col gap-1 md:gap-3 lg:w-[calc(100%-115px)] agent-turn\">\n<div class=\"flex flex-grow flex-col gap-3 max-w-full\">\n<div class=\"min-h-[20px] flex flex-col items-start gap-3 overflow-x-auto whitespace-pre-wrap break-words\">\n<div class=\"markdown prose w-full break-words dark:prose-invert light\">\n<p>Une collaboration \u00e9poustouflante entre Blade et Dualtron a donn\u00e9 naissance \u00e0 la trottinette \u00e9lectrique ultime, la Blade X. Cette fusion de deux g\u00e9ants de l&#8217;industrie des trottinettes \u00e9lectriques a abouti \u00e0 un chef-d&#8217;\u0153uvre de puissance et de confort, arborant un design qui se distingue de tous nos autres mod\u00e8les.<\/p>\n<p>Le choix de Blade en tant que partenaire n&#8217;a pas \u00e9t\u00e9 anodin ; leur expertise in\u00e9gal\u00e9e dans la cr\u00e9ation de trottinettes \u00e9lectriques haut de gamme \u00e9tait le gage de qualit\u00e9 dont nous avions besoin pour cette collaboration exceptionnelle.<\/p>\n<p>Dot\u00e9e de notre savoir-faire technologique, la Blade X h\u00e9rite de tout l&#8217;ADN Dualtron. Vous aurez ainsi entre les mains une v\u00e9ritable prouesse de conception, alliant une puissance surprenante \u00e0 un confort in\u00e9gal\u00e9. La polyvalence demeure au c\u0153ur de la Dualtron Blade-X, lui permettant de briller aussi bien en milieu urbain que sur des terrains plus aventureux, loin des sentiers battus.<\/p>\n<p>Pr\u00e9parez-vous \u00e0 vivre une exp\u00e9rience de conduite hors du commun avec la Blade X, une trottinette \u00e9lectrique qui repousse les limites et red\u00e9finit les standards de l&#8217;industrie.<\/p>\n<\/div>\n<\/div>\n<\/div>\n<\/div>\n<\/div>\n<\/div>\n<\/div>\n<p><strong>LA BLADE-X UN DESIGN HORS DU COMMUN<\/strong><\/p>\n<div class=\"group w-full text-token-text-primary border-b border-black\/10 gizmo:border-0 dark:border-gray-900\/50 gizmo:dark:border-0 bg-gray-50 gizmo:bg-transparent dark:bg-[#444654] gizmo:dark:bg-transparent\" data-testid=\"conversation-turn-13\">\n<div class=\"p-4 justify-center text-base md:gap-6 md:py-6 m-auto\">\n<div class=\"flex flex-1 gap-4 text-base mx-auto md:gap-6 gizmo:gap-3 md:max-w-2xl lg:max-w-[38rem] xl:max-w-3xl }\">\n<div class=\"relative flex w-[calc(100%-50px)] flex-col gap-1 md:gap-3 lg:w-[calc(100%-115px)] agent-turn\">\n<div class=\"flex flex-grow flex-col gap-3 max-w-full\">\n<div class=\"min-h-[20px] flex flex-col items-start gap-3 overflow-x-auto whitespace-pre-wrap break-words\">\n<div class=\"markdown prose w-full break-words dark:prose-invert light\">\n<div class=\"group w-full text-token-text-primary border-b border-black\/10 gizmo:border-0 dark:border-gray-900\/50 gizmo:dark:border-0 bg-gray-50 gizmo:bg-transparent dark:bg-[#444654] gizmo:dark:bg-transparent\" data-testid=\"conversation-turn-15\">\n<div class=\"p-4 justify-center text-base md:gap-6 md:py-6 m-auto\">\n<div class=\"flex flex-1 gap-4 text-base mx-auto md:gap-6 gizmo:gap-3 md:max-w-2xl lg:max-w-[38rem] xl:max-w-3xl }\">\n<div class=\"relative flex w-[calc(100%-50px)] flex-col gap-1 md:gap-3 lg:w-[calc(100%-115px)] agent-turn\">\n<div class=\"flex flex-grow flex-col gap-3 max-w-full\">\n<div class=\"min-h-[20px] flex flex-col items-start gap-3 overflow-x-auto whitespace-pre-wrap break-words\">\n<div class=\"markdown prose w-full break-words dark:prose-invert light\">\n<p>La Blade-X se distingue par un design hors du commun, mais elle demeure fid\u00e8le \u00e0 l&#8217;essence technologique propre aux trottinettes \u00e9lectriques Dualtron. Nous avons d\u00e9cid\u00e9 d&#8217;aller encore plus loin en dotant cette merveille d&#8217;une paire de moteurs d\u00e9livrant une puissance exceptionnelle de 4000W. Cette puissance stup\u00e9fiante propulse la Blade-X \u00e0 des sommets de vitesse incroyables, atteignant jusqu&#8217;\u00e0 80 km\/h sur une piste priv\u00e9e r\u00e9serv\u00e9e aux initi\u00e9s. Ces deux moteurs de pointe sont int\u00e9gr\u00e9s dans les roues de la trottinette, garantissant une performance in\u00e9gal\u00e9e.<\/p>\n<p>Pour que cette puissance ph\u00e9nom\u00e9nale reste solidement ancr\u00e9e sur la chauss\u00e9e, nous avons \u00e9quip\u00e9 la Blade-X de pneus 10 x 3 pouces \u00e0 chambre \u00e0 air, assurant une adh\u00e9rence optimale. Une tenue de route aussi exceptionnelle est essentielle pour vous garantir une s\u00e9curit\u00e9 maximale lors de vos aventures \u00e0 grande vitesse.<\/p>\n<\/div>\n<\/div>\n<\/div>\n<div class=\"flex justify-between lg:block\">\n<div class=\"text-gray-400 flex self-end lg:self-center justify-center gizmo:lg:justify-start mt-2 gizmo:mt-0 visible lg:gap-1 lg:absolute lg:top-0 lg:translate-x-full lg:right-0 lg:mt-0 lg:pl-2 gap-2 md:gap-3\">\n<div class=\"flex gap-1 gizmo:gap-3\"><\/div>\n<\/div>\n<\/div>\n<\/div>\n<\/div>\n<\/div>\n<\/div>\n<\/div>\n<\/div>\n<\/div>\n<\/div>\n<\/div>\n<\/div>\n<\/div>\n<p>&nbsp;<\/p>\n","protected":false},"excerpt":{"rendered":"<p><strong>Nouveau mod\u00e8le dans la gamme Minimotors, la Dualtron Blade X se positionne comme une trottinette polyvalente permettant de faire du tout terrain.<\/strong><\/p>\n<p><strong><span style=\"color: #0000ff;\">N&#8217;h\u00e9sitez pas \u00e0 nous contacter au 07 61 87 64 04 pour tout renseignement.<\/span><\/strong><\/p>\n","protected":false},"featured_media":39683,"comment_status":"open","ping_status":"closed","template":"","meta":{"om_disable_all_campaigns":false,"_mi_skip_tracking":false,"_monsterinsights_sitenote_active":false,"_monsterinsights_sitenote_note":"","_monsterinsights_sitenote_category":0},"product_cat":[20,38],"product_tag":[],"aioseo_notices":[],"_links":{"self":[{"href":"https:\/\/dualtron-store.com\/index.php\/wp-json\/wp\/v2\/product\/39680"}],"collection":[{"href":"https:\/\/dualtron-store.com\/index.php\/wp-json\/wp\/v2\/product"}],"about":[{"href":"https:\/\/dualtron-store.com\/index.php\/wp-json\/wp\/v2\/types\/product"}],"replies":[{"embeddable":true,"href":"https:\/\/dualtron-store.com\/index.php\/wp-json\/wp\/v2\/comments?post=39680"}],"wp:featuredmedia":[{"embeddable":true,"href":"https:\/\/dualtron-store.com\/index.php\/wp-json\/wp\/v2\/media\/39683"}],"wp:attachment":[{"href":"https:\/\/dualtron-store.com\/index.php\/wp-json\/wp\/v2\/media?parent=39680"}],"wp:term":[{"taxonomy":"product_cat","embeddable":true,"href":"https:\/\/dualtron-store.com\/index.php\/wp-json\/wp\/v2\/product_cat?post=39680"},{"taxonomy":"product_tag","embeddable":true,"href":"https:\/\/dualtron-store.com\/index.php\/wp-json\/wp\/v2\/product_tag?post=39680"}],"curies":[{"name":"wp","href":"https:\/\/api.w.org\/{rel}","templated":true}]}}