{"id":39503,"date":"2021-12-15T16:19:57","date_gmt":"2021-12-15T15:19:57","guid":{"rendered":"https:\/\/dualtron-store.com\/?post_type=product&#038;p=39503"},"modified":"2021-12-15T16:22:25","modified_gmt":"2021-12-15T15:22:25","slug":"dualtron-mini-175-ah-toutes-options","status":"publish","type":"product","link":"https:\/\/dualtron-store.com\/index.php\/produit\/dualtron-mini-175-ah-toutes-options\/","title":{"rendered":"Dualtron Mini &#8211; 17,5 ah &#8211; toutes options"},"content":{"rendered":"<h2><strong>Pr\u00e9sentation de la Dualtron Mini<\/strong><\/h2>\n<p><iframe loading=\"lazy\" title=\"dualtron mini limited 21 ah double freins\" width=\"1140\" height=\"641\" src=\"https:\/\/www.youtube.com\/embed\/zdbn8cSm0GI?feature=oembed\" frameborder=\"0\" allow=\"accelerometer; autoplay; clipboard-write; encrypted-media; gyroscope; picture-in-picture\" allowfullscreen><\/iframe><\/p>\n<p><iframe loading=\"lazy\" title=\"dualtron mini guidon pliable et alarme - MobUrbaine\" width=\"1140\" height=\"641\" src=\"https:\/\/www.youtube.com\/embed\/YAd1msb6wcQ?feature=oembed\" frameborder=\"0\" allow=\"accelerometer; autoplay; clipboard-write; encrypted-media; gyroscope; picture-in-picture\" allowfullscreen><\/iframe><\/p>\n<p>Tr\u00e8s attendue depuis plusieurs mois, la <strong>Dualtron Mini<\/strong> de la prestigieuse marque <strong>MiniMotors<\/strong> est une nouveaut\u00e9 de cette ann\u00e9e 2020.<\/p>\n<p>Au regard de ses caract\u00e9ristiques techniques, son esth\u00e9tique, sa compacit\u00e9 et son positionnement tarifaire, la <strong>Dualtron Mini<\/strong> est, sans aucun doute, le best seller de l\u2019ann\u00e9e 2020, voire 2021.<\/p>\n<p>&nbsp;<\/p>\n<h2><strong>Les caract\u00e9ristiques de la Dualtron Mini<\/strong><\/h2>\n<p>La <strong>Dualtron mini<\/strong> est \u00e9quip\u00e9e d\u2019un moteur brushless \u00e0 l\u2019arri\u00e8re de 500W. Coupl\u00e9e \u00e0 une batterie de 52 volts, ce petit bolide offre un couple et une vitesse de pointe ( environ 45 km\/h sur terrain priv\u00e9) permettant de satisfaire la plupart d\u2019entre nous.<\/p>\n<p>Elle dispose d\u2019un frein tambour \u00e0 l\u2019arri\u00e8re tr\u00e8s performant et d\u2019un frein \u00e9lectrique KERS (r\u00e9cup\u00e9ration d\u2019\u00e9nergie).<\/p>\n<p>D\u2019un point de vue esth\u00e9tique, la <strong>Dualtron Mini<\/strong> ne laisse pas indiff\u00e9rent\u00a0: elle est \u00e9quip\u00e9e de la fameuse colonne lumineuse que l\u2019on retrouve sur la Dualtron Thunder, et \u00e9galement de bandes lumineuses sur les cot\u00e9s du plateau.<\/p>\n<p>Cot\u00e9 confort, la <strong>Dualtron Mini<\/strong> dispose d\u2019amortisseurs avant et arri\u00e8re et dispose de pneus larges \u00e0 chambre \u00e0 air de 8,5 pouces de tr\u00e8s bonne qualit\u00e9.<\/p>\n<p>&nbsp;<\/p>\n<h2><strong>Les variantes de la Dualtron Mini <\/strong><\/h2>\n<p>La <strong>Dualtron Mini<\/strong> est disponible en 3 versions de batterie\u00a0: 13 ah, permettant de parcourir environ 30 km, 17,5 ah pour atteindre 40 km et 21 ah pour 50 km.<\/p>\n<p><strong>Dualtron Store<\/strong>\u00a0propose \u00e9galement la <strong>Dualtron Mini<\/strong> avec un guidon pliable. En effet, pour b\u00e9n\u00e9ficier au mieux de sa compacit\u00e9, le guidon pliable dualtron (celui de la dualtron thunder) permet de gagner en largeur.<\/p>\n<p>La dualtron Mini peut \u00e9galement \u00eatre \u00e9quip\u00e9e d&#8217;un dispositif de d\u00e9marrage et alarme t\u00e9l\u00e9command\u00e9 ( propos\u00e9 en option lors de l&#8217;achat).<\/p>\n<h2><strong>La Dualtron Mini limited<\/strong><\/h2>\n<p>La Dualtron Mini en version 21 ah, appel\u00e9e <strong>Dualtron Mini limited<\/strong>, \u00a0dispose d&#8217;un frein avant tambour en plus du frein arri\u00e8re. Cette \u00e9volution vient en r\u00e9ponse des utilisateurs qui souhaitaient plus d&#8217;autonomie et de freinage.<\/p>\n<h2><strong>Les atouts de la Dualtron Mini<\/strong><\/h2>\n<p>Ses points forts sont tr\u00e8s nombreux\u00a0: performances\/puissance au regard de son poids de 22 kg seulement, sa compacit\u00e9, son esth\u00e9tique, et surtout son rapport qualit\u00e9\/performance\/prix.<\/p>\n<h2><strong>La fiche technique de la Dualtron Mini<\/strong><\/h2>\n<p><strong>Batterie\u00a0:<\/strong> 13 ah, 17,5 ah ou 21 ah pour la version limited<\/p>\n<p><strong>Puissance du moteur\u00a0:<\/strong> 500W nominal, 1450W en cr\u00eate<\/p>\n<p><strong>Freinage\u00a0:<\/strong> \u00a0Frein tambour \u00e0 l\u2019arri\u00e8re + Frein \u00e9lectrique KERS et frein avant suppl\u00e9mentaire pour la 21 ah.<\/p>\n<p><strong>Vitesse max\u00a0:<\/strong> 25 km\/h ou 45km\/ sur voie priv\u00e9e<\/p>\n<p><strong>Roues\u00a0:<\/strong> 8,5 pouces \u2013 pneus \u00e0 chambre \u00e0 air ou pneu plein.<\/p>\n<p><strong>Suspensions\u00a0:<\/strong> 2 amortisseurs \u00e0 l\u2019avant et 2 \u00e0 l\u2019arri\u00e8re<\/p>\n<p><strong>Dispositif d\u2019\u00e9clairage :<\/strong> Phares led avant et arri\u00e8re, colonne et plateau lumineux<\/p>\n<p><strong>Poids\u00a0:<\/strong> 22 kg<\/p>\n<p>&nbsp;<\/p>\n<h2><strong>Pourquoi acheter la Dualtron Mini chez DUALTRON Store ?<\/strong><\/h2>\n<p><strong>DUALTRON Store, boutique\u00a0officielle de la marque,<\/strong>\u00a0vous propose l&#8217;ensemble des produits du fabricant Minimotors et vous offre un service Premium.<\/p>\n<p>Avant exp\u00e9dition, la <strong>Dualtron Mini<\/strong> sera v\u00e9rifi\u00e9e et r\u00e9gl\u00e9e suivant vos attentes (bridage ou pas, param\u00e9trage du LCD , \u2026). Nous vous proposons \u00e9galement d&#8217;\u00e9quiper votre Dualtron Mini d&#8217;un syst\u00e8me de d\u00e9marrage et alarme t\u00e9l\u00e9command\u00e9 et\/ou d&#8217;un guidon pliable Dualtron.<\/p>\n<p>N\u2019h\u00e9sitez pas \u00e0 nous appeler (07 61 87 64 04 ) pour vous faire votre propre avis sur l\u2019expertise et le service client de <strong>DUALTRON Store<\/strong> !<\/p>\n","protected":false},"excerpt":{"rendered":"<p><img loading=\"lazy\" class=\"alignnone wp-image-614\" src=\"https:\/\/dualtron-store.com\/wp-content\/uploads\/2018\/06\/dulatron.png\" alt=\"\" width=\"246\" height=\"52\" \/><\/p>\n<p>D\u00e9but 2020, MiniMotors officialise et annonce ENFIN la sortie de la <strong>Dualtron Mini<\/strong>.<br \/>\nAvec ce nouveau mod\u00e8le arriv\u00e9e en France depuis peu, <strong>MiniMotors<\/strong> d\u00e9mocratise et rend accessible la gamme <strong>Dualtron<\/strong> au plus grand nombre d\u2019entre nous.<br \/>\nAfin de rendre encore plus compacte la <strong>Dualtron Mini<\/strong>, <strong>DUALTRON Store<\/strong> vous propose une version avec guidon pliable (celui de la Dualtron Thunder ).<\/p>\n<p><strong><span style=\"color: #333399;\">Possibilit\u00e9 de paiement en 3X ou 4X par Carte Bancaire sans justificatif.<\/span><br \/>\n<\/strong><\/p>\n<p><span style=\"color: #993366;\"><strong>Dualtron Mini 17,5 ah double freins avec guidon pliable , alarme et pneu plein arri\u00e8re : 1350 euros.<\/strong><\/span><\/p>\n","protected":false},"featured_media":10843,"comment_status":"open","ping_status":"closed","template":"","meta":{"om_disable_all_campaigns":false,"_mi_skip_tracking":false,"_monsterinsights_sitenote_active":false,"_monsterinsights_sitenote_note":"","_monsterinsights_sitenote_category":0},"product_cat":[38],"product_tag":[],"aioseo_notices":[],"_links":{"self":[{"href":"https:\/\/dualtron-store.com\/index.php\/wp-json\/wp\/v2\/product\/39503"}],"collection":[{"href":"https:\/\/dualtron-store.com\/index.php\/wp-json\/wp\/v2\/product"}],"about":[{"href":"https:\/\/dualtron-store.com\/index.php\/wp-json\/wp\/v2\/types\/product"}],"replies":[{"embeddable":true,"href":"https:\/\/dualtron-store.com\/index.php\/wp-json\/wp\/v2\/comments?post=39503"}],"wp:featuredmedia":[{"embeddable":true,"href":"https:\/\/dualtron-store.com\/index.php\/wp-json\/wp\/v2\/media\/10843"}],"wp:attachment":[{"href":"https:\/\/dualtron-store.com\/index.php\/wp-json\/wp\/v2\/media?parent=39503"}],"wp:term":[{"taxonomy":"product_cat","embeddable":true,"href":"https:\/\/dualtron-store.com\/index.php\/wp-json\/wp\/v2\/product_cat?post=39503"},{"taxonomy":"product_tag","embeddable":true,"href":"https:\/\/dualtron-store.com\/index.php\/wp-json\/wp\/v2\/product_tag?post=39503"}],"curies":[{"name":"wp","href":"https:\/\/api.w.org\/{rel}","templated":true}]}}