{"id":39168,"date":"2021-12-02T22:44:40","date_gmt":"2021-12-02T21:44:40","guid":{"rendered":"https:\/\/dualtron-store.com\/?post_type=product&#038;p=39168"},"modified":"2026-04-22T22:05:53","modified_gmt":"2026-04-22T20:05:53","slug":"dualtron-victor-luxury-24-ah-et-30-ah","status":"publish","type":"product","link":"https:\/\/dualtron-store.com\/index.php\/produit\/dualtron-victor-luxury-24-ah-et-30-ah\/","title":{"rendered":"Dualtron Victor Luxury &#8211; EY4 + Chargeur Rapide &#8211; 30 ah"},"content":{"rendered":"<h2><strong>La Dualtron Victor Luxury : la version LUXE de la Victor\u00a0<\/strong><\/h2>\n<p><b>LA\u00a0<\/b><strong>Dualtron Victor Luxury\u00a0<\/strong>est une version am\u00e9lior\u00e9e de la Dualtron Victor. D&#8217;un point de vue technique, elle reprend les caract\u00e9ristiques de la Dualtron Victor. D&#8217;un point de vue esth\u00e9tique, elle reprend les \u00e9l\u00e9ments de la Dualtron Achilleus dans un format plus r\u00e9duit. V\u00e9ritable succ\u00e8s de l&#8217;ann\u00e9e 2021, la Dualtron Victor \u00e9volue et restera certainement le best seller dans la cat\u00e9gorie des trottinettes puissantes 10 pouces en 2022.<\/p>\n<h2><strong>Vid\u00e9o de la Dualtron Victor Luxury<\/strong><\/h2>\n<p><iframe loading=\"lazy\" title=\"Choisir sa Dualtron Victor 2024 - trottinette \u00e9lectrique\" width=\"1140\" height=\"641\" src=\"https:\/\/www.youtube.com\/embed\/YL8R6ivKkzM?feature=oembed\" frameborder=\"0\" allow=\"accelerometer; autoplay; clipboard-write; encrypted-media; gyroscope; picture-in-picture; web-share\" referrerpolicy=\"strict-origin-when-cross-origin\" allowfullscreen><\/iframe><\/p>\n<p><iframe loading=\"lazy\" title=\"Trottinette \u00e9lectrique Dualtron Victor Luxury - Une Dualtron version LUXE ??\" width=\"1140\" height=\"641\" src=\"https:\/\/www.youtube.com\/embed\/PSW4UXSy96U?feature=oembed\" frameborder=\"0\" allow=\"accelerometer; autoplay; clipboard-write; encrypted-media; gyroscope; picture-in-picture; web-share\" referrerpolicy=\"strict-origin-when-cross-origin\" allowfullscreen><\/iframe><\/p>\n<h2><strong>Les caract\u00e9ristiques techniques de la Dualtron Victor Luxury<\/strong><\/h2>\n<p>La <strong>Dualtron Victor\u00a0Luxury<\/strong> est entrain\u00e9e par 2 roues motrices en 10 pouces de technologie brushless. Elle dispose d&#8217;une batterie de 60V et d&#8217;un controleur en 30 amp\u00e8res. Ce mariage lui permet d&#8217;obtenir d&#8217;excellentes performances dans sa cat\u00e9gorie.<\/p>\n<p>Elle dispose de freins \u00e0 disques ( 140mm) hydrauliques de marque zoom et de freins \u00e9lectriques \u00e0 r\u00e9cup\u00e9ration d&#8217;\u00e9nergie ( technologie KERS).<\/p>\n<p>Dot\u00e9e de suspensions avant et arri\u00e8re ainsi que de pneus en 10 pouces, cette <strong>Dualtron Victor Luxury<\/strong> offre un excellent compromis entre confort et tenue de route.<\/p>\n<p><strong>La Dualtron Victor Luxury<\/strong> dispose du m\u00eame ch\u00e2ssis et de la colonne renforc\u00e9e de la victor classique. Ch\u00e2ssis qui a fait ses preuves en terme de robustesse.<\/p>\n<p>&nbsp;<\/p>\n<h2><strong>Une esth\u00e9tique proche de la\u00a0Dualtron Achilleus et de la Thunder 2<\/strong><\/h2>\n<p>Cette <strong>Dualtron Victor Luxury<\/strong> \u00e9volue d&#8217;un point de vue esth\u00e9tique de la Dualtron Victor &#8216; classique&#8217; et dispose des \u00e9l\u00e9ments suivants ( similaires \u00e0 la Dualtron Achilleus et \u00e0 la Dualtron Thunder 2) :<br \/>\n&#8211; un magnifique cale pied \u00e9quip\u00e9e d&#8217;un feu arri\u00e8re et d&#8217;un feu stop,<br \/>\n&#8211; Une protection de plateau en silicone permettant une excellente adh\u00e9rence et permettant un entretien plus facile qu&#8217;un grip classique,<br \/>\n&#8211; De leds dans les bras de fourches et sur les parties lat\u00e9rales du plateau.<\/p>\n<p>&nbsp;<\/p>\n<h2><strong>Equip\u00e9e d&#8217;une batterie de 30 amp\u00e8res<\/strong><\/h2>\n<p>La <strong>Dualtron Victor Luxury 30 ah <\/strong>dispose d&#8217;une batterie LG de 60V 30 amp\u00e8res\/heure M50LT-21700.<\/p>\n<p>&nbsp;<\/p>\n<h2><strong>Fonction Mono-moteur \/ bi-moteurs<\/strong><\/h2>\n<p>Pour plus de confort et d\u2019ergonomie, nous vous proposons de remettre en place gratuitement le mode permettant de\u00a0commuter d\u2019un moteur \u00e0 2 moteurs . Cela vous permettra de rouler \u2018tranquillement \u2018 lorsque vous le souhaiter et d\u2019activer toute la puissance en appuyant sur le bouton mono\/dual pour activer les 2 moteurs. N\u2019h\u00e9sitez pas \u00e0 nous contacter au 07 61 87 64 04 pour plus d\u2019information.<\/p>\n<p>&nbsp;<\/p>\n<h2><strong>La fiche technique de la Dualtron Victor Luxury<\/strong><\/h2>\n<p><strong>Batterie\u00a0:<\/strong>\u00a0 30 ah (distance d\u00e9passant les 60 km )<\/p>\n<p><strong>Puissance \u00a0:<\/strong> 4000 W en cr\u00eate<\/p>\n<p><strong>Freinage\u00a0:<\/strong> \u00a0Freins disques 140 hydraulique Zoom avant et arri\u00e8re + freins \u00e9lectriques KERS<\/p>\n<p><strong>Vitesse max\u00a0:<\/strong> 25 km\/h sur voie publique ou 75 km\/ sur terrain priv\u00e9<\/p>\n<p><strong>Pneus :<\/strong> Roues gonflable 10 pouce.<\/p>\n<p><strong>Suspensions\u00a0:<\/strong>\u00a0amortisseurs \u00e0 cartouche de suspension avant et arri\u00e8re<\/p>\n<p><strong>Dispositif d\u2019\u00e9clairage :<\/strong> Feu led avant et arri\u00e8re, colonne lumineuse, bras lumineux, cot\u00e9s lat\u00e9raux du plateau lumineux, large feu arri\u00e8re au niveau du cale pied<\/p>\n<p>&nbsp;<\/p>\n<h2><strong>Pourquoi acheter la Dualtron Victor Luxury chez DUALTRON Store ?<\/strong><\/h2>\n<p><strong>DUALTRON Store, boutique\u00a0officielle de la marque,<\/strong>\u00a0dispose \u00e0 son catalogue de l&#8217;ensemble des trottinettes \u00e9lectriques du Fabricant Minimotors ( Dualtron, Futecher et Speedway) et\u00a0vous offre un service PREMIUM .<\/p>\n<p>Nous nous attachons \u00e0 pr\u00e9parer chaque trottinette avant remise au client. Avant exp\u00e9dition, la <strong>Dualtron Victor Luxury\u00a0<\/strong>sera v\u00e9rifi\u00e9e et r\u00e9gl\u00e9e en atelier suivant vos attentes (bridage ou pas, Mise en place de la fonction mono moteur\/bi moteurs au niveau du commodo, r\u00e9glage du niveau de puissance, montage d&#8217;accessoires, mise en place de pi\u00e8ces de customisation, &#8230;).<\/p>\n<p><strong>Nous sommes \u00e0 disposition au 07 61 87 64 04 ou au 06 95 90 31 91 pour aider dans votre choix et\/ou r\u00e9pondre \u00e0 vos questions.<\/strong><\/p>\n","protected":false},"excerpt":{"rendered":"<p><img loading=\"lazy\" class=\"alignnone wp-image-614\" src=\"https:\/\/dualtron-store.com\/wp-content\/uploads\/2018\/06\/dulatron.png\" alt=\"\" width=\"246\" height=\"52\" \/><\/p>\n<p><b>Voici la version LUXE de la fameuse Dualtron Victor, La Dualtron Victor Luxury.<br \/>\nDisposant d&#8217;une esth\u00e9tique proche de la Dualtron Achilleus avec un format plus r\u00e9duit, cette nouvelle version s&#8217;annonce d\u00e9j\u00e0 comme un best seller au regard du succ\u00e8s de la\u00a0Dualtron Victor.<\/b><\/p>\n<p><strong><span style=\"color: #333399\">Possibilit\u00e9 de paiement en 3X ou 4X par Carte Bancaire sans frais et sans justificatif.<\/span><\/strong><\/p>\n<p><strong>La Dualtron Victor Luxury \u00a030 ah est en stock et \u00e9quip\u00e9e du nouvel \u00e9cran EY4 \u00e9tanche et connect\u00e9 ( pilotable avec une application mobile ).<\/strong><\/p>\n<p><strong><br \/>\n<span style=\"color: #ff2600\"><b>En stock.<\/b><\/span><br \/>\n<\/strong><\/p>\n<p><strong>Nous sommes \u00e0 votre disposition au 07 61 87 64 04 pour toute question ou renseignement.<\/strong><\/p>\n<p><span style=\"color: #0000ff\"><strong>B\u00e9n\u00e9ficiez d&#8217;une remise suppl\u00e9mentaire avec le code : 2026<\/strong><\/span><\/p>\n<p><strong><span style=\"color: #993366\">Vous pouvez \u00e9galement d\u00e9couvrir la version &#8216; classique &#8216; de la\u00a0Dualtron Victor\u00a0ici :<\/span> <a href=\"https:\/\/dualtron-store.com\/index.php\/produit\/dualtron-victor-21-ah-pro-30-ah\/\">Dualtron Victor.<\/a><\/strong><\/p>\n<p>&nbsp;<\/p>\n","protected":false},"featured_media":86623,"comment_status":"open","ping_status":"closed","template":"","meta":{"om_disable_all_campaigns":false,"_mi_skip_tracking":false,"_monsterinsights_sitenote_active":false,"_monsterinsights_sitenote_note":"","_monsterinsights_sitenote_category":0},"product_cat":[20,38],"product_tag":[],"aioseo_notices":[],"_links":{"self":[{"href":"https:\/\/dualtron-store.com\/index.php\/wp-json\/wp\/v2\/product\/39168"}],"collection":[{"href":"https:\/\/dualtron-store.com\/index.php\/wp-json\/wp\/v2\/product"}],"about":[{"href":"https:\/\/dualtron-store.com\/index.php\/wp-json\/wp\/v2\/types\/product"}],"replies":[{"embeddable":true,"href":"https:\/\/dualtron-store.com\/index.php\/wp-json\/wp\/v2\/comments?post=39168"}],"wp:featuredmedia":[{"embeddable":true,"href":"https:\/\/dualtron-store.com\/index.php\/wp-json\/wp\/v2\/media\/86623"}],"wp:attachment":[{"href":"https:\/\/dualtron-store.com\/index.php\/wp-json\/wp\/v2\/media?parent=39168"}],"wp:term":[{"taxonomy":"product_cat","embeddable":true,"href":"https:\/\/dualtron-store.com\/index.php\/wp-json\/wp\/v2\/product_cat?post=39168"},{"taxonomy":"product_tag","embeddable":true,"href":"https:\/\/dualtron-store.com\/index.php\/wp-json\/wp\/v2\/product_tag?post=39168"}],"curies":[{"name":"wp","href":"https:\/\/api.w.org\/{rel}","templated":true}]}}