{"id":39016,"date":"2021-11-26T10:34:47","date_gmt":"2021-11-26T09:34:47","guid":{"rendered":"https:\/\/dualtron-store.com\/?post_type=product&#038;p=39016"},"modified":"2026-04-23T13:51:08","modified_gmt":"2026-04-23T11:51:08","slug":"kit-purge-de-frein","status":"publish","type":"product","link":"https:\/\/dualtron-store.com\/index.php\/produit\/kit-purge-de-frein\/","title":{"rendered":"Kit Purge de freins + huile"},"content":{"rendered":"<h2><strong>Maintenir un freinage de qualit\u00e9 de votre Trottinette ou votre v\u00e9lo<\/strong><\/h2>\n<p><strong>Le Kit Purge de freins<\/strong> est compos\u00e9 d&#8217;un ensemble d&#8217;accessoires et d&#8217;embouts m\u00e9talliques permettant de r\u00e9aliser la purge de vos freins hydrauliques. Une petite bouteille d&#8217;huile min\u00e9rale est \u00e9galement fournie.<\/p>\n<p>Ce kit de purge et la fiole d&#8217;huile min\u00e9rale vous permettra de purger vos freins hydrauliques. Ideal pour les freins NUTT, ZOOM, SHIMANO, et autres.<\/p>\n<p><strong>Vous pouvez \u00e9galement acheter une fiole d&#8217;huile min\u00e9rale suppl\u00e9mentaire ici :\u00a0<a href=\"https:\/\/dualtron-store.com\/index.php\/produit\/huile-minerale-de-frein-zoom-nutt\/\">https:\/\/dualtron-store.com\/index.php\/produit\/huile-minerale-de-frein-zoom-nutt\/<\/a><\/strong><\/p>\n<h2><strong>Photo du KIT de Purge<\/strong><\/h2>\n<p><a href=\"https:\/\/dualtron-store.com\/wp-content\/uploads\/2021\/11\/Sans-titre-33.png\"><img loading=\"lazy\" class=\"alignnone size-medium wp-image-87730\" src=\"https:\/\/dualtron-store.com\/wp-content\/uploads\/2021\/11\/Sans-titre-33-300x300.png\" alt=\"\" width=\"300\" height=\"300\" \/><\/a><\/p>\n<p><a href=\"https:\/\/dualtron-store.com\/wp-content\/uploads\/2021\/11\/Sans-titre-2-e1710931473798.png\"><img loading=\"lazy\" class=\"alignnone size-medium wp-image-73986\" src=\"https:\/\/dualtron-store.com\/wp-content\/uploads\/2021\/11\/Sans-titre-2-289x300.png\" alt=\"\" width=\"289\" height=\"300\" \/><\/a><\/p>\n<p>&nbsp;<\/p>\n<p>&nbsp;<\/p>\n<h2><strong>Tuto pour r\u00e9aliser la purge de vos freins<\/strong><\/h2>\n<p><iframe loading=\"lazy\" title=\"TUTO PURGE DE FREIN DUALTRON\" width=\"1140\" height=\"641\" src=\"https:\/\/www.youtube.com\/embed\/XtDSYRRb2nU?feature=oembed\" frameborder=\"0\" allow=\"accelerometer; autoplay; clipboard-write; encrypted-media; gyroscope; picture-in-picture; web-share\" referrerpolicy=\"strict-origin-when-cross-origin\" allowfullscreen><\/iframe><\/p>\n<p><iframe loading=\"lazy\" title=\"Tuto re\u0301paration durite de frein trottinette Dualtron - trottinette \u00e9lectrique\" width=\"1140\" height=\"641\" src=\"https:\/\/www.youtube.com\/embed\/rbWFf1jEsz0?feature=oembed\" frameborder=\"0\" allow=\"accelerometer; autoplay; clipboard-write; encrypted-media; gyroscope; picture-in-picture; web-share\" referrerpolicy=\"strict-origin-when-cross-origin\" allowfullscreen><\/iframe><\/p>\n","protected":false},"excerpt":{"rendered":"<p><strong>Le Kit Purge de freins est indispensable pour entretenir les freins hydrauliques de votre trottinette \u00e9lectrique ou de votre v\u00e9lo.<\/strong> Ce kit de purge est fourni avec une fiole d&#8217;huile min\u00e9rale permettant de purger vos freins hydrauliques \u00a0NUTT, ZOOM, SHIMANO, etc&#8230;<\/p>\n<p><strong>Les embouts pr\u00e9sents dans ce kit sont m\u00e9talliques. Attention, <\/strong>d&#8217;autres kits existent et peuvent \u00eatre moins cher mais sont dot\u00e9s d&#8217;embouts en plastique.<\/p>\n<p><span style=\"color: #800080;\"><strong>Offre : Huile offerte !\u00a0<\/strong><\/span><\/p>\n","protected":false},"featured_media":87735,"comment_status":"open","ping_status":"closed","template":"","meta":{"om_disable_all_campaigns":false,"_mi_skip_tracking":false,"_monsterinsights_sitenote_active":false,"_monsterinsights_sitenote_note":"","_monsterinsights_sitenote_category":0},"product_cat":[17],"product_tag":[],"aioseo_notices":[],"_links":{"self":[{"href":"https:\/\/dualtron-store.com\/index.php\/wp-json\/wp\/v2\/product\/39016"}],"collection":[{"href":"https:\/\/dualtron-store.com\/index.php\/wp-json\/wp\/v2\/product"}],"about":[{"href":"https:\/\/dualtron-store.com\/index.php\/wp-json\/wp\/v2\/types\/product"}],"replies":[{"embeddable":true,"href":"https:\/\/dualtron-store.com\/index.php\/wp-json\/wp\/v2\/comments?post=39016"}],"wp:featuredmedia":[{"embeddable":true,"href":"https:\/\/dualtron-store.com\/index.php\/wp-json\/wp\/v2\/media\/87735"}],"wp:attachment":[{"href":"https:\/\/dualtron-store.com\/index.php\/wp-json\/wp\/v2\/media?parent=39016"}],"wp:term":[{"taxonomy":"product_cat","embeddable":true,"href":"https:\/\/dualtron-store.com\/index.php\/wp-json\/wp\/v2\/product_cat?post=39016"},{"taxonomy":"product_tag","embeddable":true,"href":"https:\/\/dualtron-store.com\/index.php\/wp-json\/wp\/v2\/product_tag?post=39016"}],"curies":[{"name":"wp","href":"https:\/\/api.w.org\/{rel}","templated":true}]}}