{"id":38798,"date":"2021-11-17T15:09:02","date_gmt":"2021-11-17T14:09:02","guid":{"rendered":"https:\/\/dualtron-store.com\/?post_type=product&#038;p=38798"},"modified":"2026-02-09T18:01:07","modified_gmt":"2026-02-09T17:01:07","slug":"roulement-thunder","status":"publish","type":"product","link":"https:\/\/dualtron-store.com\/index.php\/produit\/roulement-thunder\/","title":{"rendered":"Lot de 2 Roulement Moteur Dualtron Thunder"},"content":{"rendered":"<p>Roulement \u00e0 bille \u00e9tanche pour moteur de trottinette \u00e9lectrique Dualtron Thunder.<\/p>\n<p>&nbsp;<\/p>\n","protected":false},"excerpt":{"rendered":"<p>kit roulement 6202-6004<\/p>\n<p>(pour 1 moteur)<\/p>\n","protected":false},"featured_media":94318,"comment_status":"open","ping_status":"closed","template":"","meta":{"om_disable_all_campaigns":false,"_mi_skip_tracking":false,"_monsterinsights_sitenote_active":false,"_monsterinsights_sitenote_note":"","_monsterinsights_sitenote_category":0},"product_cat":[526,617,274,18,51],"product_tag":[],"aioseo_notices":[],"_links":{"self":[{"href":"https:\/\/dualtron-store.com\/index.php\/wp-json\/wp\/v2\/product\/38798"}],"collection":[{"href":"https:\/\/dualtron-store.com\/index.php\/wp-json\/wp\/v2\/product"}],"about":[{"href":"https:\/\/dualtron-store.com\/index.php\/wp-json\/wp\/v2\/types\/product"}],"replies":[{"embeddable":true,"href":"https:\/\/dualtron-store.com\/index.php\/wp-json\/wp\/v2\/comments?post=38798"}],"wp:featuredmedia":[{"embeddable":true,"href":"https:\/\/dualtron-store.com\/index.php\/wp-json\/wp\/v2\/media\/94318"}],"wp:attachment":[{"href":"https:\/\/dualtron-store.com\/index.php\/wp-json\/wp\/v2\/media?parent=38798"}],"wp:term":[{"taxonomy":"product_cat","embeddable":true,"href":"https:\/\/dualtron-store.com\/index.php\/wp-json\/wp\/v2\/product_cat?post=38798"},{"taxonomy":"product_tag","embeddable":true,"href":"https:\/\/dualtron-store.com\/index.php\/wp-json\/wp\/v2\/product_tag?post=38798"}],"curies":[{"name":"wp","href":"https:\/\/api.w.org\/{rel}","templated":true}]}}