{"id":38600,"date":"2021-11-08T10:55:00","date_gmt":"2021-11-08T09:55:00","guid":{"rendered":"https:\/\/dualtron-store.com\/?post_type=product&#038;p=38600"},"modified":"2026-04-23T10:59:14","modified_gmt":"2026-04-23T08:59:14","slug":"dualtron-storm-ltd-limited-version","status":"publish","type":"product","link":"https:\/\/dualtron-store.com\/index.php\/produit\/dualtron-storm-ltd-limited-version\/","title":{"rendered":"Dualtron Storm LTD &#8211; Limited version"},"content":{"rendered":"<h2><strong>La\u00a0Dualtron Storm LTD &#8211; une version &#8220;limited&#8221;<\/strong><\/h2>\n<p>La <strong>Dualtron Storm<\/strong>\u00a0<strong>LTD est version am\u00e9lior\u00e9e de la fameuse\u00a0Dualtron Storm.<\/strong> Bas\u00e9 sur le ch\u00e2ssis \u00e9prouv\u00e9 de la Dualtron Storm, elle dispose d&#8217;une \u00e9lectronique et d&#8217;une batterie en 84V. de pneus en 11 pouces anti crevaison, du fingerprint ( d\u00e9marrage \u00e0 lecteur d&#8217;empreintes digitales), d&#8217;un amortisseur de direction sign\u00e9 MiniMotors.<\/p>\n<p><strong>Cette \u00e9volution de puissance et le niveau d&#8217;\u00e9quipement de s\u00e9rie font de la Dualtron Storm LTD le fleuron de notre marque !\u00a0<\/strong><\/p>\n<p>&nbsp;<\/p>\n<h2><strong>Batterie 84V 45 ah .<\/strong><\/h2>\n<p>La Dualtron Storm LTD dispose\u00a0<strong>batterie LG 21700 84V 45Ah<\/strong>. Cette grosse batterie vous offre <strong>une autonomie de plus de 100 km tout en utilisant sa puissance monstrueuse. <\/strong>Vous pourrez ainsi partir de longues heures sans vous soucier de son niveau de charge.<\/p>\n<p>&nbsp;<\/p>\n<h2><strong>Des pneus en 11 pouces increvables<\/strong><\/h2>\n<p>La <strong>Dualtron Storm LTD<\/strong> est la premi\u00e8re Dualtron \u00e9quip\u00e9e de pneus 12 pouces . Ces nouveaux pneus disposent d&#8217;un profil arrondi ( similaire aux pneus PMT \u00a0) pour une adh\u00e9rence optimale dans les courbes .<\/p>\n<p>Au m\u00eame titre que les pneus de la Dualtron Thunder 2, ces nouveaux pneus 11 pouces sont increvables. Cette technologie r\u00e9volutionnaire permet d&#8217;avoir le confort d&#8217;un pneu tubeless \u00e0 air sans risque de crevaison.<\/p>\n<p><iframe loading=\"lazy\" title=\"Dualtron Storm Limited , une thunder 3 XXL ?? Pr\u00e9sentation par Dualtron Store \" width=\"1140\" height=\"641\" src=\"https:\/\/www.youtube.com\/embed\/bcMTYLxlqLg?feature=oembed\" frameborder=\"0\" allow=\"accelerometer; autoplay; clipboard-write; encrypted-media; gyroscope; picture-in-picture; web-share\" referrerpolicy=\"strict-origin-when-cross-origin\" allowfullscreen><\/iframe><\/p>\n<h2><strong>La fiche technique :\u00a0<\/strong><\/h2>\n<p><strong>Batterie\u00a0:<\/strong> LG 21700 &#8211; 45 ah<\/p>\n<p><strong>Puissance \u00a0:<\/strong> 11500W<\/p>\n<p><strong>Freinage\u00a0:<\/strong> freins NUTT 160 mm hydrauliques\u00a0avant et arri\u00e8re<\/p>\n<p><strong>Vitesse max\u00a0:<\/strong> 25 km\/h ou plus de 100 km\/h sur voie priv\u00e9e en mode d\u00e9brid\u00e9e.<\/p>\n<p><strong>Roues\u00a0:<\/strong> 11&#8243; tubeless anti crevaison<\/p>\n<p><strong>Suspensions\u00a0:<\/strong>\u00a0cartouche de suspension &#8216;interchangeable&#8217; \u00e0 l\u2019avant et \u00e0 l\u2019arri\u00e8re<\/p>\n<p><strong>Dispositif d\u2019\u00e9clairage :<\/strong>\u00a0Colonne lumineuse, feus avant et arri\u00e8res, warning.<\/p>\n<p>&nbsp;<\/p>\n<h2><strong>Pourquoi acheter la Dualtron Storm LTD chez DUALTRON Store ?<\/strong><\/h2>\n<p><strong>DUALTRON Store, boutique\u00a0officielle de la marque,<\/strong>\u00a0dispose \u00e0 son catalogue l&#8217;ensemble des trottinettes \u00e9lectriques du Fabricant Minimotors ( Dualtron, Futecher et Speedway) et\u00a0vous offre un service <strong>PREMIUM<\/strong> .<\/p>\n<p>Avant remise au client ou exp\u00e9dition, La <strong>Dualtron Storm LTD\u00a0<\/strong>passera par l&#8217;atelier et\u00a0sera contr\u00f4l\u00e9e et r\u00e9gl\u00e9e suivant vos attentes (bridage ou pas, r\u00e9glage du niveau de puissance, montage d&#8217;accessoires, installation d&#8217;accessoires de customisation, &#8230;).<\/p>\n<p>Vous pouvez nous joindre au <strong><em>07 61 87 64 04<\/em><\/strong> ou au <strong><em>06 95 90 31 91<\/em><\/strong> afin de vous apporter plus de renseignement sur cette <strong>Dualtron<\/strong>\u00a0<strong>Storm LTD.<\/strong><\/p>\n<p>&nbsp;<\/p>\n","protected":false},"excerpt":{"rendered":"<p><img loading=\"lazy\" class=\"alignnone wp-image-614\" src=\"https:\/\/dualtron-store.com\/wp-content\/uploads\/2018\/06\/dulatron.png\" alt=\"\" width=\"246\" height=\"52\" \/><\/p>\n<p>La <strong>Dualtron Storm<\/strong>\u00a0<strong>LTD<\/strong> est la trottinette \u00e9lectrique la plus puissante de la gamme Dualtron. Disposant de contr\u00f4leurs et d&#8217;une batterie en 84V, elle d\u00e9veloppe une puissance de <strong>11500 W. <\/strong>Cette\u00a0<strong>Dualtron Storm LTD\u00a0<\/strong>se positionne dans la cat\u00e9gorie des trottinettes\u00a0\u00e9lectriques les plus puissantes au monde.<\/p>\n<p>Niveau \u00e9quipement, elle dispose de s\u00e9rie d&#8217;un amortisseur de direction, d&#8217;un chargeur rapide, de clignotants et d&#8217;un Klaxon.<\/p>\n<p><span style=\"color: #0000ff;\"><strong>Possibilit\u00e9 de paiement en 3X ou 4X par Carte Bancaire sans frais ou en 10X \u00e0 60X.<\/strong><\/span><\/p>\n<p><strong><span style=\"color: #993366;\">En stock (tr\u00e8s limit\u00e9).\u00a0Exp\u00e9dition\u00a0rapide.<\/span><\/strong><\/p>\n<p><strong><span style=\"color: #000000;\">N&#8217;h\u00e9sitez pas \u00e0 nous contactez au 06 95 90 31 91.<\/span><\/strong><\/p>\n","protected":false},"featured_media":86379,"comment_status":"open","ping_status":"closed","template":"","meta":{"om_disable_all_campaigns":false,"_mi_skip_tracking":false,"_monsterinsights_sitenote_active":false,"_monsterinsights_sitenote_note":"","_monsterinsights_sitenote_category":0},"product_cat":[20,38],"product_tag":[],"aioseo_notices":[],"_links":{"self":[{"href":"https:\/\/dualtron-store.com\/index.php\/wp-json\/wp\/v2\/product\/38600"}],"collection":[{"href":"https:\/\/dualtron-store.com\/index.php\/wp-json\/wp\/v2\/product"}],"about":[{"href":"https:\/\/dualtron-store.com\/index.php\/wp-json\/wp\/v2\/types\/product"}],"replies":[{"embeddable":true,"href":"https:\/\/dualtron-store.com\/index.php\/wp-json\/wp\/v2\/comments?post=38600"}],"wp:featuredmedia":[{"embeddable":true,"href":"https:\/\/dualtron-store.com\/index.php\/wp-json\/wp\/v2\/media\/86379"}],"wp:attachment":[{"href":"https:\/\/dualtron-store.com\/index.php\/wp-json\/wp\/v2\/media?parent=38600"}],"wp:term":[{"taxonomy":"product_cat","embeddable":true,"href":"https:\/\/dualtron-store.com\/index.php\/wp-json\/wp\/v2\/product_cat?post=38600"},{"taxonomy":"product_tag","embeddable":true,"href":"https:\/\/dualtron-store.com\/index.php\/wp-json\/wp\/v2\/product_tag?post=38600"}],"curies":[{"name":"wp","href":"https:\/\/api.w.org\/{rel}","templated":true}]}}