{"id":38387,"date":"2021-11-01T12:40:51","date_gmt":"2021-11-01T11:40:51","guid":{"rendered":"https:\/\/dualtron-store.com\/?post_type=product&#038;p=38387"},"modified":"2024-11-18T13:32:42","modified_gmt":"2024-11-18T12:32:42","slug":"dualtron-thunder-2021-avec-accessoires","status":"publish","type":"product","link":"https:\/\/dualtron-store.com\/index.php\/produit\/dualtron-thunder-2021-avec-accessoires\/","title":{"rendered":"Dualtron Thunder 2021 avec controleurs X"},"content":{"rendered":"<h2><strong>La\u00a0Dualtron Thunder 2021<\/strong><\/h2>\n<p>A l&#8217;\u00e9coute des utilisateurs, Minimotors a fait \u00e9volu\u00e9 son produit phare. Cette Dualtron Thunder 2021, bas\u00e9e sur le mod\u00e8le pr\u00e9c\u00e9dent, dispose d&#8217;une \u00e9volution majeure : un nouveau folding<\/p>\n<h2><strong>Nouvelle colonne de direction et collier double<\/strong><\/h2>\n<p>La principale \u00e9volution concerne l&#8217;avant de la trottinette : cette Thunder 2021 est \u00e9quip\u00e9e de la nouvelle colonne et du collier double que l&#8217;on retrouve actuellement sur la Dualtron Storm ou la Dualtron Victor.<\/p>\n<h2><strong>Nouvelle cellules LG pour la batterie<\/strong><\/h2>\n<p>La batterie 60V 35 ah de marque LG est d\u00e9sormais assembl\u00e9e avec des cellules 21700 de derni\u00e8re g\u00e9n\u00e9ration.<\/p>\n<h2><strong>La fiche technique<\/strong><\/h2>\n<p><strong>Batterie\u00a0:<\/strong>\u00a0LG 60V &#8211; 35 ah &#8211; cellules 21700<\/p>\n<p><strong>Puissance \u00a0:<\/strong>\u00a05400 W maximum<\/p>\n<p><strong>Freinage\u00a0:<\/strong> \u00a0Freins disques avant et arri\u00e8re hydraulique NUTT + freinage \u00e9lectrique \u00e0 r\u00e9cup\u00e9ration d&#8217;\u00e9nergie,<\/p>\n<p><strong>Vitesse max\u00a0:<\/strong> 25 km\/h ou 85 km\/h sur voie priv\u00e9e<\/p>\n<p><strong>Roues\u00a0:<\/strong> 11 pouces \u2013 pneus tubeless<\/p>\n<p><strong>Suspensions\u00a0:<\/strong>\u00a0cartouche de suspension &#8216;interchangeable&#8217; \u00e0 l\u2019avant et \u00e0 l\u2019arri\u00e8re<\/p>\n<p><strong>Dispositif d\u2019\u00e9clairage :<\/strong>\u00a0Colonne lumineuse, feus avant et arri\u00e8res, warning.<\/p>\n<p>&nbsp;<\/p>\n<h2><strong>Pourquoi acheter la Dualtron Thunder 2021 chez DUALTRON Store ?<\/strong><\/h2>\n<p><strong>DUALTRON Store, boutique\u00a0officielle de la marque,<\/strong>\u00a0dispose \u00e0 son catalogue l&#8217;ensemble des trottinettes \u00e9lectriques du Fabricant Minimotors ( Dualtron, Futecher et Speedway) et\u00a0vous offre un service <strong>PREMIUM<\/strong> .<\/p>\n<p>Avant remise au client ou exp\u00e9dition, La <strong>Dualtron Thunder 2021<\/strong>\u00a0passera par l&#8217;atelier et\u00a0sera contr\u00f4l\u00e9e et r\u00e9gl\u00e9e suivant vos attentes (bridage ou pas, r\u00e9glage du niveau de puissance, montage d&#8217;accessoires, installation d&#8217;accessoires de customisation, &#8230;).<\/p>\n<p>Vous pouvez nous joindre au 07 61 87 64 04 ou au 06 95 90 31 91 afin de vous apporter plus de renseignement sur cette <strong>Dualtron Thunder 2021<\/strong>.<\/p>\n<p>&nbsp;<\/p>\n","protected":false},"excerpt":{"rendered":"<p><img loading=\"lazy\" class=\"alignnone wp-image-614\" src=\"https:\/\/dualtron-store.com\/wp-content\/uploads\/2018\/06\/dulatron.png\" alt=\"\" width=\"246\" height=\"52\" \/><\/p>\n<p><strong>La Dualtron thunder 2021 dispose d une mise \u00e0 jour de la colonne et du syst\u00e8me de pliage : nouveau swing arm et collier double de s\u00e9rie . \u00c9volution \u00e9galement au <span style=\"color: #000080;\">niveau<\/span> de la batterie : on passe \u00e0 des cellules LG de derni\u00e8re g\u00e9n\u00e9ration ( 21700).<\/strong><\/p>\n<p><strong><span style=\"color: #800080;\">Dualtron\u00a0Thunder 2021 avec cale pied arri\u00e8re de thunder 2 +\u00a0contr\u00f4leurs 50A de\u00a0<span style=\"caret-color: #800080;\">Dualtron X<\/span>:\u00a0<\/span><br \/>\n<\/strong><b><span style=\"color: #800080;\">tarif : 3190 euros. \u00a0Service de pr\u00e9paration et envoi gratuit .<\/span><\/b><\/p>\n","protected":false},"featured_media":37922,"comment_status":"open","ping_status":"closed","template":"","meta":{"om_disable_all_campaigns":false,"_mi_skip_tracking":false,"_monsterinsights_sitenote_active":false,"_monsterinsights_sitenote_note":"","_monsterinsights_sitenote_category":0},"product_cat":[20,38],"product_tag":[],"aioseo_notices":[],"_links":{"self":[{"href":"https:\/\/dualtron-store.com\/index.php\/wp-json\/wp\/v2\/product\/38387"}],"collection":[{"href":"https:\/\/dualtron-store.com\/index.php\/wp-json\/wp\/v2\/product"}],"about":[{"href":"https:\/\/dualtron-store.com\/index.php\/wp-json\/wp\/v2\/types\/product"}],"replies":[{"embeddable":true,"href":"https:\/\/dualtron-store.com\/index.php\/wp-json\/wp\/v2\/comments?post=38387"}],"wp:featuredmedia":[{"embeddable":true,"href":"https:\/\/dualtron-store.com\/index.php\/wp-json\/wp\/v2\/media\/37922"}],"wp:attachment":[{"href":"https:\/\/dualtron-store.com\/index.php\/wp-json\/wp\/v2\/media?parent=38387"}],"wp:term":[{"taxonomy":"product_cat","embeddable":true,"href":"https:\/\/dualtron-store.com\/index.php\/wp-json\/wp\/v2\/product_cat?post=38387"},{"taxonomy":"product_tag","embeddable":true,"href":"https:\/\/dualtron-store.com\/index.php\/wp-json\/wp\/v2\/product_tag?post=38387"}],"curies":[{"name":"wp","href":"https:\/\/api.w.org\/{rel}","templated":true}]}}