{"id":38173,"date":"2021-10-25T15:26:27","date_gmt":"2021-10-25T13:26:27","guid":{"rendered":"https:\/\/dualtron-store.com\/?post_type=product&#038;p=38173"},"modified":"2025-11-22T16:58:00","modified_gmt":"2025-11-22T15:58:00","slug":"poignee-arriere-futecher","status":"publish","type":"product","link":"https:\/\/dualtron-store.com\/index.php\/produit\/poignee-arriere-futecher\/","title":{"rendered":"Poign\u00e9e arri\u00e8re Futecher"},"content":{"rendered":"","protected":false},"excerpt":{"rendered":"<p>Cette poign\u00e9e, plac\u00e9e \u00e0 l&#8217;arri\u00e8re de la trottinette, offre une prise confortable pour faciliter le transport ou le d\u00e9placement manuel de la trottinette lorsque celle-ci n&#8217;est pas utilis\u00e9e.<\/p>\n","protected":false},"featured_media":86634,"comment_status":"open","ping_status":"closed","template":"","meta":{"om_disable_all_campaigns":false,"_mi_skip_tracking":false,"_monsterinsights_sitenote_active":false,"_monsterinsights_sitenote_note":"","_monsterinsights_sitenote_category":0},"product_cat":[324,18],"product_tag":[],"aioseo_notices":[],"_links":{"self":[{"href":"https:\/\/dualtron-store.com\/index.php\/wp-json\/wp\/v2\/product\/38173"}],"collection":[{"href":"https:\/\/dualtron-store.com\/index.php\/wp-json\/wp\/v2\/product"}],"about":[{"href":"https:\/\/dualtron-store.com\/index.php\/wp-json\/wp\/v2\/types\/product"}],"replies":[{"embeddable":true,"href":"https:\/\/dualtron-store.com\/index.php\/wp-json\/wp\/v2\/comments?post=38173"}],"wp:featuredmedia":[{"embeddable":true,"href":"https:\/\/dualtron-store.com\/index.php\/wp-json\/wp\/v2\/media\/86634"}],"wp:attachment":[{"href":"https:\/\/dualtron-store.com\/index.php\/wp-json\/wp\/v2\/media?parent=38173"}],"wp:term":[{"taxonomy":"product_cat","embeddable":true,"href":"https:\/\/dualtron-store.com\/index.php\/wp-json\/wp\/v2\/product_cat?post=38173"},{"taxonomy":"product_tag","embeddable":true,"href":"https:\/\/dualtron-store.com\/index.php\/wp-json\/wp\/v2\/product_tag?post=38173"}],"curies":[{"name":"wp","href":"https:\/\/api.w.org\/{rel}","templated":true}]}}