{"id":38159,"date":"2021-10-25T11:45:15","date_gmt":"2021-10-25T09:45:15","guid":{"rendered":"https:\/\/dualtron-store.com\/?post_type=product&#038;p=38159"},"modified":"2026-04-23T16:36:50","modified_gmt":"2026-04-23T14:36:50","slug":"support-telephone-gub","status":"publish","type":"product","link":"https:\/\/dualtron-store.com\/index.php\/produit\/support-telephone-gub\/","title":{"rendered":"Support t\u00e9l\u00e9phone Gub Pro 3"},"content":{"rendered":"","protected":false},"excerpt":{"rendered":"<p>Le support t\u00e9l\u00e9phone <strong>Gub Pro 3<\/strong> est tr\u00e8s pratique pour les utilisateurs de trottinettes \u00e9lectriques DUALTRON et autres.<\/p>\n<p>Robuste et dot\u00e9\u00a0d&#8217;un excellent rapport qualit\u00e9 \/ prix, ce support s\u00e9curise votre t\u00e9l\u00e9phone tout en vous permettant un acc\u00e8s facile \u00e0 votre GPS, \u00e0 la musique ou aux applications de suivi de trajet. Il s&#8217;installe facilement sur le guidon de votre trottinette et offre une excellente stabilit\u00e9 pour que vous puissiez rester connect\u00e9 en toute s\u00e9curit\u00e9.<\/p>\n<p>Le support t\u00e9l\u00e9phone <strong>Gub pro 3<\/strong> est un des accessoires les plus pris\u00e9s par les utilisateurs de trottinettes \u00e9lectrique.<\/p>\n<p>Il est disponible en noir ou en rouge.<\/p>\n","protected":false},"featured_media":54338,"comment_status":"open","ping_status":"closed","template":"","meta":{"om_disable_all_campaigns":false,"_mi_skip_tracking":false,"_monsterinsights_sitenote_active":false,"_monsterinsights_sitenote_note":"","_monsterinsights_sitenote_category":0},"product_cat":[18,17],"product_tag":[],"aioseo_notices":[],"_links":{"self":[{"href":"https:\/\/dualtron-store.com\/index.php\/wp-json\/wp\/v2\/product\/38159"}],"collection":[{"href":"https:\/\/dualtron-store.com\/index.php\/wp-json\/wp\/v2\/product"}],"about":[{"href":"https:\/\/dualtron-store.com\/index.php\/wp-json\/wp\/v2\/types\/product"}],"replies":[{"embeddable":true,"href":"https:\/\/dualtron-store.com\/index.php\/wp-json\/wp\/v2\/comments?post=38159"}],"wp:featuredmedia":[{"embeddable":true,"href":"https:\/\/dualtron-store.com\/index.php\/wp-json\/wp\/v2\/media\/54338"}],"wp:attachment":[{"href":"https:\/\/dualtron-store.com\/index.php\/wp-json\/wp\/v2\/media?parent=38159"}],"wp:term":[{"taxonomy":"product_cat","embeddable":true,"href":"https:\/\/dualtron-store.com\/index.php\/wp-json\/wp\/v2\/product_cat?post=38159"},{"taxonomy":"product_tag","embeddable":true,"href":"https:\/\/dualtron-store.com\/index.php\/wp-json\/wp\/v2\/product_tag?post=38159"}],"curies":[{"name":"wp","href":"https:\/\/api.w.org\/{rel}","templated":true}]}}