{"id":34915,"date":"2021-07-04T22:33:45","date_gmt":"2021-07-04T20:33:45","guid":{"rendered":"https:\/\/dualtron-store.com\/?post_type=product&#038;p=34915"},"modified":"2026-02-04T00:05:12","modified_gmt":"2026-02-03T23:05:12","slug":"dualtron-thunder-2021","status":"publish","type":"product","link":"https:\/\/dualtron-store.com\/index.php\/produit\/dualtron-thunder-2021\/","title":{"rendered":"Dualtron Thunder 2021 evolution"},"content":{"rendered":"<h2><strong>La\u00a0Dualtron Thunder 2021<\/strong><\/h2>\n<p>A l&#8217;\u00e9coute des utilisateurs, Minimotors a fait \u00e9voluer son produit phare. Cette Dualtron Thunder 2021, bas\u00e9e sur le mod\u00e8le pr\u00e9c\u00e9dent, dispose d&#8217;une \u00e9volution majeure : un nouveau syst\u00e8me de pliage r\u00e9volutionnaire. En combinant la puissance de sa conception initiale avec cette nouvelle fonctionnalit\u00e9, Minimotors offre aux passionn\u00e9s de trottinettes \u00e9lectriques une exp\u00e9rience encore plus pratique et adaptable \u00e0 leur mode de vie. Le nouveau folding, \u00e0 la fois intuitif et robuste, simplifie le processus de rangement et de transport, ajoutant une dimension de praticit\u00e9 \u00e0 la puissance in\u00e9gal\u00e9e de la Dualtron Thunder. Red\u00e9finissez vos d\u00e9placements avec cette version am\u00e9lior\u00e9e, o\u00f9 l&#8217;innovation r\u00e9pond directement aux besoins des utilisateurs.<\/p>\n<h2><strong>Nouvelle colonne de direction et collier double<\/strong><\/h2>\n<p>Attentif aux retours des utilisateurs, Minimotors a fait \u00e9voluer son produit phare. La Dualtron Thunder 2021, bas\u00e9e sur le mod\u00e8le pr\u00e9c\u00e9dent, se distingue par une \u00e9volution majeure au niveau de l&#8217;avant de la trottinette. Elle est d\u00e9sormais \u00e9quip\u00e9e de la nouvelle colonne et du collier double, des \u00e9l\u00e9ments d\u00e9j\u00e0 pr\u00e9sents sur des mod\u00e8les renomm\u00e9s tels que la Dualtron Storm ou la Dualtron Victor. Cette innovation renforce la stabilit\u00e9 et la s\u00e9curit\u00e9, offrant aux utilisateurs une exp\u00e9rience de conduite encore plus fiable et ma\u00eetris\u00e9e. La Dualtron Thunder 2021, avec ses am\u00e9liorations notables, demeure \u00e0 la pointe de la technologie, d\u00e9montrant l&#8217;engagement constant de Minimotors envers l&#8217;innovation et la satisfaction des amateurs de trottinettes \u00e9lectriques.<\/p>\n<h2><strong>Nouvelle cellules LG pour la batterie<\/strong><\/h2>\n<p>R\u00e9pondant aux attentes des utilisateurs, Minimotors a perfectionn\u00e9 son produit phare. La Dualtron Thunder 2021, bas\u00e9e sur son pr\u00e9d\u00e9cesseur, se distingue par une \u00e9volution majeure au niveau de sa batterie. Dot\u00e9e d&#8217;une puissante batterie de 60V 35Ah de la marque LG, cette version int\u00e8gre d\u00e9sormais des cellules 21700 de derni\u00e8re g\u00e9n\u00e9ration. Cette avanc\u00e9e technologique offre une performance accrue, une autonomie optimis\u00e9e et une durabilit\u00e9 exceptionnelle. Gr\u00e2ce \u00e0 cette combinaison de capacit\u00e9 de la batterie de pointe et de la technologie de cellules de nouvelle g\u00e9n\u00e9ration, la Dualtron Thunder 2021 red\u00e9finit les normes en mati\u00e8re de trottinettes \u00e9lectriques, offrant une exp\u00e9rience de conduite fiable et puissante \u00e0 chaque trajet.<\/p>\n<h2>Photo de la Dualtron Thunder 2021 \u00e9volution<\/h2>\n<p><a href=\"https:\/\/dualtron-store.com\/wp-content\/uploads\/2021\/07\/Sans-titre-3-e1700822060606.png\"><img loading=\"lazy\" class=\"alignnone size-medium wp-image-69589\" src=\"https:\/\/dualtron-store.com\/wp-content\/uploads\/2021\/07\/Sans-titre-3-e1700821998396-300x300.png\" alt=\"\" width=\"300\" height=\"300\" \/><\/a><\/p>\n<p><a href=\"https:\/\/dualtron-store.com\/wp-content\/uploads\/2021\/07\/Sans-titre-4-e1700822078235.png\"><img loading=\"lazy\" class=\"alignnone size-medium wp-image-69590\" src=\"https:\/\/dualtron-store.com\/wp-content\/uploads\/2021\/07\/Sans-titre-4-300x300.png\" alt=\"\" width=\"300\" height=\"300\" \/><\/a><\/p>\n<p><a href=\"https:\/\/dualtron-store.com\/wp-content\/uploads\/2021\/07\/Sans-titre-5.png\"><img loading=\"lazy\" class=\"alignnone size-medium wp-image-69591\" src=\"https:\/\/dualtron-store.com\/wp-content\/uploads\/2021\/07\/Sans-titre-5-300x300.png\" alt=\"\" width=\"300\" height=\"300\" \/><\/a><\/p>\n<h2><strong>La fiche technique<\/strong><\/h2>\n<p><strong>Batterie\u00a0:<\/strong>\u00a0LG 60V &#8211; 35 ah &#8211; cellules 21700<\/p>\n<p><strong>Puissance \u00a0:<\/strong>\u00a05400 W maximum<\/p>\n<p><strong>Freinage\u00a0:<\/strong> \u00a0Freins disques avant et arri\u00e8re hydraulique NUTT + freinage \u00e9lectrique \u00e0 r\u00e9cup\u00e9ration d&#8217;\u00e9nergie,<\/p>\n<p><strong>Vitesse max\u00a0:<\/strong> 25 km\/h ou 85 km\/h sur voie priv\u00e9e<\/p>\n<p><strong>Roues\u00a0:<\/strong> 11 pouces \u2013 pneus tubeless<\/p>\n<p><strong>Suspensions\u00a0:<\/strong>\u00a0cartouche de suspension &#8216;interchangeable&#8217; \u00e0 l\u2019avant et \u00e0 l\u2019arri\u00e8re<\/p>\n<p><strong>Dispositif d\u2019\u00e9clairage :<\/strong>\u00a0Colonne lumineuse, feus avant et arri\u00e8res, warning.<\/p>\n<p>&nbsp;<\/p>\n<h2><strong>Pourquoi acheter la Dualtron Thunder 2021 chez DUALTRON Store ?<\/strong><\/h2>\n<p><strong>DUALTRON Store, boutique\u00a0officielle de la marque,<\/strong>\u00a0dispose \u00e0 son catalogue l&#8217;ensemble des trottinettes \u00e9lectriques du Fabricant Minimotors ( Dualtron, Futecher et Speedway) et\u00a0vous offre un service <strong>PREMIUM<\/strong> .<\/p>\n<p>Avant remise au client ou exp\u00e9dition, La <strong>Dualtron Thunder 2021<\/strong>\u00a0passera par l&#8217;atelier et\u00a0sera contr\u00f4l\u00e9e et r\u00e9gl\u00e9e suivant vos attentes (bridage ou pas, r\u00e9glage du niveau de puissance, montage d&#8217;accessoires, installation d&#8217;accessoires de customisation, &#8230;).<\/p>\n<p>Vous pouvez nous joindre au 07 61 87 64 04 ou au 06 95 90 31 91 afin de vous apporter plus de renseignement sur cette <strong>Dualtron Thunder 2021<\/strong>.<\/p>\n<p><strong>\u00a0<\/strong><\/p>\n","protected":false},"excerpt":{"rendered":"<p><img loading=\"lazy\" class=\"alignnone wp-image-614\" src=\"https:\/\/dualtron-store.com\/wp-content\/uploads\/2018\/06\/dulatron.png\" alt=\"\" width=\"246\" height=\"52\" \/><\/p>\n<p><strong>La Dualtron thunder 2021 dispose d une mise \u00e0 jour de la colonne et du syst\u00e8me de pliage : nouveau swing arm et collier double de s\u00e9rie . \u00c9volution \u00e9galement au niveau de la batterie : on passe \u00e0 des cellules LG de derni\u00e8re g\u00e9n\u00e9ration ( 21700).<br \/>\n<span style=\"color: #800080\">Exclusivit\u00e9 Dualtron Store : Nous vous\u00a0<span>proposons en option\u00a0<\/span>le cale pied de la thunder 2 install\u00e9e sur votre\u00a0Dualtron Thunder.<\/span><\/strong><\/p>\n<p><strong><span style=\"color: #800080\"><span>En stock.<\/span><\/span><\/strong><\/p>\n<p><strong><span style=\"color: #000000\">N&#8217;h\u00e9sitez pas \u00e0 nous contactez au 07 61 87 64 04.<\/span><\/strong><\/p>\n","protected":false},"featured_media":86375,"comment_status":"open","ping_status":"closed","template":"","meta":{"om_disable_all_campaigns":false,"_mi_skip_tracking":false,"_monsterinsights_sitenote_active":false,"_monsterinsights_sitenote_note":"","_monsterinsights_sitenote_category":0},"product_cat":[20,38],"product_tag":[],"aioseo_notices":[],"_links":{"self":[{"href":"https:\/\/dualtron-store.com\/index.php\/wp-json\/wp\/v2\/product\/34915"}],"collection":[{"href":"https:\/\/dualtron-store.com\/index.php\/wp-json\/wp\/v2\/product"}],"about":[{"href":"https:\/\/dualtron-store.com\/index.php\/wp-json\/wp\/v2\/types\/product"}],"replies":[{"embeddable":true,"href":"https:\/\/dualtron-store.com\/index.php\/wp-json\/wp\/v2\/comments?post=34915"}],"wp:featuredmedia":[{"embeddable":true,"href":"https:\/\/dualtron-store.com\/index.php\/wp-json\/wp\/v2\/media\/86375"}],"wp:attachment":[{"href":"https:\/\/dualtron-store.com\/index.php\/wp-json\/wp\/v2\/media?parent=34915"}],"wp:term":[{"taxonomy":"product_cat","embeddable":true,"href":"https:\/\/dualtron-store.com\/index.php\/wp-json\/wp\/v2\/product_cat?post=34915"},{"taxonomy":"product_tag","embeddable":true,"href":"https:\/\/dualtron-store.com\/index.php\/wp-json\/wp\/v2\/product_tag?post=34915"}],"curies":[{"name":"wp","href":"https:\/\/api.w.org\/{rel}","templated":true}]}}