{"id":33790,"date":"2021-05-15T18:05:44","date_gmt":"2021-05-15T16:05:44","guid":{"rendered":"https:\/\/dualtron-store.com\/?post_type=product&#038;p=33790"},"modified":"2023-02-14T13:38:14","modified_gmt":"2023-02-14T12:38:14","slug":"pneu-pmt-slick-t41-100-55r6-5","status":"publish","type":"product","link":"https:\/\/dualtron-store.com\/index.php\/produit\/pneu-pmt-slick-t41-100-55r6-5\/","title":{"rendered":"Pneu PMT SLICK R 110\/55R6.5"},"content":{"rendered":"","protected":false},"excerpt":{"rendered":"<p>Pneu PMT tubeless haute performance. Ce pneu haut de gamme se caract\u00e9rise par une adh\u00e9rence exceptionnelle sur sol sec et permet d&#8217;obtenir des performances \u00e9lev\u00e9es.Id\u00e9al pour toutes trottinettes puissantes 11 pouces (Dualtron Thunder, Storm, Ultra 2\u2026)<\/p>\n","protected":false},"featured_media":33787,"comment_status":"open","ping_status":"closed","template":"","meta":{"om_disable_all_campaigns":false,"_mi_skip_tracking":false,"_monsterinsights_sitenote_active":false,"_monsterinsights_sitenote_note":"","_monsterinsights_sitenote_category":0},"product_cat":[272,274,279,280,18,51],"product_tag":[],"aioseo_notices":[],"_links":{"self":[{"href":"https:\/\/dualtron-store.com\/index.php\/wp-json\/wp\/v2\/product\/33790"}],"collection":[{"href":"https:\/\/dualtron-store.com\/index.php\/wp-json\/wp\/v2\/product"}],"about":[{"href":"https:\/\/dualtron-store.com\/index.php\/wp-json\/wp\/v2\/types\/product"}],"replies":[{"embeddable":true,"href":"https:\/\/dualtron-store.com\/index.php\/wp-json\/wp\/v2\/comments?post=33790"}],"wp:featuredmedia":[{"embeddable":true,"href":"https:\/\/dualtron-store.com\/index.php\/wp-json\/wp\/v2\/media\/33787"}],"wp:attachment":[{"href":"https:\/\/dualtron-store.com\/index.php\/wp-json\/wp\/v2\/media?parent=33790"}],"wp:term":[{"taxonomy":"product_cat","embeddable":true,"href":"https:\/\/dualtron-store.com\/index.php\/wp-json\/wp\/v2\/product_cat?post=33790"},{"taxonomy":"product_tag","embeddable":true,"href":"https:\/\/dualtron-store.com\/index.php\/wp-json\/wp\/v2\/product_tag?post=33790"}],"curies":[{"name":"wp","href":"https:\/\/api.w.org\/{rel}","templated":true}]}}