{"id":33784,"date":"2021-05-15T16:57:16","date_gmt":"2021-05-15T14:57:16","guid":{"rendered":"https:\/\/dualtron-store.com\/?post_type=product&#038;p=33784"},"modified":"2024-10-24T13:59:48","modified_gmt":"2024-10-24T11:59:48","slug":"pneu-pmt-radial-100-55r6-5","status":"publish","type":"product","link":"https:\/\/dualtron-store.com\/index.php\/produit\/pneu-pmt-radial-100-55r6-5\/","title":{"rendered":"Pneu PMT T41 SLICK 100\/55R6.5"},"content":{"rendered":"","protected":false},"excerpt":{"rendered":"<p>Pneu PMT tubeless haute performance. Ce pneu haut de gamme se caract\u00e9rise par une adh\u00e9rence exceptionnelle sur sol sec et permet d&#8217;obtenir des performances \u00e9lev\u00e9es.Id\u00e9al pour toutes trottinettes puissantes 11 pouces (Dualtron Thunder, Storm, Ultra 2\u2026)<\/p>\n","protected":false},"featured_media":68761,"comment_status":"open","ping_status":"closed","template":"","meta":{"om_disable_all_campaigns":false,"_mi_skip_tracking":false,"_monsterinsights_sitenote_active":false,"_monsterinsights_sitenote_note":"","_monsterinsights_sitenote_category":0},"product_cat":[272,274,279,280,326,18],"product_tag":[],"aioseo_notices":[],"_links":{"self":[{"href":"https:\/\/dualtron-store.com\/index.php\/wp-json\/wp\/v2\/product\/33784"}],"collection":[{"href":"https:\/\/dualtron-store.com\/index.php\/wp-json\/wp\/v2\/product"}],"about":[{"href":"https:\/\/dualtron-store.com\/index.php\/wp-json\/wp\/v2\/types\/product"}],"replies":[{"embeddable":true,"href":"https:\/\/dualtron-store.com\/index.php\/wp-json\/wp\/v2\/comments?post=33784"}],"wp:featuredmedia":[{"embeddable":true,"href":"https:\/\/dualtron-store.com\/index.php\/wp-json\/wp\/v2\/media\/68761"}],"wp:attachment":[{"href":"https:\/\/dualtron-store.com\/index.php\/wp-json\/wp\/v2\/media?parent=33784"}],"wp:term":[{"taxonomy":"product_cat","embeddable":true,"href":"https:\/\/dualtron-store.com\/index.php\/wp-json\/wp\/v2\/product_cat?post=33784"},{"taxonomy":"product_tag","embeddable":true,"href":"https:\/\/dualtron-store.com\/index.php\/wp-json\/wp\/v2\/product_tag?post=33784"}],"curies":[{"name":"wp","href":"https:\/\/api.w.org\/{rel}","templated":true}]}}