{"id":33316,"date":"2021-04-23T22:38:56","date_gmt":"2021-04-23T20:38:56","guid":{"rendered":"https:\/\/dualtron-store.com\/?post_type=product&#038;p=33316"},"modified":"2025-07-30T21:47:38","modified_gmt":"2025-07-30T19:47:38","slug":"jante-aluminium-speedway-leger","status":"publish","type":"product","link":"https:\/\/dualtron-store.com\/index.php\/produit\/jante-aluminium-speedway-leger\/","title":{"rendered":"Jante aluminium speedway leger"},"content":{"rendered":"","protected":false},"excerpt":{"rendered":"<p><strong>Jante aluminium pour roue avant de speedway leger.<\/strong><\/p>\n<p>La jante est compos\u00e9e de 2 demi-jantes et livr\u00e9e avec l&#8217;axe et la visserie conform\u00e9ment \u00e0 la photo.<\/p>\n","protected":false},"featured_media":86490,"comment_status":"open","ping_status":"closed","template":"","meta":{"om_disable_all_campaigns":false,"_mi_skip_tracking":false,"_monsterinsights_sitenote_active":false,"_monsterinsights_sitenote_note":"","_monsterinsights_sitenote_category":0},"product_cat":[18,51],"product_tag":[],"aioseo_notices":[],"_links":{"self":[{"href":"https:\/\/dualtron-store.com\/index.php\/wp-json\/wp\/v2\/product\/33316"}],"collection":[{"href":"https:\/\/dualtron-store.com\/index.php\/wp-json\/wp\/v2\/product"}],"about":[{"href":"https:\/\/dualtron-store.com\/index.php\/wp-json\/wp\/v2\/types\/product"}],"replies":[{"embeddable":true,"href":"https:\/\/dualtron-store.com\/index.php\/wp-json\/wp\/v2\/comments?post=33316"}],"wp:featuredmedia":[{"embeddable":true,"href":"https:\/\/dualtron-store.com\/index.php\/wp-json\/wp\/v2\/media\/86490"}],"wp:attachment":[{"href":"https:\/\/dualtron-store.com\/index.php\/wp-json\/wp\/v2\/media?parent=33316"}],"wp:term":[{"taxonomy":"product_cat","embeddable":true,"href":"https:\/\/dualtron-store.com\/index.php\/wp-json\/wp\/v2\/product_cat?post=33316"},{"taxonomy":"product_tag","embeddable":true,"href":"https:\/\/dualtron-store.com\/index.php\/wp-json\/wp\/v2\/product_tag?post=33316"}],"curies":[{"name":"wp","href":"https:\/\/api.w.org\/{rel}","templated":true}]}}