{"id":32221,"date":"2021-03-09T11:58:49","date_gmt":"2021-03-09T10:58:49","guid":{"rendered":"https:\/\/dualtron-store.com\/?post_type=product&#038;p=32221"},"modified":"2026-04-22T16:46:59","modified_gmt":"2026-04-22T14:46:59","slug":"dualtron-victor-21-ah-pro-30-ah","status":"publish","type":"product","link":"https:\/\/dualtron-store.com\/index.php\/produit\/dualtron-victor-21-ah-pro-30-ah\/","title":{"rendered":"Dualtron Victor 2026 &#8211; Ecran Ey4 connect\u00e9  + Chargeur rapide"},"content":{"rendered":"<h2><strong>Pr\u00e9sentation de la <\/strong><strong>Dualtron Victor<\/strong><\/h2>\n<p><iframe loading=\"lazy\" title=\"Dualtron Victor 2025 - meilleure trottinette \u00e9lectrique dans sa cat\u00e9gorie - une r\u00e9f\u00e9rence \u00e0 prix bas\" width=\"1140\" height=\"641\" src=\"https:\/\/www.youtube.com\/embed\/ET3xfHJ1bGM?feature=oembed\" frameborder=\"0\" allow=\"accelerometer; autoplay; clipboard-write; encrypted-media; gyroscope; picture-in-picture; web-share\" referrerpolicy=\"strict-origin-when-cross-origin\" allowfullscreen><\/iframe><\/p>\n<p><iframe loading=\"lazy\" title=\"Choisir sa Dualtron Victor 2024 - trottinette \u00e9lectrique\" width=\"1140\" height=\"641\" src=\"https:\/\/www.youtube.com\/embed\/YL8R6ivKkzM?feature=oembed\" frameborder=\"0\" allow=\"accelerometer; autoplay; clipboard-write; encrypted-media; gyroscope; picture-in-picture; web-share\" referrerpolicy=\"strict-origin-when-cross-origin\" allowfullscreen><\/iframe><\/p>\n<p>&nbsp;<\/p>\n<p><b>LA\u00a0<\/b><strong>Dualtron Victor <\/strong>rentre dans la gamme des trottinettes dualtron 10 pouces. Elle reprend les principales caract\u00e9ristiques qui font la renomm\u00e9e de Dualtron et des nouveaut\u00e9s de la derni\u00e8re g\u00e9n\u00e9ration ( Dualtron thunder 2).<\/p>\n<p>&nbsp;<\/p>\n<p><strong>Les \u00e9quipements de la Dualtron Victor<\/strong><\/p>\n<p>Cette\u00a0<strong>Dualtron Victor<\/strong>\u00a0dispose de deux moteurs brushless \u00e0 l&#8217;avant et \u00e0 l\u2019arri\u00e8re. Coupl\u00e9e \u00e0 une batterie de 60 volts et \u00e0 un contr\u00f4leur de 30 amp\u00e8res ( pour rappel, la dualtron 3 et new dispose d&#8217;un contr\u00f4leur de 27 amp\u00e8res, la dualtron eagle\/PRO dispose d&#8217;un contr\u00f4leur de 25 amp\u00e8res), La <strong>Dualtron Victor<\/strong> est la plus puissante des trottinettes 10 pouces de la gamme Dualtron. La vitesse de pointe est de plus de 75 km\/h.<\/p>\n<p>Cot\u00e9 freinage, elle\u00a0est \u00e9quip\u00e9e de freins disques avant et arri\u00e8re hydrauliques de la marque Minimotors. Comme toutes les autres Dualtron, on retrouve \u00e9galement un freinage \u00e9lectrique \u00e0 r\u00e9cup\u00e9ration d&#8217;\u00e9nergie ( KERS). Dualtron Store peut \u00e9galement vous monter en option les fameux freins NUTT que l&#8217;on retrouve sur la Dualtron Thunder.<\/p>\n<p>Au niveau du confort, on retrouve la pr\u00e9sence d amortisseurs \u00e0 l&#8217;avant et \u00e0 l&#8217;arri\u00e8re ( blocs de suspension) r\u00e9glables et &#8216;interchangeables&#8217; pour adapter la suspension au besoin et poids du pilote. Son large plateau permet une bonne aisance au niveau du positionnement des pieds. \u00a0La <strong>dualtron Victor<\/strong> est chauss\u00e9e en pneus large 3 pouces x 10 pouces tubeless<\/p>\n<p>Cot\u00e9 esth\u00e9tique, la <strong>Dualtron Victor<\/strong> est \u00e9quip\u00e9e de la fameuse colonne lumineuse.<\/p>\n<h2><strong>Les \u00e9volutions vis \u00e0 vis des autres Dualtron 10 pouces<\/strong><\/h2>\n<p>Vous\u00a0d\u00e9couvrirez que cette\u00a0<strong>Dualtron Victor <\/strong>dispose :<br \/>\n&#8211; du nouveau folding et d&#8217;un collier double (identique \u00e0 la Dualtron thunder 2),<br \/>\n&#8211; de freins hydrauliques de s\u00e9rie,<br \/>\n&#8211; d&#8217;un contr\u00f4leur de 30 amp\u00e8res,<br \/>\n&#8211; de pneus tubeless large et semi off-road avec gel anti-crevaison.<\/p>\n<p>&nbsp;<\/p>\n<h2><strong>Fonction Mono-moteur \/ bi-moteurs<\/strong><\/h2>\n<p>Les <strong>Dualtron Victor<\/strong> des derniers arrivages arrivent d\u00e9sormais en bi-moteurs permanent. Pour plus de confort et d&#8217;ergonomie, nous vous proposons de remettre en place gratuitement le mode permettant de\u00a0commuter d&#8217;un moteur \u00e0 2 moteurs . Cela vous permettra de rouler &#8216;tranquillement &#8216; lorsque vous le souhaiter et d&#8217;activer toute la puissance en appuyant sur le bouton mono\/dual pour activer les 2 moteurs. N&#8217;h\u00e9sitez pas \u00e0 nous contacter au 07 61 87 64 04 pour plus d&#8217;information .<\/p>\n<p>&nbsp;<\/p>\n<h2><strong>Temps de charge<\/strong><\/h2>\n<p>Afin d&#8217;obtenir une charge plus rapide, la <strong>Dualtron Victor<\/strong> est fournie avec un chargeur rapide ( 6,5a amp\u00e8res) en plus du chargeur classique ( 1,75 amp\u00e8res ).<\/p>\n<p>&nbsp;<\/p>\n<h2><strong>La fiche technique de la Dualtron Victor<\/strong><\/h2>\n<p><strong>Batterie\u00a0:<\/strong> 24 ah (50km) , 27 ah (60 km ) ou \u00a030 ah ( plus de 65 km)<\/p>\n<p><strong>Puissance \u00a0:<\/strong> 4000 W en cr\u00eate<\/p>\n<p><strong>Freinage\u00a0:<\/strong> \u00a0Frein hydraulique<\/p>\n<p><strong>Vitesse max\u00a0:<\/strong> 25 km\/h ou 75 km\/ sur voie priv\u00e9e<\/p>\n<p><strong>Roues\u00a0:<\/strong> Roues tubeless avec gel anti crevaison<\/p>\n<p><strong>Suspensions :<\/strong> \u00e0 cartouche \u00e0 l\u2019avant et \u00e0 l\u2019arri\u00e8re<\/p>\n<p><strong>Dispositif d\u2019\u00e9clairage :<\/strong> Phares led avant et arri\u00e8re, colonne lumineuse<\/p>\n<p>&nbsp;<\/p>\n<h2><strong>Pourquoi acheter la Dualtron Victor chez DUALTRON Store ?<\/strong><\/h2>\n<p><strong>DUALTRON Store, boutique\u00a0officielle de la marque,<\/strong>\u00a0dispose \u00e0 son catalogue l&#8217;ensemble des trottinettes \u00e9lectriques du Fabricant Minimotors ( Dualtron, Futecher et Speedway) et\u00a0vous offre un service PREMIUM .<\/p>\n<p>Nous nos attachons \u00e0 pr\u00e9parer chaque trottinette avant remise de la machine au client. Avant exp\u00e9dition, la <strong>Dualtron Victor\u00a0<\/strong>passera par l&#8217;atelier et\u00a0sera contr\u00f4l\u00e9e et r\u00e9gl\u00e9e suivant vos attentes (Mise en place du mode mono-moteur \/ bi-moteur, bridage ou pas, r\u00e9glage du niveau de puissance, montage d&#8217;accessoires, mise en place de pi\u00e8ces de customisation, &#8230;).<\/p>\n<p>Nous sommes \u00e0 disposition au 07 61 87 64 04 ou au 06 95 90 31 91 pour vous aider dans votre choix et\/ou r\u00e9pondre \u00e0 vos questions.<\/p>\n<h2><strong>La\u00a0Dualtron Victor en vid\u00e9o<\/strong><\/h2>\n<p>D\u00e9couvrez le test du &#8216; top Speed&#8217; de la dualtron Victor r\u00e9alis\u00e9 sur terrain priv\u00e9 ainsi que les accessoires de customisation.<\/p>\n<p><iframe loading=\"lazy\" title=\"Dualtron Victor - vitesse max - top speed trottinette \u00e9lectrique - piste d&#039;a\u00e9roport\" width=\"1140\" height=\"641\" src=\"https:\/\/www.youtube.com\/embed\/JbW9Pyzy8mQ?feature=oembed\" frameborder=\"0\" allow=\"accelerometer; autoplay; clipboard-write; encrypted-media; gyroscope; picture-in-picture; web-share\" referrerpolicy=\"strict-origin-when-cross-origin\" allowfullscreen><\/iframe><\/p>\n<p><iframe loading=\"lazy\" title=\"Dualtron Victor - Custom - accessoires - trottinette \u00e9lectrique\" width=\"1140\" height=\"641\" src=\"https:\/\/www.youtube.com\/embed\/5DZYMFC3CM4?feature=oembed\" frameborder=\"0\" allow=\"accelerometer; autoplay; clipboard-write; encrypted-media; gyroscope; picture-in-picture; web-share\" referrerpolicy=\"strict-origin-when-cross-origin\" allowfullscreen><\/iframe><\/p>\n","protected":false},"excerpt":{"rendered":"<p>La nouvelle version de la trottinette \u00e9lectrique Dualtron Victor 2025 pr\u00e9sente des am\u00e9liorations en terme d&#8217;\u00e9tanch\u00e9it\u00e9 et de connectivit\u00e9. Elle est \u00e9quip\u00e9e de s\u00e9rie du nouvel <strong>\u00e9cran EY4, d&#8217;une b\u00e9quille renforc\u00e9e pour une stabilit\u00e9 accrue<\/strong>,et des bandes LED lat\u00e9rales pilotables via l&#8217;application Minimotors et surtout de pneus tubeless larges semi off-road avec gel anti-crevaison.<\/p>\n<p><strong>Le chargeur rapide est fourni de s\u00e9rie ( en compl\u00e9ment du chargeur classique).<\/strong><\/p>\n<p>Possibilit\u00e9 de paiement en plusieurs fois.<\/p>\n<p><strong>Attention, stock limit\u00e9. Tarif exceptionnel \u00e0 dur\u00e9e limit\u00e9e. Cette offre concerne bien les derni\u00e8res versions\/arrivages 2026.<\/strong><\/p>\n<p>Nous sommes \u00e0 votre disposition au 07 61 87 64 04 pour toute question ou renseignement.<\/p>\n<p><strong>B\u00e9n\u00e9ficier d&#8217;une remise exceptionnelle avec le code : 2026<\/strong><\/p>\n","protected":false},"featured_media":87210,"comment_status":"open","ping_status":"closed","template":"","meta":{"om_disable_all_campaigns":false,"_mi_skip_tracking":false,"_monsterinsights_sitenote_active":false,"_monsterinsights_sitenote_note":"","_monsterinsights_sitenote_category":0},"product_cat":[20,38],"product_tag":[],"aioseo_notices":[],"_links":{"self":[{"href":"https:\/\/dualtron-store.com\/index.php\/wp-json\/wp\/v2\/product\/32221"}],"collection":[{"href":"https:\/\/dualtron-store.com\/index.php\/wp-json\/wp\/v2\/product"}],"about":[{"href":"https:\/\/dualtron-store.com\/index.php\/wp-json\/wp\/v2\/types\/product"}],"replies":[{"embeddable":true,"href":"https:\/\/dualtron-store.com\/index.php\/wp-json\/wp\/v2\/comments?post=32221"}],"wp:featuredmedia":[{"embeddable":true,"href":"https:\/\/dualtron-store.com\/index.php\/wp-json\/wp\/v2\/media\/87210"}],"wp:attachment":[{"href":"https:\/\/dualtron-store.com\/index.php\/wp-json\/wp\/v2\/media?parent=32221"}],"wp:term":[{"taxonomy":"product_cat","embeddable":true,"href":"https:\/\/dualtron-store.com\/index.php\/wp-json\/wp\/v2\/product_cat?post=32221"},{"taxonomy":"product_tag","embeddable":true,"href":"https:\/\/dualtron-store.com\/index.php\/wp-json\/wp\/v2\/product_tag?post=32221"}],"curies":[{"name":"wp","href":"https:\/\/api.w.org\/{rel}","templated":true}]}}