{"id":32090,"date":"2021-03-04T11:17:37","date_gmt":"2021-03-04T10:17:37","guid":{"rendered":"https:\/\/dualtron-store.com\/?post_type=product&#038;p=32090"},"modified":"2026-02-19T19:30:50","modified_gmt":"2026-02-19T18:30:50","slug":"cable-capteur-de-frein-dualtron-3","status":"publish","type":"product","link":"https:\/\/dualtron-store.com\/index.php\/produit\/cable-capteur-de-frein-dualtron-3\/","title":{"rendered":"c\u00e2ble capteur de frein dualtron 3"},"content":{"rendered":"","protected":false},"excerpt":{"rendered":"<p><strong>C\u00e2ble \u00e9lectrique int\u00e9grant le capteur de frein pour Dualtron 3.<\/strong><br \/>\nPi\u00e8ce d&#8217;origine MiniMotors.<\/p>\n","protected":false},"featured_media":84565,"comment_status":"open","ping_status":"closed","template":"","meta":{"om_disable_all_campaigns":false,"_mi_skip_tracking":false,"_monsterinsights_sitenote_active":false,"_monsterinsights_sitenote_note":"","_monsterinsights_sitenote_category":0},"product_cat":[18,51],"product_tag":[],"aioseo_notices":[],"_links":{"self":[{"href":"https:\/\/dualtron-store.com\/index.php\/wp-json\/wp\/v2\/product\/32090"}],"collection":[{"href":"https:\/\/dualtron-store.com\/index.php\/wp-json\/wp\/v2\/product"}],"about":[{"href":"https:\/\/dualtron-store.com\/index.php\/wp-json\/wp\/v2\/types\/product"}],"replies":[{"embeddable":true,"href":"https:\/\/dualtron-store.com\/index.php\/wp-json\/wp\/v2\/comments?post=32090"}],"wp:featuredmedia":[{"embeddable":true,"href":"https:\/\/dualtron-store.com\/index.php\/wp-json\/wp\/v2\/media\/84565"}],"wp:attachment":[{"href":"https:\/\/dualtron-store.com\/index.php\/wp-json\/wp\/v2\/media?parent=32090"}],"wp:term":[{"taxonomy":"product_cat","embeddable":true,"href":"https:\/\/dualtron-store.com\/index.php\/wp-json\/wp\/v2\/product_cat?post=32090"},{"taxonomy":"product_tag","embeddable":true,"href":"https:\/\/dualtron-store.com\/index.php\/wp-json\/wp\/v2\/product_tag?post=32090"}],"curies":[{"name":"wp","href":"https:\/\/api.w.org\/{rel}","templated":true}]}}